{"id":513,"date":"2023-09-11T11:27:10","date_gmt":"2023-09-11T08:27:10","guid":{"rendered":"http:\/\/localhost\/wordpress-6.3\/wordpress\/?page_id=513"},"modified":"2026-01-28T12:20:56","modified_gmt":"2026-01-28T10:20:56","slug":"usein-kysytyt-kysymykset-faq","status":"publish","type":"page","link":"https:\/\/wp.edico.fi\/su\/usein-kysytyt-kysymykset-faq\/","title":{"rendered":"Usein kysytyt kysymykset \u2013 UKK"},"content":{"rendered":"\n<p class=\"animated fadeIn has-large-font-size\">Edico-tilin omistaminen<\/p>\n\n\n\n<details class=\"wp-block-details animated fadeInUp is-layout-flow wp-block-details-is-layout-flow\"><summary>Miten Edico poikkeaa muista tiedostonjakopalveluista?<\/summary>\n<p class=\"has-background-secondary-background-color has-background\"><em>Edicon chat mahdollistaa paremman vuorovaikutuksen kuin muut tiedostonjakopalvelut ja Edicolla voi esitt\u00e4\u00e4 tiedostot selaimen esitystarkkuudella. Tiedostojen saatekommenteilla ja huomiov\u00e4reill\u00e4 voi antaa lis\u00e4informaatiota tiedostojen hallintaan. Palvelimemme sijaitsevat Suomessa EU-alueella.<\/em><\/p>\n<\/details>\n\n\n\n<details class=\"wp-block-details animated fadeInUp is-layout-flow wp-block-details-is-layout-flow\"><summary>Miten palvelua kehitet\u00e4\u00e4n?<\/summary>\n<p class=\"has-background-secondary-background-color has-background\"><em>Edico -palvelua kehitet\u00e4\u00e4n jatkuvasti. Mik\u00e4li sinulla on kehitysehdotuksia, voit ottaa yhteytt\u00e4 <\/em><a href=\"https:\/\/wp.edico.fi\/su\/meista\/\" data-type=\"link\" data-id=\"https:\/\/wp.edico.fi\/su\/meista\/\"><em>asiakaspalveluumm<\/em>e<\/a>.<\/p>\n<\/details>\n\n\n\n<details class=\"wp-block-details animated fadeInUp is-layout-flow wp-block-details-is-layout-flow\"><summary>Miten Edicon esitystekniikka eroaa muiden palveluiden esitystekniikoista?<\/summary>\n<p class=\"has-background-secondary-background-color has-background\"><em>Kun esit\u00e4t Edico -istuntokansion tiedostoa, kuten kuvaa, videota tai pdf-dokumenttia muille <em>samanaikaiseen istuntoon<\/em> osallistujille, n\u00e4kev\u00e4t he oman tietokoneensa ruudulla alkuper\u00e4isen tiedoston verkkoselaimen esitystarkkuudella. T\u00e4m\u00e4 patentoitu esitystekniikka on paljon laadukkaampi kuin joidenkin n\u00e4yt\u00f6n jakamiseen kehitettyjen j\u00e4rjestelmien streamaus-tekniikka. Lis\u00e4ksi se vaatii paljon v\u00e4hemm\u00e4n kaistatilaa.<\/em><\/p>\n<\/details>\n\n\n\n<details class=\"wp-block-details animated fadeInUp is-layout-flow wp-block-details-is-layout-flow\"><summary>Tarvitseeko minun rekister\u00f6ity\u00e4 liitty\u00e4kseni Edico-istuntokansioon?<\/summary>\n<p class=\"has-foreground-color has-background-secondary-background-color has-text-color has-background\"><em>Vain tilinomistaja rekister\u00f6ityy, kun h\u00e4n tilaa jonkun Edico-tuotteen tilin k\u00e4ytt\u00f6\u00f6ns\u00e4. Kun tilinomistaja kutsuu osanottajia perustamaansa istuntokansioon, niin heid\u00e4n <strong>ei tarvitse rekister\u00f6ity\u00e4<\/strong>. Heid\u00e4n tulee vain seurata kutsussa olevia liittymisohjeita.<\/em><\/p>\n<\/details>\n\n\n\n<details class=\"wp-block-details animated fadeInUp is-layout-flow wp-block-details-is-layout-flow\"><summary>Voiko Edicoa k\u00e4ytt\u00e4\u00e4 mobiililaitteilla?<\/summary>\n<p class=\"has-background-secondary-background-color has-background\"><em>Kyll\u00e4, Edico on suunniteltu k\u00e4ytett\u00e4v\u00e4ksi my\u00f6s mobiililaitteilla.<\/em><\/p>\n<\/details>\n\n\n\n<p class=\"animated fadeIn has-large-font-size\">Turvallisuus<\/p>\n\n\n\n<details class=\"wp-block-details animated fadeInUp is-layout-flow wp-block-details-is-layout-flow\"><summary>N\u00e4keek\u00f6 joku muu Edico -istuntokansiossa jakamani tiedot?<\/summary>\n<p class=\"has-foreground-color has-background-secondary-background-color has-text-color has-background\"><em>Edico-istuntokansiossa jaetut tiedot ovat vain tilinomistajan ja kutsuttujen osanottajien k\u00e4ytett\u00e4viss\u00e4. <\/em><\/p>\n<\/details>\n\n\n\n<details class=\"wp-block-details animated fadeInUp is-layout-flow wp-block-details-is-layout-flow\"><summary>Miten Edico istuntokansiossa olevat tiedostot on suojattu?<\/summary>\n<p class=\"has-background-secondary-background-color has-background\"><em>Edicon tiedostojen siirto on suojattu SSL-protokollalla ja p\u00e4\u00e4sy istuntokansioon on suojattu salasanalla.<\/em><\/p>\n<\/details>\n\n\n\n<details class=\"wp-block-details animated fadeInUp is-layout-flow wp-block-details-is-layout-flow\"><summary>Miten luottamuksellinen istuntokansio poikkeaa normaalista istuntokansiosta?<\/summary>\n<p class=\"has-background-secondary-background-color has-background\"><em>Normaali-istuntokansio antaa osallistujille tasapuoliset oikeudet ja tiedostojen n\u00e4kymisen kaikille. Luottamuksellisissa istuntokansiossa kutsutut osanottajat eiv\u00e4t n\u00e4e toistensa tiedostoja. Vain tilin k\u00e4ytt\u00e4j\u00e4t n\u00e4kev\u00e4t kaikkien kutsuttujen osanottajien lataamat tiedostot.<\/em><\/p>\n<\/details>\n\n\n\n<details class=\"wp-block-details animated fadeInUp is-layout-flow wp-block-details-is-layout-flow\"><summary>Poistuvatko tiedostot istunnon p\u00e4\u00e4ttymisen j\u00e4lkeen?<\/summary>\n<p class=\"has-background-secondary-background-color has-background\"><em>Edico Lite &#8211; kokeiluistuntokansiosta tiedostot poistuvat palvelimeltamme 48 tunnin kuluttua tai, kun istuntokansion k\u00e4ytt\u00e4j\u00e4 poistaa ne sielt\u00e4 itse ennen 48h kulumista. <\/em><br><em>Edico-tuotteissa (Edico S, Edico G, Edico C, Edico CG) tiedostot s\u00e4ilyv\u00e4t istuntokansiossa niin kauan, kun tilaus on voimassa tai, kun tilinomistaja poistaa ne.<\/em><\/p>\n<\/details>\n\n\n\n<p class=\"animated fadeIn has-large-font-size\">Osanottajien kutsuminen<\/p>\n\n\n\n<details class=\"wp-block-details animated fadeInUp is-layout-flow wp-block-details-is-layout-flow\"><summary>Kuinka voin kutsua ihmisi\u00e4 Edico-istuntokansiooni?<\/summary>\n<p class=\"has-background-secondary-background-color has-background\"><em>Kutsun voi suorittaa kolmella eri tavalla.<br><strong>1. S\u00e4hk\u00f6postikutsu Edico \u2013 istuntokansiosta<\/strong>.<br>Napauta yl\u00e4palkissa olevaa \u201dKutsu osallistujia\u201d \u2013 painiketta, jolloin samanniminen ikkuna avautuu. T\u00e4yt\u00e4 ikkunassa pyydetyt tiedot ja napauta lopuksi \u201dKutsu osallistujia\u201d \u2013 painiketta. Edico \u2013 kutsut l\u00e4htev\u00e4t nyt kaikille niille, joiden s\u00e4hk\u00f6postiosoitteet olit kirjannut ikkunaan.<\/em><br><em>L\u00e4het\u00e4 kaikille kutsutuille my\u00f6s istunnon salasana esim. tekstiviestill\u00e4 tai ilmoitus siit\u00e4, ett\u00e4 salasanaa ei tarvita. Kirjautumisohjeet kutsuttu osallistuja n\u00e4kee s\u00e4hk\u00f6postissa.<br>&nbsp;<strong>2. Kutsulinkin l\u00e4hett\u00e4minen s\u00e4hk\u00f6postilla tai tekstiviestill\u00e4.<br>&nbsp;<\/strong>Kutsulinkin l\u00f6yd\u00e4t napauttamalla istuntokansion info (i) \u2013 painiketta, joka sijaitsee istuntonumeron vieress\u00e4. Kopioi kutsulinkki ja l\u00e4het\u00e4 se s\u00e4hk\u00f6postilla tai tekstiviestill\u00e4 kutsuttaville osanottajille.&nbsp; L\u00e4het\u00e4 kaikille kutsutuille my\u00f6s istunnon salasana esim. tekstiviestill\u00e4 tai ilmoitus siit\u00e4, ett\u00e4 salasanaa ei tarvita sek\u00e4 kirjautumisohjeet.<br>&nbsp;<strong>3. Kutsuttavien kirjautuminen Edicon www \u2013 sivujen \u201dOsallistu kutsuttuna\u201d &#8211; linkin kautta.<br><\/strong>Sinun tulee l\u00e4hett\u00e4\u00e4 sopivalla tavalla istuntokansion numero, istunnon salasana tai ilmoitus siit\u00e4, ett\u00e4 salasanaa ei tarvita sek\u00e4 antaa ohjeet kirjautumisesta.<\/em><\/p>\n<\/details>\n\n\n\n<details class=\"wp-block-details animated fadeInUp is-layout-flow wp-block-details-is-layout-flow\"><summary>Mist\u00e4 tied\u00e4n, kuka liittyi istuntooni? \/ Miten n\u00e4en istuntojen osanottajat?<\/summary>\n<p class=\"has-background-secondary-background-color has-background\"><em>Edico-tilill\u00e4 n\u00e4et istuntokansioihin kirjautuneet &#8221;Osallistujat -&gt; N\u00e4yt\u00e4&#8221; -painikkeen kautta. Edicon istuntokansiossa n\u00e4et samanaikaiset osallistujat infopainikkeen kautta.<\/em><\/p>\n<\/details>\n\n\n\n<details class=\"wp-block-details animated fadeInUp is-layout-flow wp-block-details-is-layout-flow\"><summary>Miten kutsutuille ihmisille tiedotetaan?<\/summary>\n<p class=\"has-background-secondary-background-color has-background\"><em>Jos kutsuit ihmisi\u00e4 istuntoosi &#8221;Kutsu osallistujat&#8221; -painikkeen kautta, kutsutut henkil\u00f6t saavat s\u00e4hk\u00f6postin Edicolta. Jos l\u00e4het\u00e4t vain kutsulinkin, sinun on ilmoitettava siit\u00e4 osallistujille itse! Jos haluat heid\u00e4n liittyv\u00e4n istuntokansionumeron avulla www-sivujen &#8221;osallista kutsuttuna&#8221; -linkin kautta, niin ilmoita istunumero heille ja neuvo se, miten kirjautuminen tapahtuu<\/em>.<\/p>\n<\/details>\n\n\n\n<details class=\"wp-block-details animated fadeInUp is-layout-flow wp-block-details-is-layout-flow\"><summary>Mist\u00e4 tied\u00e4n, kuka liittyi istuntooni? \/ Miten n\u00e4en istuntojen osanottajat?<\/summary>\n<p class=\"has-background-secondary-background-color has-background\"><em>Edico-tilill\u00e4 n\u00e4et istuntokansioihin kirjautuneet &#8221;Osallistujat -&gt; N\u00e4yt\u00e4&#8221; -painikkeen kautta. Edicon istuntokansiossa n\u00e4et samanaikaiset osallistujat infopainikkeen kautta.<\/em><\/p>\n<\/details>\n\n\n\n<details class=\"wp-block-details animated fadeInUp is-layout-flow wp-block-details-is-layout-flow\"><summary>Voiko tiedostoja jakaa useammalle kuin kymmenelle istuntakansion osanottajalle?<\/summary>\n<p class=\"has-background-secondary-background-color has-background\"><em>Tiedostoja voi jakaa halutulle m\u00e4\u00e4r\u00e4lle osanottajia!<br>Jos pidet\u00e4\u00e4n samanaikainen istunto osanottajien kesken, niin t\u00e4ll\u00f6in aktiivisten osanottajien m\u00e4\u00e4r\u00e4 on rajoitettu kymmeneen osanottajaan.<br>Edico Lite:n samanaikaisen istunnon suurin osanottajien m\u00e4\u00e4r\u00e4 on 3.<\/em><\/p>\n<\/details>\n\n\n\n<details class=\"wp-block-details animated fadeInUp is-layout-flow wp-block-details-is-layout-flow\"><summary>Tarvitaanko Edico-istuntoon liittymiseen aina salasana?<\/summary>\n<p class=\"has-text-align-left has-background-secondary-background-color has-background\"><em>Ei tarvita aina salasanaa! Tilinomistaja voi m\u00e4\u00e4ritt\u00e4\u00e4, tarvitaanko istuntokansioon p\u00e4\u00e4syyn salasanaa vai ei<\/em>. <em>Tiedot eiv\u00e4t aina ole salaisia (esim. myynti-esittelyss\u00e4) ja silloin kutsutut osanottajat on j\u00e4rkev\u00e4\u00e4 p\u00e4\u00e4st\u00e4\u00e4 istuntokansioon ilman salasanaa.<\/em><\/p>\n<\/details>\n\n\n\n<p class=\"animated fadeIn has-large-font-size\">Ominaisuudet<\/p>\n\n\n\n<details class=\"wp-block-details animated fadeInUp is-layout-flow wp-block-details-is-layout-flow\"><summary>Kuinka monta istuntokansiota voin luoda?<\/summary>\n<p class=\"has-background-secondary-background-color has-background\"><em>Ei ole mit\u00e4\u00e4n rajaa istuntokansioiden m\u00e4\u00e4r\u00e4ss\u00e4. On kuitenkin hyv\u00e4 muistaa, ett\u00e4, jos sinulla on Edico S -tilaus, tallennustilasi rajoitus on 10 GB.<\/em><\/p>\n<\/details>\n\n\n\n<details class=\"wp-block-details animated fadeInUp is-layout-flow wp-block-details-is-layout-flow\"><summary>Poistin yhden istuntokansioistani, voinko saada sen takaisin?<\/summary>\n<p class=\"has-background-secondary-background-color has-background\"><em>Ei. Sinun tulee s\u00e4ilytt\u00e4\u00e4 ne tiedostot, jotka olet ladannut Edico- istuntokansioon, my\u00f6s omalla tietolaitteellasi.<\/em><\/p>\n<\/details>\n\n\n\n<details class=\"wp-block-details animated fadeInUp is-layout-flow wp-block-details-is-layout-flow\"><summary>Kun k\u00e4yt\u00e4t \u201dAvaa\u201d &#8211; painiketta tiedoston avaamiseen, n\u00e4kev\u00e4tk\u00f6 muut osanottajat sen sis\u00e4ll\u00f6n?<\/summary>\n<p class=\"has-background-secondary-background-color has-background\"><em>Jos avaat tiedoston, vain sin\u00e4 n\u00e4et sen istunnossa. Jos toinen henkil\u00f6 avaa saman tiedoston, h\u00e4n my\u00f6s n\u00e4kee sen. T\u00e4m\u00e4 ei tarkoita sit\u00e4, ett\u00e4 tiedosto esitet\u00e4\u00e4n kaikille osallistujille. Jos haluat kaikkien n\u00e4kev\u00e4n saman tiedoston samaan aikaan, sinun on esitett\u00e4v\u00e4 se eli asetettava &#8221;Esit\u00e4&#8221; -vaihtoehto p\u00e4\u00e4lle.<\/em><\/p>\n<\/details>\n\n\n\n<details class=\"wp-block-details animated fadeInUp is-layout-flow wp-block-details-is-layout-flow\"><summary>Word- ja excel-tiedostoni eiv\u00e4t avaudu Edicossa, miten voin avata ne?<\/summary>\n<p class=\"has-background-secondary-background-color has-background\"><em>Edico voi avata tai esitt\u00e4\u00e4 .pdf-, .ppt-, .png-, .jpg-, .txt-, .html-tiedostoja. Jos haluat avata Excel- tai Word-tiedoston, sinun on ladattava se tietokoneellesi.<\/em><\/p>\n<\/details>\n\n\n\n<details class=\"wp-block-details animated fadeInUp is-layout-flow wp-block-details-is-layout-flow\"><summary>Aloitin esityksen, kuinka voin lopettaa sen?<\/summary>\n<p class=\"has-background-secondary-background-color has-background\"><em>&#8221;Lopeta&#8221;-painike l\u00f6ytyy &#8221;Avaa\/Sulje esitysty\u00f6kalut&#8221; -valikon kautta.<\/em><\/p>\n<\/details>\n\n\n\n<details class=\"wp-block-details animated fadeInUp is-layout-flow wp-block-details-is-layout-flow\"><summary>Haluaisin esitt\u00e4\u00e4 Edicolla kollegoilleni PowerPoint-dioja tai monisivuisia pdf-dokumentteja. Miten minun pit\u00e4isi toimia?<\/summary>\n<p class=\"has-background-secondary-background-color has-background\"><em>PowerPoint-esitykset kannattaa muuttaa esimerkiksi jpg-muotoisiksi kuviksi, sen j\u00e4lkeen niiden esitt\u00e4minen onnistuu vaivatta ja laadukkaasti. Soveltuvia&nbsp; tiedostomuotoja ovat my\u00f6s muut kuvamuodot (gif, bmp ja png). Hyv\u00e4ksytt\u00e4v\u00e4 muoto on my\u00f6s pdf-dokumentti.<\/em><br><em>Monisivuisen tiedoston sivun valinta n\u00e4kym\u00e4ss\u00e4 on esityksess\u00e4 opastettava muille<\/em> osanottajille niin, ett\u00e4 kaikki osanottajat siirt\u00e4v\u00e4t oman tietolaitteensa n\u00e4ytt\u00f6\u00f6n saman sivun.<\/p>\n<\/details>\n\n\n\n<details class=\"wp-block-details animated fadeInUp is-layout-flow wp-block-details-is-layout-flow\"><summary>Miten voin v\u00e4ltt\u00e4\u00e4 monisivuisesta tiedostosta aiheutuvia n\u00e4ytt\u00f6\u00f6n liittyvi\u00e4 sekaannuksia?<\/summary>\n<p class=\"has-background-secondary-background-color has-background\"><em>Jos haluat v\u00e4ltt\u00e4\u00e4 monisivuisuudesta aiheutuvia sekaannuksia niin voit aina laittaa kuhunkin tiedostoon vain yhden sivun. T\u00e4ll\u00f6in tietenkin esitett\u00e4vien tiedostojen lukum\u00e4\u00e4r\u00e4 kasvaa.  <\/em><\/p>\n<\/details>\n","protected":false},"excerpt":{"rendered":"<p>Edico-tilin omistaminen Turvallisuus Osanottajien kutsuminen Ominaisuudet<\/p>\n","protected":false},"author":1,"featured_media":0,"parent":0,"menu_order":10,"comment_status":"closed","ping_status":"closed","template":"","meta":{"footnotes":""},"class_list":["post-513","page","type-page","status-publish","hentry"],"yoast_head":"<!-- This site is optimized with the Yoast SEO plugin v27.1.1 - https:\/\/yoast.com\/product\/yoast-seo-wordpress\/ -->\n<title>Usein kysytyt kysymykset \u2013 UKK - EDICO<\/title>\n<meta name=\"description\" content=\"Usein kysytyt kysymykset \u2013 UKK\" \/>\n<meta name=\"robots\" content=\"index, follow, max-snippet:-1, max-image-preview:large, max-video-preview:-1\" \/>\n<link rel=\"canonical\" href=\"https:\/\/wp.edico.fi\/su\/usein-kysytyt-kysymykset-faq\/\" \/>\n<meta property=\"og:locale\" content=\"fi_FI\" \/>\n<meta property=\"og:type\" content=\"article\" \/>\n<meta property=\"og:title\" content=\"Usein kysytyt kysymykset \u2013 UKK - EDICO\" \/>\n<meta property=\"og:description\" content=\"Usein kysytyt kysymykset \u2013 UKK\" \/>\n<meta property=\"og:url\" content=\"https:\/\/wp.edico.fi\/su\/usein-kysytyt-kysymykset-faq\/\" \/>\n<meta property=\"og:site_name\" content=\"EDICO\" \/>\n<meta property=\"article:modified_time\" content=\"2026-01-28T10:20:56+00:00\" \/>\n<meta name=\"twitter:card\" content=\"summary_large_image\" \/>\n<meta name=\"twitter:label1\" content=\"Arvioitu lukuaika\" \/>\n\t<meta name=\"twitter:data1\" content=\"6 minuuttia\" \/>\n<script type=\"application\/ld+json\" class=\"yoast-schema-graph\">{\"@context\":\"https:\/\/schema.org\",\"@graph\":[{\"@type\":\"WebPage\",\"@id\":\"https:\/\/wp.edico.fi\/usein-kysytyt-kysymykset-faq\/\",\"url\":\"https:\/\/wp.edico.fi\/usein-kysytyt-kysymykset-faq\/\",\"name\":\"Usein kysytyt kysymykset \u2013 UKK - EDICO\",\"isPartOf\":{\"@id\":\"https:\/\/wp.edico.fi\/#website\"},\"datePublished\":\"2023-09-11T08:27:10+00:00\",\"dateModified\":\"2026-01-28T10:20:56+00:00\",\"description\":\"Usein kysytyt kysymykset \u2013 UKK\",\"breadcrumb\":{\"@id\":\"https:\/\/wp.edico.fi\/usein-kysytyt-kysymykset-faq\/#breadcrumb\"},\"inLanguage\":\"fi\",\"potentialAction\":[{\"@type\":\"ReadAction\",\"target\":[\"https:\/\/wp.edico.fi\/usein-kysytyt-kysymykset-faq\/\"]}]},{\"@type\":\"BreadcrumbList\",\"@id\":\"https:\/\/wp.edico.fi\/usein-kysytyt-kysymykset-faq\/#breadcrumb\",\"itemListElement\":[{\"@type\":\"ListItem\",\"position\":1,\"name\":\"Etusivu\",\"item\":\"https:\/\/wp.edico.fi\/\"},{\"@type\":\"ListItem\",\"position\":2,\"name\":\"Usein kysytyt kysymykset \u2013 UKK\"}]},{\"@type\":\"WebSite\",\"@id\":\"https:\/\/wp.edico.fi\/#website\",\"url\":\"https:\/\/wp.edico.fi\/\",\"name\":\"EDICO\",\"description\":\"Turvallinen paikkasi\",\"publisher\":{\"@id\":\"https:\/\/wp.edico.fi\/#organization\"},\"potentialAction\":[{\"@type\":\"SearchAction\",\"target\":{\"@type\":\"EntryPoint\",\"urlTemplate\":\"https:\/\/wp.edico.fi\/?s={search_term_string}\"},\"query-input\":{\"@type\":\"PropertyValueSpecification\",\"valueRequired\":true,\"valueName\":\"search_term_string\"}}],\"inLanguage\":\"fi\"},{\"@type\":\"Organization\",\"@id\":\"https:\/\/wp.edico.fi\/#organization\",\"name\":\"EDICO\",\"url\":\"https:\/\/wp.edico.fi\/\",\"logo\":{\"@type\":\"ImageObject\",\"inLanguage\":\"fi\",\"@id\":\"https:\/\/wp.edico.fi\/#\/schema\/logo\/image\/\",\"url\":\"https:\/\/wp.edico.fi\/wp-content\/uploads\/2023\/09\/edicologo.png\",\"contentUrl\":\"https:\/\/wp.edico.fi\/wp-content\/uploads\/2023\/09\/edicologo.png\",\"width\":383,\"height\":383,\"caption\":\"EDICO\"},\"image\":{\"@id\":\"https:\/\/wp.edico.fi\/#\/schema\/logo\/image\/\"}}]}<\/script>\n<!-- \/ Yoast SEO plugin. -->","yoast_head_json":{"title":"Usein kysytyt kysymykset \u2013 UKK - EDICO","description":"Usein kysytyt kysymykset \u2013 UKK","robots":{"index":"index","follow":"follow","max-snippet":"max-snippet:-1","max-image-preview":"max-image-preview:large","max-video-preview":"max-video-preview:-1"},"canonical":"https:\/\/wp.edico.fi\/su\/usein-kysytyt-kysymykset-faq\/","og_locale":"fi_FI","og_type":"article","og_title":"Usein kysytyt kysymykset \u2013 UKK - EDICO","og_description":"Usein kysytyt kysymykset \u2013 UKK","og_url":"https:\/\/wp.edico.fi\/su\/usein-kysytyt-kysymykset-faq\/","og_site_name":"EDICO","article_modified_time":"2026-01-28T10:20:56+00:00","twitter_card":"summary_large_image","twitter_misc":{"Arvioitu lukuaika":"6 minuuttia"},"schema":{"@context":"https:\/\/schema.org","@graph":[{"@type":"WebPage","@id":"https:\/\/wp.edico.fi\/usein-kysytyt-kysymykset-faq\/","url":"https:\/\/wp.edico.fi\/usein-kysytyt-kysymykset-faq\/","name":"Usein kysytyt kysymykset \u2013 UKK - EDICO","isPartOf":{"@id":"https:\/\/wp.edico.fi\/#website"},"datePublished":"2023-09-11T08:27:10+00:00","dateModified":"2026-01-28T10:20:56+00:00","description":"Usein kysytyt kysymykset \u2013 UKK","breadcrumb":{"@id":"https:\/\/wp.edico.fi\/usein-kysytyt-kysymykset-faq\/#breadcrumb"},"inLanguage":"fi","potentialAction":[{"@type":"ReadAction","target":["https:\/\/wp.edico.fi\/usein-kysytyt-kysymykset-faq\/"]}]},{"@type":"BreadcrumbList","@id":"https:\/\/wp.edico.fi\/usein-kysytyt-kysymykset-faq\/#breadcrumb","itemListElement":[{"@type":"ListItem","position":1,"name":"Etusivu","item":"https:\/\/wp.edico.fi\/"},{"@type":"ListItem","position":2,"name":"Usein kysytyt kysymykset \u2013 UKK"}]},{"@type":"WebSite","@id":"https:\/\/wp.edico.fi\/#website","url":"https:\/\/wp.edico.fi\/","name":"EDICO","description":"Turvallinen paikkasi","publisher":{"@id":"https:\/\/wp.edico.fi\/#organization"},"potentialAction":[{"@type":"SearchAction","target":{"@type":"EntryPoint","urlTemplate":"https:\/\/wp.edico.fi\/?s={search_term_string}"},"query-input":{"@type":"PropertyValueSpecification","valueRequired":true,"valueName":"search_term_string"}}],"inLanguage":"fi"},{"@type":"Organization","@id":"https:\/\/wp.edico.fi\/#organization","name":"EDICO","url":"https:\/\/wp.edico.fi\/","logo":{"@type":"ImageObject","inLanguage":"fi","@id":"https:\/\/wp.edico.fi\/#\/schema\/logo\/image\/","url":"https:\/\/wp.edico.fi\/wp-content\/uploads\/2023\/09\/edicologo.png","contentUrl":"https:\/\/wp.edico.fi\/wp-content\/uploads\/2023\/09\/edicologo.png","width":383,"height":383,"caption":"EDICO"},"image":{"@id":"https:\/\/wp.edico.fi\/#\/schema\/logo\/image\/"}}]}},"_links":{"self":[{"href":"https:\/\/wp.edico.fi\/su\/wp-json\/wp\/v2\/pages\/513","targetHints":{"allow":["GET"]}}],"collection":[{"href":"https:\/\/wp.edico.fi\/su\/wp-json\/wp\/v2\/pages"}],"about":[{"href":"https:\/\/wp.edico.fi\/su\/wp-json\/wp\/v2\/types\/page"}],"author":[{"embeddable":true,"href":"https:\/\/wp.edico.fi\/su\/wp-json\/wp\/v2\/users\/1"}],"replies":[{"embeddable":true,"href":"https:\/\/wp.edico.fi\/su\/wp-json\/wp\/v2\/comments?post=513"}],"version-history":[{"count":85,"href":"https:\/\/wp.edico.fi\/su\/wp-json\/wp\/v2\/pages\/513\/revisions"}],"predecessor-version":[{"id":3881,"href":"https:\/\/wp.edico.fi\/su\/wp-json\/wp\/v2\/pages\/513\/revisions\/3881"}],"wp:attachment":[{"href":"https:\/\/wp.edico.fi\/su\/wp-json\/wp\/v2\/media?parent=513"}],"curies":[{"name":"wp","href":"https:\/\/api.w.org\/{rel}","templated":true}]}}