{"id":495,"date":"2025-08-30T09:37:32","date_gmt":"2025-08-30T06:37:32","guid":{"rendered":"http:\/\/localhost\/wordpress-6.3\/wordpress\/?page_id=495"},"modified":"2025-09-08T12:42:43","modified_gmt":"2025-09-08T09:42:43","slug":"edico-cg","status":"publish","type":"page","link":"https:\/\/wp.edico.fi\/su\/edico-cg\/","title":{"rendered":"Edico CG"},"content":{"rendered":"\n<p class=\"animated fadeInDown\">Tuote on tulossa myyntiin my\u00f6hemmin ilmoitettavana ajankohtana!<\/p>\n\n\n\n<h2 class=\"wp-block-heading\"><strong><strong>Edico CG lyhyesti<\/strong><\/strong><\/h2>\n\n\n\n<p>Kirjaudu vanhaan: <a href=\"https:\/\/conf.edicto.fi\">https:\/\/conf.edicto.fi<\/a><\/p>\n\n\n\n<p class=\"animated fadeInDown\">Edico CG on tiedostonjakopalvelu, jota voi k\u00e4ytt\u00e4\u00e4 ryhm\u00e4n\u00e4 eli sill\u00e4 on yksi tilinomistaja ja lis\u00e4ksi sill\u00e4 voi olla useita rinnakkaisia tilin k\u00e4ytt\u00e4ji\u00e4.<\/p>\n\n\n\n<p class=\"animated fadeInDown\"><strong>Luottamukselliset istuntokansiot<\/strong><a><br><\/a>Tuotteelle voidaan avata nk. <em>luottamuksellisia istuntokansioita<\/em>, joihin tilinomistaja tai rinnakkainen k\u00e4ytt\u00e4j\u00e4 voi kutsua useita osanottajia. Jokaisessa luottamuksellisessa istuntokansiossa tilinomistaja tai rinnakkainen k\u00e4ytt\u00e4j\u00e4 n\u00e4kee kaikki istuntokansioon ladatut tiedostot, mutta kutsutut osanottajat n\u00e4kev\u00e4t vain omat tiedostonsa.<br>Jokaisessa luottamuksellisessa istuntokansiossa voi pit\u00e4\u00e4 samanaikaisia videokokouksia, jolloin kuitenkin kaikki osanottajat kuulevat puhutut asiat.<br>Jos halutaan k\u00e4yd\u00e4 jonkin osaryhm\u00e4n kesken luottamuksellisia keskusteluja, niin osaryhm\u00e4 voi siirty\u00e4 toiseen istuntokansioon k\u00e4ym\u00e4\u00e4n niit\u00e4. Luottamuksellista keskustelua voi olla my\u00f6s keskustelu puhelimella. Tiedostot ja viestit s\u00e4ilyv\u00e4t luottamuksellisissa istuntokansioissa ja niit\u00e4 istuntokansioihin oikeutetut henkil\u00f6t voivat k\u00e4yd\u00e4 katsomassa j\u00e4lkeenp\u00e4in.<\/p>\n\n\n\n<p class=\"animated fadeInDown\"><strong>Normaalit istuntokansiot<br><\/strong>Tuotteelle voidaan avata my\u00f6s <em>normaaleja istuntokansioita<\/em>, joihin tilinomistaja tai rinnakkainen k\u00e4ytt\u00e4j\u00e4 voi kutsua useita osanottajia. Jokaisessa normaalissa istuntokansiossa tilinomistaja tai rinnakkainen k\u00e4ytt\u00e4j\u00e4 n\u00e4kee kaikki istuntokansioon ladatut tiedostot ja kutsutut osanottajat n\u00e4kev\u00e4t kaikki tiedostot.<br>Jokaisessa normaalissa istuntokansiossa voi pit\u00e4\u00e4 samanaikaisia videokokouksia, jolloin kaikki osanottajat kuulevat puhutut asiat.<br>Jos halutaan k\u00e4yd\u00e4 jonkin osaryhm\u00e4n kesken luottamuksellisia keskusteluja, niin osaryhm\u00e4 voi siirty\u00e4 toiseen istuntokansioon k\u00e4ym\u00e4\u00e4n niit\u00e4 tai hoitaa keskustelu vaikkapa puhelimella. Tiedostot ja viestit s\u00e4ilyv\u00e4t normaaleissa istuntokansioissa ja niit\u00e4 istuntokansioihin oikeutetut henkil\u00f6t voivat k\u00e4yd\u00e4 katsomassa my\u00f6s j\u00e4lkeenp\u00e4in.<\/p>\n\n\n\n<p class=\"animated fadeInDown\"><strong>Istuntokansiotyyppien yhteisk\u00e4ytt\u00f6<br><\/strong>Erilaisissa tilanteissa on hy\u00f6dyllist\u00e4 k\u00e4ytt\u00e4\u00e4 molempia tuotteen Edico CG istuntokansioita.<br>N\u00e4it\u00e4 erilaisia tilanteita on paljon ja niit\u00e4 jokaiselle k\u00e4ytt\u00e4j\u00e4lle tulee omassa toiminnassaan eteen ajan kuluessa.<\/p>\n\n\n\n<p class=\"animated fadeInDown\"><strong>Yleist\u00e4<\/strong><\/p>\n\n\n\n<p class=\"animated fadeInDown\">Edico CG -tuotteella on tili, jolla on yksi tilinomistaja ja h\u00e4nen mahdollisesti valtuuttamiaan tilin k\u00e4ytt\u00e4ji\u00e4. Tiliin kuuluvat Edico-palvelun perustoiminnot, jotka toimivat eri tietolaitelleilla ja my\u00f6s mobile-laitteilla. Istuntokansioita voit k\u00e4ytt\u00e4\u00e4 sek\u00e4 tiedostojen esitt\u00e4miseen istunnoissa &nbsp;ett\u00e4 vain tiedostojen jakamiseen.<\/p>\n\n\n\n<details class=\"wp-block-details animated fadeIn is-layout-flow wp-block-details-is-layout-flow\"><summary><strong><strong>Tilinomistaja ja tilin k\u00e4ytt\u00e4j\u00e4t<\/strong><\/strong><\/summary>\n<p>Tilinomistaja, joka on my\u00f6s tilin k\u00e4ytt\u00e4j\u00e4, voi jakaa rinnakkaisille tilin k\u00e4ytt\u00e4jille samat yhteiset tunnukset, joilla kukin voi kirjautua tilille. Kirjautumissalasanan voi vain tilinomistaja muuttaa.<\/p>\n<\/details>\n\n\n\n<details class=\"wp-block-details animated fadeIn is-layout-flow wp-block-details-is-layout-flow\"><summary><strong><strong>Tilin k\u00e4ytt\u00e4j\u00e4t, kutsuttavat osanottajat &#8211; istuntokansiot<\/strong><\/strong><\/summary>\n<p>Tilin k\u00e4ytt\u00e4j\u00e4t voivat avata internetpalvelimella olevalle tililleen haluamansa m\u00e4\u00e4r\u00e4n itselleen nimettyj\u00e4 normaaleja ja\/tai luottamuksellisia istuntokansioita, joihin jokaiseen k\u00e4ytt\u00e4j\u00e4t voivat kutsua valitsemiaan kutsuttavia osallistujia tarpeellisen m\u00e4\u00e4r\u00e4n. Samanaikaisesti kirjautuneita voi olla enint\u00e4\u00e4n 10 henkil\u00f6\u00e4. Tilin k\u00e4ytt\u00e4j\u00e4t voivat vierailla my\u00f6s toistensa kansioissa sopimillaan tavoilla.<\/p>\n<\/details>\n\n\n\n<details class=\"wp-block-details animated fadeIn is-layout-flow wp-block-details-is-layout-flow\"><summary><strong><strong>Istuntokansioon osallistuvat \u2013 normaalit istuntokansiot &#8211; tiedostojen jakaminen<\/strong><\/strong><\/summary>\n<p>Jokaiseen normaaliin istuntokansioon tilin k\u00e4ytt\u00e4j\u00e4 voi ladata tiedostoja, joita he haluavat siihen istuntokansioon kutsuttujen osanottajien n\u00e4kev\u00e4n. My\u00f6s kutsutut osanottajat voivat ladata omia tiedostojaan siihen istuntokansioon, johon tilin k\u00e4ytt\u00e4j\u00e4 on heid\u00e4t kutsunut ja joita tiedostoja he haluavat kaikkien istuntokansioon p\u00e4\u00e4sevien henkil\u00f6iden n\u00e4kev\u00e4n. Tilin k\u00e4ytt\u00e4j\u00e4t ja kutsutut osanottajat voivat kopioida niit\u00e4 tiedostoja omille tietolaitteilleen, joita he kaikki ovat istuntokansioon ladanneet.<\/p>\n<\/details>\n\n\n\n<details class=\"wp-block-details animated fadeIn is-layout-flow wp-block-details-is-layout-flow\"><summary><strong><strong>Istuntokansioon osallistuvat \u2013 luottamukselliset istuntokansiot &#8211; tiedostojen jakaminen<\/strong><\/strong><\/summary>\n<p>Jokaiseen luottamukselliseen istuntokansioon tilinomistaja tai rinnakkainen k\u00e4ytt\u00e4j\u00e4 voi ladata yksitt\u00e4isi\u00e4 tiedostoja. H\u00e4n voi m\u00e4\u00e4ritell\u00e4 sen kuka tai ketk\u00e4 kutsutuista osanottajista voivat n\u00e4hd\u00e4 ladatun tiedoston. My\u00f6s kutsutut osanottajat voivat ladata omia tiedostojaan siihen kansioon, johon tilin k\u00e4ytt\u00e4j\u00e4 on heid\u00e4t kutsunut ja, joita tiedostoja he itse ja vain tilin k\u00e4ytt\u00e4j\u00e4t n\u00e4kev\u00e4t. Sek\u00e4 tilin k\u00e4ytt\u00e4j\u00e4 ett\u00e4 kutsutut osanottajat voivat k\u00e4ytt\u00e4\u00e4 txt-tiedostoja tekstins\u00e4 muokkaamiseen ja keskin\u00e4iseen kommunikointiin my\u00f6s mobiililaitteillaan.<\/p>\n<\/details>\n\n\n\n<details class=\"wp-block-details is-layout-flow wp-block-details-is-layout-flow\"><summary><strong>Kutsutut osanottajat \u2013<\/strong>&nbsp;<strong>vierailut istuntokansiossa<\/strong><\/summary>\n<p>Normaalissa istuntokansiossa voivat milloin tahansa vierailla kaikki, joilla on sinne oikeus kirjautua.<\/p>\n\n\n\n<p>Luottamuksellisessa istuntokansiossa voivat vierailla asetettuna aikav\u00e4lin\u00e4 kaikki, joilla on sinne oikeus kirjautua.<\/p>\n\n\n\n<p>Vierailijat voivat olla tietolaitteensa kanssa miss\u00e4 tahansa, jossa p\u00e4\u00e4sev\u00e4t internettiin. Kutsuttuja voi olla paljon, mutta samaan aikaan kansioon voi olla kirjautuneena korkeintaan kymmenen (10) henkil\u00f6\u00e4.<\/p>\n<\/details>\n\n\n\n<details class=\"wp-block-details is-layout-flow wp-block-details-is-layout-flow\"><summary><strong>Samanaikainen kokous \u2013 normaalissa istuntokansiossa &#8211; osallistujat<\/strong><\/summary>\n<p>Tilinomistaja, rinnakkainen k\u00e4ytt\u00e4j\u00e4 tai joku kutsuttu osanottaja&nbsp;voi halutessa sopia muiden istuntokansioon oikeutettujen kanssa siit\u00e4, ett\u00e4 pidet\u00e4\u00e4n istuntokansiossa samanaikainen kokous, jolloin kaikki tai osa istuntokansioon oikeutetuista osanottajista kirjautuvat sovittuun aikaan istuntokansioon. Osanottajien m\u00e4\u00e4r\u00e4 samanaikaisissa kokouksissa on&nbsp;<em>korkeintaan kymmenen (10) osanottajaa<\/em>.<\/p>\n<\/details>\n\n\n\n<details class=\"wp-block-details is-layout-flow wp-block-details-is-layout-flow\"><summary><strong>Samanaikainen kokous &#8211; luottamuksellisessa istuntokansiossa<\/strong><\/summary>\n<p>Tilinomistaja tai rinnakkainen k\u00e4ytt\u00e4j\u00e4 voi halutessaan sopia siit\u00e4, ett\u00e4 pidet\u00e4\u00e4n istuntokansiossa samanaikainen kokous. Videoneuvottelua varten kutsuja ja osallistujat voivat avata Edico \u2013 istuntokansiossa videoyhteyden. Siin\u00e4 voidaan k\u00e4ytt\u00e4\u00e4 sek\u00e4 kuvaa ett\u00e4 \u00e4\u00e4nt\u00e4 tai vain \u00e4\u00e4nt\u00e4 vuorovaikutteisesti kokoukseen osallistuvien kesken. Luottamuksellisuus toimii vain tiedostojen jakelussa. Videoneuvottelussa, jossa kaikki voivat kuulla \u00e4\u00e4nen on huolehdit tava siit\u00e4, ett\u00e4 ei puhuta luottamuksellisia asioita.<\/p>\n<\/details>\n\n\n\n<details class=\"wp-block-details is-layout-flow wp-block-details-is-layout-flow\"><summary><strong>Videoyhteyden \/ \u00e4\u00e4niyhteyden avaaminen istuntokansiossa<\/strong><\/summary>\n<p>Videoneuvottelua varten kutsuja tai osallistuja voi avata Edico\u2013istuntokansiossa videoyhteyden. Siin\u00e4 voidaan k\u00e4ytt\u00e4\u00e4 sek\u00e4 kuvaa ett\u00e4 \u00e4\u00e4nt\u00e4 tai vain \u00e4\u00e4nt\u00e4 vuorovaikutteisesti kaikkien kokoukseen osallistuvien kesken. Se, joka avaa videoyhteyden, joutuu k\u00e4ytt\u00e4m\u00e4\u00e4n Google\u2013 tai Facebook-tunnuksia. Avauksen j\u00e4lkeen muut osallistujat voivat liitty\u00e4 istunnossa video-neuvotteluun suoraan ilman tunnuksia. \u00c4\u00e4niyhteytt\u00e4 on aina mahdollisuus pit\u00e4\u00e4 puhelinyhteyden kautta, jos videoyhteydess\u00e4 sattuisi olemaan h\u00e4iri\u00f6it\u00e4. Tiedostojen esittely hoituu hyvin my\u00f6s t\u00e4ll\u00e4 tavalla.<\/p>\n<\/details>\n\n\n\n<details class=\"wp-block-details is-layout-flow wp-block-details-is-layout-flow\"><summary><strong>Chat \u2013 ikkuna tekstiviestej\u00e4 ja tiedottamista varten<\/strong><\/summary>\n<p>Istuntokansiossa on chat-ikkuna vuorovaikutteisia kirjoitusviestej\u00e4 varten. Ikkunaan kertyneen kirjoitetun keskustelun voi tallentaa tiedostolistalle esimerkiksi muistioksi. Sit\u00e4 voi my\u00f6s muokata osallistujien kesken ja kunkin toimesta vuorovaikutteisesti.<\/p>\n<\/details>\n\n\n\n<details class=\"wp-block-details is-layout-flow wp-block-details-is-layout-flow\"><summary><strong>Kokeilu ja alustava hinta<\/strong><\/summary>\n<p>Edico CG-tuotteen normaalia istuntokansiota voit kokeilla avaamalla Edico Lite-istuntokansion.<\/p>\n<\/details>\n\n\n\n<div class=\"wp-block-group is-nowrap is-layout-flex wp-container-core-group-is-layout-6c531013 wp-block-group-is-layout-flex\">\n<div class=\"wp-block-buttons is-layout-flex wp-block-buttons-is-layout-flex\">\n<div class=\"wp-block-button animated pulse o-anim-hover\"><a class=\"wp-block-button__link wp-element-button\" href=\"mailto:(info@edicto.fi)\" style=\"border-radius:20px\"><strong>Varaa Edico CG!<\/strong><\/a><\/div>\n<\/div>\n\n\n\n<div class=\"wp-block-buttons is-layout-flex wp-block-buttons-is-layout-flex\"><\/div>\n<\/div>\n","protected":false},"excerpt":{"rendered":"<p>Tuote on tulossa myyntiin my\u00f6hemmin ilmoitettavana ajankohtana! Edico CG lyhyesti Kirjaudu vanhaan: https:\/\/conf.edicto.fi Edico CG on tiedostonjakopalvelu, jota voi k\u00e4ytt\u00e4\u00e4 ryhm\u00e4n\u00e4 eli sill\u00e4 on yksi tilinomistaja ja lis\u00e4ksi sill\u00e4 voi olla useita rinnakkaisia tilin k\u00e4ytt\u00e4ji\u00e4. Luottamukselliset istuntokansiotTuotteelle voidaan avata nk. luottamuksellisia istuntokansioita, joihin tilinomistaja tai rinnakkainen k\u00e4ytt\u00e4j\u00e4 voi kutsua useita osanottajia. Jokaisessa luottamuksellisessa istuntokansiossa tilinomistaja [&hellip;]<\/p>\n","protected":false},"author":1,"featured_media":0,"parent":0,"menu_order":7,"comment_status":"closed","ping_status":"closed","template":"","meta":{"footnotes":""},"class_list":["post-495","page","type-page","status-publish","hentry"],"yoast_head":"<!-- This site is optimized with the Yoast SEO plugin v27.1.1 - https:\/\/yoast.com\/product\/yoast-seo-wordpress\/ -->\n<title>Edico CG - EDICO<\/title>\n<meta name=\"robots\" content=\"index, follow, max-snippet:-1, max-image-preview:large, max-video-preview:-1\" \/>\n<link rel=\"canonical\" href=\"https:\/\/wp.edico.fi\/su\/edico-cg\/\" \/>\n<meta property=\"og:locale\" content=\"fi_FI\" \/>\n<meta property=\"og:type\" content=\"article\" \/>\n<meta property=\"og:title\" content=\"Edico CG - EDICO\" \/>\n<meta property=\"og:description\" content=\"Tuote on tulossa myyntiin my\u00f6hemmin ilmoitettavana ajankohtana! Edico CG lyhyesti Kirjaudu vanhaan: https:\/\/conf.edicto.fi Edico CG on tiedostonjakopalvelu, jota voi k\u00e4ytt\u00e4\u00e4 ryhm\u00e4n\u00e4 eli sill\u00e4 on yksi tilinomistaja ja lis\u00e4ksi sill\u00e4 voi olla useita rinnakkaisia tilin k\u00e4ytt\u00e4ji\u00e4. Luottamukselliset istuntokansiotTuotteelle voidaan avata nk. luottamuksellisia istuntokansioita, joihin tilinomistaja tai rinnakkainen k\u00e4ytt\u00e4j\u00e4 voi kutsua useita osanottajia. Jokaisessa luottamuksellisessa istuntokansiossa tilinomistaja [&hellip;]\" \/>\n<meta property=\"og:url\" content=\"https:\/\/wp.edico.fi\/su\/edico-cg\/\" \/>\n<meta property=\"og:site_name\" content=\"EDICO\" \/>\n<meta property=\"article:modified_time\" content=\"2025-09-08T09:42:43+00:00\" \/>\n<meta name=\"twitter:card\" content=\"summary_large_image\" \/>\n<meta name=\"twitter:label1\" content=\"Arvioitu lukuaika\" \/>\n\t<meta name=\"twitter:data1\" content=\"5 minuuttia\" \/>\n<script type=\"application\/ld+json\" class=\"yoast-schema-graph\">{\"@context\":\"https:\/\/schema.org\",\"@graph\":[{\"@type\":\"WebPage\",\"@id\":\"https:\/\/wp.edico.fi\/edico-cg\/\",\"url\":\"https:\/\/wp.edico.fi\/edico-cg\/\",\"name\":\"Edico CG - EDICO\",\"isPartOf\":{\"@id\":\"https:\/\/wp.edico.fi\/#website\"},\"datePublished\":\"2025-08-30T06:37:32+00:00\",\"dateModified\":\"2025-09-08T09:42:43+00:00\",\"breadcrumb\":{\"@id\":\"https:\/\/wp.edico.fi\/edico-cg\/#breadcrumb\"},\"inLanguage\":\"fi\",\"potentialAction\":[{\"@type\":\"ReadAction\",\"target\":[\"https:\/\/wp.edico.fi\/edico-cg\/\"]}]},{\"@type\":\"BreadcrumbList\",\"@id\":\"https:\/\/wp.edico.fi\/edico-cg\/#breadcrumb\",\"itemListElement\":[{\"@type\":\"ListItem\",\"position\":1,\"name\":\"Etusivu\",\"item\":\"https:\/\/wp.edico.fi\/\"},{\"@type\":\"ListItem\",\"position\":2,\"name\":\"Edico CG\"}]},{\"@type\":\"WebSite\",\"@id\":\"https:\/\/wp.edico.fi\/#website\",\"url\":\"https:\/\/wp.edico.fi\/\",\"name\":\"EDICO\",\"description\":\"Turvallinen paikkasi\",\"publisher\":{\"@id\":\"https:\/\/wp.edico.fi\/#organization\"},\"potentialAction\":[{\"@type\":\"SearchAction\",\"target\":{\"@type\":\"EntryPoint\",\"urlTemplate\":\"https:\/\/wp.edico.fi\/?s={search_term_string}\"},\"query-input\":{\"@type\":\"PropertyValueSpecification\",\"valueRequired\":true,\"valueName\":\"search_term_string\"}}],\"inLanguage\":\"fi\"},{\"@type\":\"Organization\",\"@id\":\"https:\/\/wp.edico.fi\/#organization\",\"name\":\"EDICO\",\"url\":\"https:\/\/wp.edico.fi\/\",\"logo\":{\"@type\":\"ImageObject\",\"inLanguage\":\"fi\",\"@id\":\"https:\/\/wp.edico.fi\/#\/schema\/logo\/image\/\",\"url\":\"https:\/\/wp.edico.fi\/wp-content\/uploads\/2023\/09\/edicologo.png\",\"contentUrl\":\"https:\/\/wp.edico.fi\/wp-content\/uploads\/2023\/09\/edicologo.png\",\"width\":383,\"height\":383,\"caption\":\"EDICO\"},\"image\":{\"@id\":\"https:\/\/wp.edico.fi\/#\/schema\/logo\/image\/\"}}]}<\/script>\n<!-- \/ Yoast SEO plugin. -->","yoast_head_json":{"title":"Edico CG - EDICO","robots":{"index":"index","follow":"follow","max-snippet":"max-snippet:-1","max-image-preview":"max-image-preview:large","max-video-preview":"max-video-preview:-1"},"canonical":"https:\/\/wp.edico.fi\/su\/edico-cg\/","og_locale":"fi_FI","og_type":"article","og_title":"Edico CG - EDICO","og_description":"Tuote on tulossa myyntiin my\u00f6hemmin ilmoitettavana ajankohtana! Edico CG lyhyesti Kirjaudu vanhaan: https:\/\/conf.edicto.fi Edico CG on tiedostonjakopalvelu, jota voi k\u00e4ytt\u00e4\u00e4 ryhm\u00e4n\u00e4 eli sill\u00e4 on yksi tilinomistaja ja lis\u00e4ksi sill\u00e4 voi olla useita rinnakkaisia tilin k\u00e4ytt\u00e4ji\u00e4. Luottamukselliset istuntokansiotTuotteelle voidaan avata nk. luottamuksellisia istuntokansioita, joihin tilinomistaja tai rinnakkainen k\u00e4ytt\u00e4j\u00e4 voi kutsua useita osanottajia. Jokaisessa luottamuksellisessa istuntokansiossa tilinomistaja [&hellip;]","og_url":"https:\/\/wp.edico.fi\/su\/edico-cg\/","og_site_name":"EDICO","article_modified_time":"2025-09-08T09:42:43+00:00","twitter_card":"summary_large_image","twitter_misc":{"Arvioitu lukuaika":"5 minuuttia"},"schema":{"@context":"https:\/\/schema.org","@graph":[{"@type":"WebPage","@id":"https:\/\/wp.edico.fi\/edico-cg\/","url":"https:\/\/wp.edico.fi\/edico-cg\/","name":"Edico CG - EDICO","isPartOf":{"@id":"https:\/\/wp.edico.fi\/#website"},"datePublished":"2025-08-30T06:37:32+00:00","dateModified":"2025-09-08T09:42:43+00:00","breadcrumb":{"@id":"https:\/\/wp.edico.fi\/edico-cg\/#breadcrumb"},"inLanguage":"fi","potentialAction":[{"@type":"ReadAction","target":["https:\/\/wp.edico.fi\/edico-cg\/"]}]},{"@type":"BreadcrumbList","@id":"https:\/\/wp.edico.fi\/edico-cg\/#breadcrumb","itemListElement":[{"@type":"ListItem","position":1,"name":"Etusivu","item":"https:\/\/wp.edico.fi\/"},{"@type":"ListItem","position":2,"name":"Edico CG"}]},{"@type":"WebSite","@id":"https:\/\/wp.edico.fi\/#website","url":"https:\/\/wp.edico.fi\/","name":"EDICO","description":"Turvallinen paikkasi","publisher":{"@id":"https:\/\/wp.edico.fi\/#organization"},"potentialAction":[{"@type":"SearchAction","target":{"@type":"EntryPoint","urlTemplate":"https:\/\/wp.edico.fi\/?s={search_term_string}"},"query-input":{"@type":"PropertyValueSpecification","valueRequired":true,"valueName":"search_term_string"}}],"inLanguage":"fi"},{"@type":"Organization","@id":"https:\/\/wp.edico.fi\/#organization","name":"EDICO","url":"https:\/\/wp.edico.fi\/","logo":{"@type":"ImageObject","inLanguage":"fi","@id":"https:\/\/wp.edico.fi\/#\/schema\/logo\/image\/","url":"https:\/\/wp.edico.fi\/wp-content\/uploads\/2023\/09\/edicologo.png","contentUrl":"https:\/\/wp.edico.fi\/wp-content\/uploads\/2023\/09\/edicologo.png","width":383,"height":383,"caption":"EDICO"},"image":{"@id":"https:\/\/wp.edico.fi\/#\/schema\/logo\/image\/"}}]}},"_links":{"self":[{"href":"https:\/\/wp.edico.fi\/su\/wp-json\/wp\/v2\/pages\/495","targetHints":{"allow":["GET"]}}],"collection":[{"href":"https:\/\/wp.edico.fi\/su\/wp-json\/wp\/v2\/pages"}],"about":[{"href":"https:\/\/wp.edico.fi\/su\/wp-json\/wp\/v2\/types\/page"}],"author":[{"embeddable":true,"href":"https:\/\/wp.edico.fi\/su\/wp-json\/wp\/v2\/users\/1"}],"replies":[{"embeddable":true,"href":"https:\/\/wp.edico.fi\/su\/wp-json\/wp\/v2\/comments?post=495"}],"version-history":[{"count":103,"href":"https:\/\/wp.edico.fi\/su\/wp-json\/wp\/v2\/pages\/495\/revisions"}],"predecessor-version":[{"id":4200,"href":"https:\/\/wp.edico.fi\/su\/wp-json\/wp\/v2\/pages\/495\/revisions\/4200"}],"wp:attachment":[{"href":"https:\/\/wp.edico.fi\/su\/wp-json\/wp\/v2\/media?parent=495"}],"curies":[{"name":"wp","href":"https:\/\/api.w.org\/{rel}","templated":true}]}}