{"id":47,"date":"2025-08-27T19:11:19","date_gmt":"2025-08-27T16:11:19","guid":{"rendered":"http:\/\/localhost\/wordpress-6.3\/wordpress\/?page_id=47"},"modified":"2025-12-14T11:00:46","modified_gmt":"2025-12-14T09:00:46","slug":"edico-s","status":"publish","type":"page","link":"https:\/\/wp.edico.fi\/su\/edico-s\/","title":{"rendered":"Tuote Edico S"},"content":{"rendered":"\n<p class=\"animated fadeInDown\" style=\"font-size:clamp(0.901rem, 0.901rem + ((1vw - 0.2rem) * 0.816), 1.35rem);\">Tuote on myyt\u00e4v\u00e4n\u00e4 nyt!   <\/p>\n\n\n\n<p class=\"animated fadeInDown\" style=\"font-size:clamp(0.901rem, 0.901rem + ((1vw - 0.2rem) * 0.816), 1.35rem);\">Kirjaudu vanhaan: <a href=\"https:\/\/ad-hoc.fi\">https:\/\/ad-hoc.fi<\/a> tai <a href=\"https:\/\/full.edico.pro\">https:\/\/full.edico.pro<\/a><\/p>\n\n\n\n<p class=\"animated fadeInDown\" style=\"font-size:clamp(0.901rem, 0.901rem + ((1vw - 0.2rem) * 0.816), 1.35rem);\"> <strong><strong>Edico S lyhyesti<\/strong><\/strong><\/p>\n\n\n\n<p class=\"animated fadeIn\">Edico S on henkil\u00f6kohtainen ja tarvittaessa vahvasti tietosuojattu tiedostojen jakoon ja netti-istuntojen pitoon tarkoitettu palvelu. K\u00e4yt\u00e4t tilinomistajana vaivattomasti useita jako- ja istuntokansioita jakaessasi tiedostoja t\u00e4m\u00e4n palvelun kautta. Voit kutsua osallistujia istuntoon yhden valitun niin sanotun eteiskansion linkin kautta. K\u00e4yt\u00f6ss\u00e4si ovat silloin my\u00f6s muut tiliin liitetyt kansiot. Kansioita voit, eteiskansiota lukuun ottamatta, pit\u00e4\u00e4 my\u00f6s salaisina, jolloin niiden linkkiosoitetta ei kutsuttu osallistujakaan saa tiet\u00e4\u00e4. &nbsp;Voit pit\u00e4\u00e4 videokokouksia, joissa on useita osallistujia. Voitte k\u00e4ytt\u00e4\u00e4 chat-viestint\u00e4\u00e4, tiedostojen jako- ja esitystoimintoa samanaikaisesti videoneuvottelujen aikana. Voit poistaa kansion istuntok\u00e4yt\u00f6st\u00e4 ja j\u00e4tt\u00e4\u00e4 sen jakokansioksi tarpeen mukaan p\u00e4\u00e4asiassa lyhytaikaista k\u00e4ytt\u00f6\u00e4 varten. Viestinne eiv\u00e4t h\u00e4vi\u00e4 v\u00e4litt\u00f6m\u00e4sti tapaamistenne j\u00e4lkeen ja jokainen osallistuja voi k\u00e4yd\u00e4 jakokansiossa uudelleen milloin tahansa kutsun saatuaan.<\/p>\n\n\n\n<p class=\"animated fadeInDown\" style=\"font-size:clamp(0.901rem, 0.901rem + ((1vw - 0.2rem) * 0.816), 1.35rem);\"><strong>Yleist\u00e4<\/strong><\/p>\n\n\n\n<p class=\"animated fadeInDown\">Edico S -tuotteella on tili, jolla on yksi tilinomistaja. Tiliin kuuluvat Edico-palvelun perustoiminnot, jotka toimivat eri tietolaitteilla ja my\u00f6s mobile-laitteilla.<\/p>\n\n\n\n<details class=\"wp-block-details animated fadeIn is-layout-flow wp-block-details-is-layout-flow\"><summary><strong><strong>Tilinomistaja, kutsuttavat osallistujat, jako- ja istuntokansiot<\/strong><\/strong><\/summary>\n<p>Tilinomistaja voi avata internet-palvelimella olevalle tililleen haluamansa m\u00e4\u00e4r\u00e4n kansioita. Niiden nettiosoitteeseen liittyv\u00e4t satunnaiset numerot voidaan j\u00e4tt\u00e4\u00e4 my\u00f6s salaisiksi, jolloin niit\u00e4 ei julkaista. Jokaiseen kansioon tilinomistaja voi kutsua valitsemiaan kutsuttavia osallistujia tarpeellisen m\u00e4\u00e4r\u00e4n. Kansioon kirjautuminen tapahtuu saadun kutsulinkin kautta. Eritysesti luottamuksellisimmissa tapauksissa tilinomistajan siirt\u00e4\u00e4 suojatun toimenpiteen kautta kutsutut salaiseen kansioon eteisen\u00e4 toimivasta kirjautumiskansiosta.<\/p>\n<\/details>\n\n\n\n<details class=\"wp-block-details animated fadeIn is-layout-flow wp-block-details-is-layout-flow\"><summary><strong><strong>Kansioon osallistuvat &#8211; tiedostojen jakaminen<\/strong><\/strong><\/summary>\n<p>Istuntokansioon kutsutut osallistujat n\u00e4kev\u00e4t kansioon ladatut tiedostot, avaavat ne tai lataavat niit\u00e4 itselleen. Tilinomistaja voi siirt\u00e4\u00e4 osallistujia salaiseen kansioon pit\u00e4m\u00e4ll\u00e4 istunto avattuna. My\u00f6s kutsutut osanottajat voivat ladata omia tiedostojaan siihen kansioon, johon tilinomistaja on heid\u00e4t kutsunut tai siirt\u00e4nyt ja joita tiedostoja he haluavat kaikkien istuntokansioon p\u00e4\u00e4sevien henkil\u00f6iden n\u00e4kev\u00e4n.<\/p>\n<\/details>\n\n\n\n<details class=\"wp-block-details animated fadeIn is-layout-flow wp-block-details-is-layout-flow\"><summary><strong><strong>Kutsutut osallistujat \u2013<\/strong>&nbsp;<strong>vierailut istuntokansiossa<\/strong><\/strong><\/summary>\n<p>Istuntokansioon kutsutut osallistujat n\u00e4kev\u00e4t kansioon ladatut tiedostot, avaavat ne tai lataavat niit\u00e4 itselleen. Tilinomistaja voi siirt\u00e4\u00e4 osallistujia salaiseen kansioon pit\u00e4m\u00e4ll\u00e4 istunto avattuna. My\u00f6s kutsutut osanottajat voivat ladata omia tiedostojaan siihen kansioon, johon tilinomistaja on heid\u00e4t kutsunut tai siirt\u00e4nyt ja joita tiedostoja he haluavat kaikkien istuntokansioon p\u00e4\u00e4sevien henkil\u00f6iden n\u00e4kev\u00e4n.<\/p>\n<\/details>\n\n\n\n<details class=\"wp-block-details animated fadeIn is-layout-flow wp-block-details-is-layout-flow\"><summary><strong><strong>Samanaikainen kokous julkisessa tai salaisessa istuntokansiossa<\/strong><\/strong><\/summary>\n<p>Tilinomistaja tai joku kutsuttu osanottaja&nbsp;voi halutessa sopia muiden istuntokansioon oikeutettujen kanssa siit\u00e4, ett\u00e4 pidet\u00e4\u00e4n istuntokansiossa samanaikainen kokous, jolloin kaikki tai osa istuntokansioon oikeutetuista osallistujista kirjautuvat sovittuun aikaan istuntokansioon. Vain tilinomistaja voi istunnon aikana siirt\u00e4\u00e4 osallistujat salaiseen kansioon. H\u00e4n voi my\u00f6s vaihtaa osallistujat kansiosta toiseen riippumatta siit\u00e4 mihin kansioon heid\u00e4t on alkujaan kutsuttu. Osallistujien m\u00e4\u00e4r\u00e4 tiedostojen jakamisessa on rajaton mutta samanaikaisissa kokouksissa heit\u00e4 voi olla&nbsp;<em>enint\u00e4\u00e4n kymmenen (10).<\/em>&nbsp;&nbsp;&nbsp;&nbsp;&nbsp;<\/p>\n<\/details>\n\n\n\n<details class=\"wp-block-details is-layout-flow wp-block-details-is-layout-flow\"><summary><strong><strong>Videoyhteyden \/ \u00e4\u00e4niyhteyden avaaminen istuntokansiossa<\/strong><\/strong><\/summary>\n<p>Videoneuvottelua varten kutsuja tai osallistuja voi avata Edico\u2013istuntokansiossa videoyhteyden. Siin\u00e4 voidaan k\u00e4ytt\u00e4\u00e4 sek\u00e4 kuvaa ett\u00e4 \u00e4\u00e4nt\u00e4 vuorovaikutteisesti kaikkien kokoukseen osallistuvien kesken. Se, joka avaa videoyhteyden, joutuu k\u00e4ytt\u00e4m\u00e4\u00e4n Google\u2013 tai Facebook-tunnuksia. Avauksen j\u00e4lkeen muut osallistujat voivat liitty\u00e4 istunnossa videoneuvotteluun suoraan ilman tunnuksia. \u00c4\u00e4niyhteytt\u00e4 on aina mahdollisuus pit\u00e4\u00e4 puhelinyhteydell\u00e4, esimerkiksi WhatsApp-sovelluksen kautta, jos videoyhteydess\u00e4 sattuisi olemaan h\u00e4iri\u00f6it\u00e4. Istuntokansio voi kokouksen loputtua j\u00e4\u00e4d\u00e4 jakokansioksi ellei se ole salainen.<\/p>\n<\/details>\n\n\n\n<details class=\"wp-block-details animated fadeIn is-layout-flow wp-block-details-is-layout-flow\"><summary><strong><strong>Chat \u2013 ikkuna tekstiviestej\u00e4 varten<\/strong><\/strong><\/summary>\n<p>Istuntokansiossa on chat-ikkuna vuorovaikutteisia tekstiviestej\u00e4 varten. Ikkunaan kertyneen tekstikeskustelun voi tilinomistaja tallentaa tiedostolistalle esimerkiksi muistioksi. Sit\u00e4 voi my\u00f6s muokata osallistujien kesken ja kunkin toimesta vuorovaikutteisesti.<\/p>\n<\/details>\n\n\n\n<details class=\"wp-block-details animated fadeIn is-layout-flow wp-block-details-is-layout-flow\"><summary><strong><strong>Kokeilu ja hinta<\/strong><\/strong><\/summary>\n<p>Edico S-tuotteen istuntokansiota voit kokeilla avaamalla ilmaisen (48h) Edico Lite-istuntokansion. Edico S-tuotteen hinta on viel\u00e4 m\u00e4\u00e4rittelem\u00e4tt\u00e4, mutta siit\u00e4 voimme sopia, kun l\u00e4het\u00e4t kyselyn &#8221;Tilaa Edico S!&#8221;-linkin kautta.<\/p>\n<\/details>\n\n\n\n<div class=\"wp-block-buttons gutenify-section-e595c700-4271-11ee-9cdc-b10b403c11a9 is-layout-flex wp-block-buttons-is-layout-flex\" style=\"margin-top:var(--wp--preset--spacing--40);margin-bottom:var(--wp--preset--spacing--40)\">\n<div class=\"wp-block-button gutenify-section-e5a186d0-4271-11ee-9cdc-b10b403c11a9 animated pulse o-anim-hover\"><a class=\"wp-block-button__link has-contrast-color has-text-color has-background wp-element-button\" href=\"mailto:(info@edicto.fi)\" style=\"border-radius:20px;background-color:#ff8c8e\" target=\"_blank\" rel=\"noreferrer noopener\"><strong>Tilaa Edico S!<\/strong><\/a><\/div>\n<\/div>\n\n\n\n<div style=\"height:80px\" aria-hidden=\"true\" class=\"wp-block-spacer\"><\/div>\n","protected":false},"excerpt":{"rendered":"<p>Tuote on myyt\u00e4v\u00e4n\u00e4 nyt! Kirjaudu vanhaan: https:\/\/ad-hoc.fi tai https:\/\/full.edico.pro Edico S lyhyesti Edico S on henkil\u00f6kohtainen ja tarvittaessa vahvasti tietosuojattu tiedostojen jakoon ja netti-istuntojen pitoon tarkoitettu palvelu. K\u00e4yt\u00e4t tilinomistajana vaivattomasti useita jako- ja istuntokansioita jakaessasi tiedostoja t\u00e4m\u00e4n palvelun kautta. Voit kutsua osallistujia istuntoon yhden valitun niin sanotun eteiskansion linkin kautta. K\u00e4yt\u00f6ss\u00e4si ovat silloin my\u00f6s muut [&hellip;]<\/p>\n","protected":false},"author":1,"featured_media":0,"parent":0,"menu_order":4,"comment_status":"closed","ping_status":"closed","template":"","meta":{"footnotes":""},"class_list":["post-47","page","type-page","status-publish","hentry"],"yoast_head":"<!-- This site is optimized with the Yoast SEO plugin v27.1.1 - https:\/\/yoast.com\/product\/yoast-seo-wordpress\/ -->\n<title>Tuote Edico S - EDICO<\/title>\n<meta name=\"robots\" content=\"index, follow, max-snippet:-1, max-image-preview:large, max-video-preview:-1\" \/>\n<link rel=\"canonical\" href=\"https:\/\/wp.edico.fi\/su\/edico-s\/\" \/>\n<meta property=\"og:locale\" content=\"fi_FI\" \/>\n<meta property=\"og:type\" content=\"article\" \/>\n<meta property=\"og:title\" content=\"Tuote Edico S - EDICO\" \/>\n<meta property=\"og:description\" content=\"Tuote on myyt\u00e4v\u00e4n\u00e4 nyt! Kirjaudu vanhaan: https:\/\/ad-hoc.fi tai https:\/\/full.edico.pro Edico S lyhyesti Edico S on henkil\u00f6kohtainen ja tarvittaessa vahvasti tietosuojattu tiedostojen jakoon ja netti-istuntojen pitoon tarkoitettu palvelu. K\u00e4yt\u00e4t tilinomistajana vaivattomasti useita jako- ja istuntokansioita jakaessasi tiedostoja t\u00e4m\u00e4n palvelun kautta. Voit kutsua osallistujia istuntoon yhden valitun niin sanotun eteiskansion linkin kautta. K\u00e4yt\u00f6ss\u00e4si ovat silloin my\u00f6s muut [&hellip;]\" \/>\n<meta property=\"og:url\" content=\"https:\/\/wp.edico.fi\/su\/edico-s\/\" \/>\n<meta property=\"og:site_name\" content=\"EDICO\" \/>\n<meta property=\"article:modified_time\" content=\"2025-12-14T09:00:46+00:00\" \/>\n<meta name=\"twitter:card\" content=\"summary_large_image\" \/>\n<meta name=\"twitter:label1\" content=\"Arvioitu lukuaika\" \/>\n\t<meta name=\"twitter:data1\" content=\"3 minuuttia\" \/>\n<script type=\"application\/ld+json\" class=\"yoast-schema-graph\">{\"@context\":\"https:\/\/schema.org\",\"@graph\":[{\"@type\":\"WebPage\",\"@id\":\"https:\/\/wp.edico.fi\/edico-s\/\",\"url\":\"https:\/\/wp.edico.fi\/edico-s\/\",\"name\":\"Tuote Edico S - EDICO\",\"isPartOf\":{\"@id\":\"https:\/\/wp.edico.fi\/#website\"},\"datePublished\":\"2025-08-27T16:11:19+00:00\",\"dateModified\":\"2025-12-14T09:00:46+00:00\",\"breadcrumb\":{\"@id\":\"https:\/\/wp.edico.fi\/edico-s\/#breadcrumb\"},\"inLanguage\":\"fi\",\"potentialAction\":[{\"@type\":\"ReadAction\",\"target\":[\"https:\/\/wp.edico.fi\/edico-s\/\"]}]},{\"@type\":\"BreadcrumbList\",\"@id\":\"https:\/\/wp.edico.fi\/edico-s\/#breadcrumb\",\"itemListElement\":[{\"@type\":\"ListItem\",\"position\":1,\"name\":\"Etusivu\",\"item\":\"https:\/\/wp.edico.fi\/\"},{\"@type\":\"ListItem\",\"position\":2,\"name\":\"Tuote Edico S\"}]},{\"@type\":\"WebSite\",\"@id\":\"https:\/\/wp.edico.fi\/#website\",\"url\":\"https:\/\/wp.edico.fi\/\",\"name\":\"EDICO\",\"description\":\"Turvallinen paikkasi\",\"publisher\":{\"@id\":\"https:\/\/wp.edico.fi\/#organization\"},\"potentialAction\":[{\"@type\":\"SearchAction\",\"target\":{\"@type\":\"EntryPoint\",\"urlTemplate\":\"https:\/\/wp.edico.fi\/?s={search_term_string}\"},\"query-input\":{\"@type\":\"PropertyValueSpecification\",\"valueRequired\":true,\"valueName\":\"search_term_string\"}}],\"inLanguage\":\"fi\"},{\"@type\":\"Organization\",\"@id\":\"https:\/\/wp.edico.fi\/#organization\",\"name\":\"EDICO\",\"url\":\"https:\/\/wp.edico.fi\/\",\"logo\":{\"@type\":\"ImageObject\",\"inLanguage\":\"fi\",\"@id\":\"https:\/\/wp.edico.fi\/#\/schema\/logo\/image\/\",\"url\":\"https:\/\/wp.edico.fi\/wp-content\/uploads\/2023\/09\/edicologo.png\",\"contentUrl\":\"https:\/\/wp.edico.fi\/wp-content\/uploads\/2023\/09\/edicologo.png\",\"width\":383,\"height\":383,\"caption\":\"EDICO\"},\"image\":{\"@id\":\"https:\/\/wp.edico.fi\/#\/schema\/logo\/image\/\"}}]}<\/script>\n<!-- \/ Yoast SEO plugin. -->","yoast_head_json":{"title":"Tuote Edico S - EDICO","robots":{"index":"index","follow":"follow","max-snippet":"max-snippet:-1","max-image-preview":"max-image-preview:large","max-video-preview":"max-video-preview:-1"},"canonical":"https:\/\/wp.edico.fi\/su\/edico-s\/","og_locale":"fi_FI","og_type":"article","og_title":"Tuote Edico S - EDICO","og_description":"Tuote on myyt\u00e4v\u00e4n\u00e4 nyt! Kirjaudu vanhaan: https:\/\/ad-hoc.fi tai https:\/\/full.edico.pro Edico S lyhyesti Edico S on henkil\u00f6kohtainen ja tarvittaessa vahvasti tietosuojattu tiedostojen jakoon ja netti-istuntojen pitoon tarkoitettu palvelu. K\u00e4yt\u00e4t tilinomistajana vaivattomasti useita jako- ja istuntokansioita jakaessasi tiedostoja t\u00e4m\u00e4n palvelun kautta. Voit kutsua osallistujia istuntoon yhden valitun niin sanotun eteiskansion linkin kautta. K\u00e4yt\u00f6ss\u00e4si ovat silloin my\u00f6s muut [&hellip;]","og_url":"https:\/\/wp.edico.fi\/su\/edico-s\/","og_site_name":"EDICO","article_modified_time":"2025-12-14T09:00:46+00:00","twitter_card":"summary_large_image","twitter_misc":{"Arvioitu lukuaika":"3 minuuttia"},"schema":{"@context":"https:\/\/schema.org","@graph":[{"@type":"WebPage","@id":"https:\/\/wp.edico.fi\/edico-s\/","url":"https:\/\/wp.edico.fi\/edico-s\/","name":"Tuote Edico S - EDICO","isPartOf":{"@id":"https:\/\/wp.edico.fi\/#website"},"datePublished":"2025-08-27T16:11:19+00:00","dateModified":"2025-12-14T09:00:46+00:00","breadcrumb":{"@id":"https:\/\/wp.edico.fi\/edico-s\/#breadcrumb"},"inLanguage":"fi","potentialAction":[{"@type":"ReadAction","target":["https:\/\/wp.edico.fi\/edico-s\/"]}]},{"@type":"BreadcrumbList","@id":"https:\/\/wp.edico.fi\/edico-s\/#breadcrumb","itemListElement":[{"@type":"ListItem","position":1,"name":"Etusivu","item":"https:\/\/wp.edico.fi\/"},{"@type":"ListItem","position":2,"name":"Tuote Edico S"}]},{"@type":"WebSite","@id":"https:\/\/wp.edico.fi\/#website","url":"https:\/\/wp.edico.fi\/","name":"EDICO","description":"Turvallinen paikkasi","publisher":{"@id":"https:\/\/wp.edico.fi\/#organization"},"potentialAction":[{"@type":"SearchAction","target":{"@type":"EntryPoint","urlTemplate":"https:\/\/wp.edico.fi\/?s={search_term_string}"},"query-input":{"@type":"PropertyValueSpecification","valueRequired":true,"valueName":"search_term_string"}}],"inLanguage":"fi"},{"@type":"Organization","@id":"https:\/\/wp.edico.fi\/#organization","name":"EDICO","url":"https:\/\/wp.edico.fi\/","logo":{"@type":"ImageObject","inLanguage":"fi","@id":"https:\/\/wp.edico.fi\/#\/schema\/logo\/image\/","url":"https:\/\/wp.edico.fi\/wp-content\/uploads\/2023\/09\/edicologo.png","contentUrl":"https:\/\/wp.edico.fi\/wp-content\/uploads\/2023\/09\/edicologo.png","width":383,"height":383,"caption":"EDICO"},"image":{"@id":"https:\/\/wp.edico.fi\/#\/schema\/logo\/image\/"}}]}},"_links":{"self":[{"href":"https:\/\/wp.edico.fi\/su\/wp-json\/wp\/v2\/pages\/47","targetHints":{"allow":["GET"]}}],"collection":[{"href":"https:\/\/wp.edico.fi\/su\/wp-json\/wp\/v2\/pages"}],"about":[{"href":"https:\/\/wp.edico.fi\/su\/wp-json\/wp\/v2\/types\/page"}],"author":[{"embeddable":true,"href":"https:\/\/wp.edico.fi\/su\/wp-json\/wp\/v2\/users\/1"}],"replies":[{"embeddable":true,"href":"https:\/\/wp.edico.fi\/su\/wp-json\/wp\/v2\/comments?post=47"}],"version-history":[{"count":135,"href":"https:\/\/wp.edico.fi\/su\/wp-json\/wp\/v2\/pages\/47\/revisions"}],"predecessor-version":[{"id":4218,"href":"https:\/\/wp.edico.fi\/su\/wp-json\/wp\/v2\/pages\/47\/revisions\/4218"}],"wp:attachment":[{"href":"https:\/\/wp.edico.fi\/su\/wp-json\/wp\/v2\/media?parent=47"}],"curies":[{"name":"wp","href":"https:\/\/api.w.org\/{rel}","templated":true}]}}