{"id":3192,"date":"2024-06-11T09:49:17","date_gmt":"2024-06-11T06:49:17","guid":{"rendered":"https:\/\/wp.edico.fi\/?page_id=3192"},"modified":"2024-07-19T10:31:38","modified_gmt":"2024-07-19T07:31:38","slug":"edico-t-2","status":"publish","type":"page","link":"https:\/\/wp.edico.fi\/su\/edico-t-2\/","title":{"rendered":"Edico Lite"},"content":{"rendered":"\n<p class=\"animated fadeInDown\"><strong>Edico Lite lyhyesti<\/strong><\/p>\n\n\n\n<p class=\"animated fadeInDown\">Edico Lite on henkil\u00f6kohtainen tiedostonjakopalvelu kokeiluun. K\u00e4yt\u00e4t istuntokansiota jakaessasi tiedostoja t\u00e4m\u00e4n palvelun kautta. Voit kutsua osallistujia istuntokansioon. Voit pit\u00e4\u00e4 videokokouksia, joissa on samanaikaisesti enint\u00e4\u00e4n kolme osallistujaa. Voitte k\u00e4ytt\u00e4\u00e4 chat-viestint\u00e4\u00e4, tiedostojen jako- ja esitystoimintoa videoneuvottelun aikana. Viestisi eiv\u00e4t h\u00e4vi\u00e4 tapaamistenne j\u00e4lkeen ja jokainen osallistuja kutsun saatuaan voi k\u00e4yd\u00e4 kansiossa kahden vuorokauden aikana sen avaamisesta.<\/p>\n\n\n\n<p class=\"animated fadeInDown\"><strong>Yleist\u00e4<\/strong><\/p>\n\n\n\n<p class=\"animated fadeInDown\">Edico Lite -palvelu k\u00e4sitt\u00e4\u00e4 yhden nettikansion, jossa voit testata Edico S-palvelun toiminnot kahden vuorokauden ajan. Ne toimivat eri tietolaitella ja my\u00f6s mobile-laitteilla.<\/p>\n\n\n\n<details class=\"wp-block-details animated fadeIn is-layout-flow wp-block-details-is-layout-flow\"><summary><strong>Kansion avaaja, kutsuttavat osallistujat<\/strong><\/summary>\n<p>Voit kirjautua ja avata omistajana internet-palvelimella istuntokansion. Samanaikaiseen istuntoon voit kutsua kaksi osallistujaa.<\/p>\n<\/details>\n\n\n\n<details class=\"wp-block-details animated fadeIn is-layout-flow wp-block-details-is-layout-flow\"><summary><strong>Kansioon osallistuvat &#8211; tiedostojen jakaminen<\/strong><\/summary>\n<p>Istuntokansioon avaaja voi ladata tiedostoja, joita h\u00e4n haluaa kansioon kutsuttujen osallistujien n\u00e4kev\u00e4n. My\u00f6s kutsutut osanottajat voivat ladata omia tiedostojaan kansioon, johon avaaja on heid\u00e4t kutsunut ja joita tiedostoja he haluavat kaikkien istuntokansioon p\u00e4\u00e4sevien henkil\u00f6iden n\u00e4kev\u00e4n.<\/p>\n<\/details>\n\n\n\n<details class=\"wp-block-details animated fadeIn is-layout-flow wp-block-details-is-layout-flow\"><summary><strong>Kutsutut osallistujat \u2013<\/strong>&nbsp;<strong>vierailut istuntokansiossa<\/strong><\/summary>\n<p>Istuntokansiossa voivat kaikki, joilla on sinne oikeus kirjautua, vierailla milloin tahansa ja he voivat olla tietolaitteensa kanssa miss\u00e4 tahansa, jossa p\u00e4\u00e4sev\u00e4t internettiin. Kutsuttuja voi olla paljon, mutta samaan aikaan istuntokansioon voi kirjautua korkeintaan kolme (3) henkil\u00f6\u00e4.<\/p>\n<\/details>\n\n\n\n<details class=\"wp-block-details animated fadeIn is-layout-flow wp-block-details-is-layout-flow\"><summary><strong>Samanaikainen kokous istuntokansiossa &#8211; osallistujat<\/strong><\/summary>\n<p>Kansion avaaja tai kutsuttu osallistuja\u00a0voi halutessaan sopia kolmannen istuntokansioon oikeutetun kanssa siit\u00e4, ett\u00e4 pidet\u00e4\u00e4n istuntokansiossa samanaikainen kokous, jolloin kaikki tai osa istuntokansioon oikeutetuista osallistujista kirjautuvat sovittuun aikaan istuntokansioon. Osallistujien m\u00e4\u00e4r\u00e4 samanaikaisissa kokouksissa on\u00a0korkeintaan kolme (3).<\/p>\n<\/details>\n\n\n\n<details class=\"wp-block-details animated fadeIn is-layout-flow wp-block-details-is-layout-flow\"><summary><strong>Videoyhteyden \/ \u00e4\u00e4niyhteyden avaaminen istuntokansiossa<\/strong><\/summary>\n<p>Videoneuvottelua varten kutsuja tai osallistuja voi avata Edico\u2013istuntokansiossa videoyhteyden. Siin\u00e4 voidaan k\u00e4ytt\u00e4\u00e4 sek\u00e4 kuvaa ett\u00e4 \u00e4\u00e4nt\u00e4 tai vain \u00e4\u00e4nt\u00e4 vuorovaikutteisesti kaikkien kokoukseen osallistuvien kesken. Se, joka avaa videoyhteyden, joutuu k\u00e4ytt\u00e4m\u00e4\u00e4n Google\u2013 tai Facebook-tunnuksia. Avauksen j\u00e4lkeen muut osallistujat voivat liitty\u00e4 istunnossa videoneuvotteluun suoraan ilman tunnuksia. \u00c4\u00e4niyhteytt\u00e4 on aina mahdollisuus pit\u00e4\u00e4 puhelinyhteyden kautta, jos videoyhteydess\u00e4 sattuisi olemaan h\u00e4iri\u00f6it\u00e4. Tiedostojen esittely hoituu hyvin my\u00f6s t\u00e4ll\u00e4 tavalla.<\/p>\n<\/details>\n\n\n\n<details class=\"wp-block-details animated fadeIn is-layout-flow wp-block-details-is-layout-flow\"><summary><strong>Chat \u2013 ikkuna tekstiviestej\u00e4 varten<\/strong><\/summary>\n<p>Istuntokansiossa on chat-ikkuna vuorovaikutteisia tekstiviestej\u00e4 varten. Ikkunaan kertyneen tekstikeskustelun voi tallentaa tiedostolistalle esimerkiksi muistioksi. Sit\u00e4 voi my\u00f6s muokata osallistujien kesken ja kunkin toimesta vuorovaikutteisesti.<\/p>\n<\/details>\n\n\n\n<div class=\"wp-block-buttons is-layout-flex wp-block-buttons-is-layout-flex\">\n<div class=\"wp-block-button has-custom-font-size animated pulse o-anim-offset-o-anim-offset-0px has-medium-font-size\"><a class=\"wp-block-button__link has-contrast-color has-text-color has-background wp-element-button\" href=\"https:\/\/lite.edico.pro\/lite\/register?lang=fi\" style=\"border-radius:20px;background-color:#ff5153\" target=\"_blank\" rel=\"noreferrer noopener\">Luo Edico Lite -kansio !<\/a><\/div>\n<\/div>\n","protected":false},"excerpt":{"rendered":"<p>Edico Lite lyhyesti Edico Lite on henkil\u00f6kohtainen tiedostonjakopalvelu kokeiluun. K\u00e4yt\u00e4t istuntokansiota jakaessasi tiedostoja t\u00e4m\u00e4n palvelun kautta. Voit kutsua osallistujia istuntokansioon. Voit pit\u00e4\u00e4 videokokouksia, joissa on samanaikaisesti enint\u00e4\u00e4n kolme osallistujaa. Voitte k\u00e4ytt\u00e4\u00e4 chat-viestint\u00e4\u00e4, tiedostojen jako- ja esitystoimintoa videoneuvottelun aikana. Viestisi eiv\u00e4t h\u00e4vi\u00e4 tapaamistenne j\u00e4lkeen ja jokainen osallistuja kutsun saatuaan voi k\u00e4yd\u00e4 kansiossa kahden vuorokauden aikana sen [&hellip;]<\/p>\n","protected":false},"author":1,"featured_media":0,"parent":0,"menu_order":0,"comment_status":"closed","ping_status":"closed","template":"","meta":{"footnotes":""},"class_list":["post-3192","page","type-page","status-publish","hentry"],"yoast_head":"<!-- This site is optimized with the Yoast SEO plugin v27.1.1 - https:\/\/yoast.com\/product\/yoast-seo-wordpress\/ -->\n<title>Edico Lite - EDICO<\/title>\n<meta name=\"robots\" content=\"index, follow, max-snippet:-1, max-image-preview:large, max-video-preview:-1\" \/>\n<link rel=\"canonical\" href=\"https:\/\/wp.edico.fi\/su\/edico-t-2\/\" \/>\n<meta property=\"og:locale\" content=\"fi_FI\" \/>\n<meta property=\"og:type\" content=\"article\" \/>\n<meta property=\"og:title\" content=\"Edico Lite - EDICO\" \/>\n<meta property=\"og:description\" content=\"Edico Lite lyhyesti Edico Lite on henkil\u00f6kohtainen tiedostonjakopalvelu kokeiluun. K\u00e4yt\u00e4t istuntokansiota jakaessasi tiedostoja t\u00e4m\u00e4n palvelun kautta. Voit kutsua osallistujia istuntokansioon. Voit pit\u00e4\u00e4 videokokouksia, joissa on samanaikaisesti enint\u00e4\u00e4n kolme osallistujaa. Voitte k\u00e4ytt\u00e4\u00e4 chat-viestint\u00e4\u00e4, tiedostojen jako- ja esitystoimintoa videoneuvottelun aikana. Viestisi eiv\u00e4t h\u00e4vi\u00e4 tapaamistenne j\u00e4lkeen ja jokainen osallistuja kutsun saatuaan voi k\u00e4yd\u00e4 kansiossa kahden vuorokauden aikana sen [&hellip;]\" \/>\n<meta property=\"og:url\" content=\"https:\/\/wp.edico.fi\/su\/edico-t-2\/\" \/>\n<meta property=\"og:site_name\" content=\"EDICO\" \/>\n<meta property=\"article:modified_time\" content=\"2024-07-19T07:31:38+00:00\" \/>\n<meta name=\"twitter:card\" content=\"summary_large_image\" \/>\n<meta name=\"twitter:label1\" content=\"Arvioitu lukuaika\" \/>\n\t<meta name=\"twitter:data1\" content=\"2 minuuttia\" \/>\n<script type=\"application\/ld+json\" class=\"yoast-schema-graph\">{\"@context\":\"https:\/\/schema.org\",\"@graph\":[{\"@type\":\"WebPage\",\"@id\":\"https:\/\/wp.edico.fi\/edico-t-2\/\",\"url\":\"https:\/\/wp.edico.fi\/edico-t-2\/\",\"name\":\"Edico Lite - EDICO\",\"isPartOf\":{\"@id\":\"https:\/\/wp.edico.fi\/#website\"},\"datePublished\":\"2024-06-11T06:49:17+00:00\",\"dateModified\":\"2024-07-19T07:31:38+00:00\",\"breadcrumb\":{\"@id\":\"https:\/\/wp.edico.fi\/edico-t-2\/#breadcrumb\"},\"inLanguage\":\"fi\",\"potentialAction\":[{\"@type\":\"ReadAction\",\"target\":[\"https:\/\/wp.edico.fi\/edico-t-2\/\"]}]},{\"@type\":\"BreadcrumbList\",\"@id\":\"https:\/\/wp.edico.fi\/edico-t-2\/#breadcrumb\",\"itemListElement\":[{\"@type\":\"ListItem\",\"position\":1,\"name\":\"Etusivu\",\"item\":\"https:\/\/wp.edico.fi\/\"},{\"@type\":\"ListItem\",\"position\":2,\"name\":\"Edico Lite\"}]},{\"@type\":\"WebSite\",\"@id\":\"https:\/\/wp.edico.fi\/#website\",\"url\":\"https:\/\/wp.edico.fi\/\",\"name\":\"EDICO\",\"description\":\"Turvallinen paikkasi\",\"publisher\":{\"@id\":\"https:\/\/wp.edico.fi\/#organization\"},\"potentialAction\":[{\"@type\":\"SearchAction\",\"target\":{\"@type\":\"EntryPoint\",\"urlTemplate\":\"https:\/\/wp.edico.fi\/?s={search_term_string}\"},\"query-input\":{\"@type\":\"PropertyValueSpecification\",\"valueRequired\":true,\"valueName\":\"search_term_string\"}}],\"inLanguage\":\"fi\"},{\"@type\":\"Organization\",\"@id\":\"https:\/\/wp.edico.fi\/#organization\",\"name\":\"EDICO\",\"url\":\"https:\/\/wp.edico.fi\/\",\"logo\":{\"@type\":\"ImageObject\",\"inLanguage\":\"fi\",\"@id\":\"https:\/\/wp.edico.fi\/#\/schema\/logo\/image\/\",\"url\":\"https:\/\/wp.edico.fi\/wp-content\/uploads\/2023\/09\/edicologo.png\",\"contentUrl\":\"https:\/\/wp.edico.fi\/wp-content\/uploads\/2023\/09\/edicologo.png\",\"width\":383,\"height\":383,\"caption\":\"EDICO\"},\"image\":{\"@id\":\"https:\/\/wp.edico.fi\/#\/schema\/logo\/image\/\"}}]}<\/script>\n<!-- \/ Yoast SEO plugin. -->","yoast_head_json":{"title":"Edico Lite - EDICO","robots":{"index":"index","follow":"follow","max-snippet":"max-snippet:-1","max-image-preview":"max-image-preview:large","max-video-preview":"max-video-preview:-1"},"canonical":"https:\/\/wp.edico.fi\/su\/edico-t-2\/","og_locale":"fi_FI","og_type":"article","og_title":"Edico Lite - EDICO","og_description":"Edico Lite lyhyesti Edico Lite on henkil\u00f6kohtainen tiedostonjakopalvelu kokeiluun. K\u00e4yt\u00e4t istuntokansiota jakaessasi tiedostoja t\u00e4m\u00e4n palvelun kautta. Voit kutsua osallistujia istuntokansioon. Voit pit\u00e4\u00e4 videokokouksia, joissa on samanaikaisesti enint\u00e4\u00e4n kolme osallistujaa. Voitte k\u00e4ytt\u00e4\u00e4 chat-viestint\u00e4\u00e4, tiedostojen jako- ja esitystoimintoa videoneuvottelun aikana. Viestisi eiv\u00e4t h\u00e4vi\u00e4 tapaamistenne j\u00e4lkeen ja jokainen osallistuja kutsun saatuaan voi k\u00e4yd\u00e4 kansiossa kahden vuorokauden aikana sen [&hellip;]","og_url":"https:\/\/wp.edico.fi\/su\/edico-t-2\/","og_site_name":"EDICO","article_modified_time":"2024-07-19T07:31:38+00:00","twitter_card":"summary_large_image","twitter_misc":{"Arvioitu lukuaika":"2 minuuttia"},"schema":{"@context":"https:\/\/schema.org","@graph":[{"@type":"WebPage","@id":"https:\/\/wp.edico.fi\/edico-t-2\/","url":"https:\/\/wp.edico.fi\/edico-t-2\/","name":"Edico Lite - EDICO","isPartOf":{"@id":"https:\/\/wp.edico.fi\/#website"},"datePublished":"2024-06-11T06:49:17+00:00","dateModified":"2024-07-19T07:31:38+00:00","breadcrumb":{"@id":"https:\/\/wp.edico.fi\/edico-t-2\/#breadcrumb"},"inLanguage":"fi","potentialAction":[{"@type":"ReadAction","target":["https:\/\/wp.edico.fi\/edico-t-2\/"]}]},{"@type":"BreadcrumbList","@id":"https:\/\/wp.edico.fi\/edico-t-2\/#breadcrumb","itemListElement":[{"@type":"ListItem","position":1,"name":"Etusivu","item":"https:\/\/wp.edico.fi\/"},{"@type":"ListItem","position":2,"name":"Edico Lite"}]},{"@type":"WebSite","@id":"https:\/\/wp.edico.fi\/#website","url":"https:\/\/wp.edico.fi\/","name":"EDICO","description":"Turvallinen paikkasi","publisher":{"@id":"https:\/\/wp.edico.fi\/#organization"},"potentialAction":[{"@type":"SearchAction","target":{"@type":"EntryPoint","urlTemplate":"https:\/\/wp.edico.fi\/?s={search_term_string}"},"query-input":{"@type":"PropertyValueSpecification","valueRequired":true,"valueName":"search_term_string"}}],"inLanguage":"fi"},{"@type":"Organization","@id":"https:\/\/wp.edico.fi\/#organization","name":"EDICO","url":"https:\/\/wp.edico.fi\/","logo":{"@type":"ImageObject","inLanguage":"fi","@id":"https:\/\/wp.edico.fi\/#\/schema\/logo\/image\/","url":"https:\/\/wp.edico.fi\/wp-content\/uploads\/2023\/09\/edicologo.png","contentUrl":"https:\/\/wp.edico.fi\/wp-content\/uploads\/2023\/09\/edicologo.png","width":383,"height":383,"caption":"EDICO"},"image":{"@id":"https:\/\/wp.edico.fi\/#\/schema\/logo\/image\/"}}]}},"_links":{"self":[{"href":"https:\/\/wp.edico.fi\/su\/wp-json\/wp\/v2\/pages\/3192","targetHints":{"allow":["GET"]}}],"collection":[{"href":"https:\/\/wp.edico.fi\/su\/wp-json\/wp\/v2\/pages"}],"about":[{"href":"https:\/\/wp.edico.fi\/su\/wp-json\/wp\/v2\/types\/page"}],"author":[{"embeddable":true,"href":"https:\/\/wp.edico.fi\/su\/wp-json\/wp\/v2\/users\/1"}],"replies":[{"embeddable":true,"href":"https:\/\/wp.edico.fi\/su\/wp-json\/wp\/v2\/comments?post=3192"}],"version-history":[{"count":5,"href":"https:\/\/wp.edico.fi\/su\/wp-json\/wp\/v2\/pages\/3192\/revisions"}],"predecessor-version":[{"id":3701,"href":"https:\/\/wp.edico.fi\/su\/wp-json\/wp\/v2\/pages\/3192\/revisions\/3701"}],"wp:attachment":[{"href":"https:\/\/wp.edico.fi\/su\/wp-json\/wp\/v2\/media?parent=3192"}],"curies":[{"name":"wp","href":"https:\/\/api.w.org\/{rel}","templated":true}]}}