{"id":3,"date":"2023-08-22T09:52:48","date_gmt":"2023-08-22T09:52:48","guid":{"rendered":"http:\/\/localhost\/wordpress-6.3\/wordpress\/?page_id=3"},"modified":"2024-03-19T11:37:06","modified_gmt":"2024-03-19T09:37:06","slug":"privacy-policy","status":"publish","type":"page","link":"https:\/\/wp.edico.fi\/su\/privacy-policy\/","title":{"rendered":"Edico-rekisteriseloste tietosuojasta"},"content":{"rendered":"\n<p>Rekisterinpit\u00e4j\u00e4ll\u00e4 on tietosuoja-asetuksen mukaan velvollisuus informoida selke\u00e4ll\u00e4 tavalla rekister\u00f6ityj\u00e4. T\u00e4m\u00e4 seloste t\u00e4ytt\u00e4\u00e4 informointivelvoitteen.<\/p>\n\n\n\n<h5 class=\"wp-block-heading\">1. Rekisterinpit\u00e4j\u00e4<\/h5>\n\n\n\n<p>Edicto Oy<br>Yhteystiedot:<br>Nuutisarankatu 15<br>33900 Tampere<\/p>\n\n\n\n<p>Yhteystiedot rekisteri\u00e4 koskevissa asioissa<br>Antero H\u00e4likk\u00e4<br>0405806018<br>antero.halikka@edicto.fi<\/p>\n\n\n\n<p>Tapauksen mukaan mahdollisen tietosuojavastaavan yhteystiedot:<br>Tietosuojavastaava<\/p>\n\n\n\n<p>Jari Welling<br>jari.welling@npe.fi<\/p>\n\n\n\n<h5 class=\"wp-block-heading\">2. Rekister\u00f6idyt<\/h5>\n\n\n\n<p>Rekisteriss\u00e4 ovat asiakkaat.<\/p>\n\n\n\n<h5 class=\"wp-block-heading\">3. Henkil\u00f6tietojen k\u00e4ytt\u00f6tarkoitus<\/h5>\n\n\n\n<p><strong>Rekisterin pit\u00e4misen peruste:<\/strong><br>Henkil\u00f6tietoja k\u00e4sitell\u00e4\u00e4n rekister\u00f6idyn asiakassuhteen perusteella &nbsp;<\/p>\n\n\n\n<p><strong>Henkil\u00f6tietojen k\u00e4sittelyn ja rekisterin k\u00e4ytt\u00f6tarkoitus&nbsp;<\/strong><br>Henkil\u00f6tietoja k\u00e4sitell\u00e4\u00e4n vain ennalta m\u00e4\u00e4riteltyihin tarkoituksiin, jotka ovat seuraavat:<\/p>\n\n\n\n<ul class=\"wp-block-list\">\n<li>asiakassuhteen hoitaminen<\/li>\n\n\n\n<li>palveluistamme kertominen<\/li>\n<\/ul>\n\n\n\n<h5 class=\"wp-block-heading\">4. Rekisteriin tallennettavat henkil\u00f6tiedot<\/h5>\n\n\n\n<p>Asiakasrekisteri sis\u00e4lt\u00e4\u00e4 seuraavat tiedot:<br>Yhteystiedot<\/p>\n\n\n\n<ul class=\"wp-block-list\">\n<li>nimi<\/li>\n\n\n\n<li>s\u00e4hk\u00f6posti<\/li>\n\n\n\n<li>puhelinnumero<\/li>\n<\/ul>\n\n\n\n<p>Asiakastiedot<\/p>\n\n\n\n<ul class=\"wp-block-list\">\n<li>tiedot ostetuista palveluista<\/li>\n<\/ul>\n\n\n\n<h5 class=\"wp-block-heading\">5. Rekister\u00f6idyn oikeudet<\/h5>\n\n\n\n<p>Rekister\u00f6idyll\u00e4 on seuraavat oikeudet, joiden k\u00e4ytt\u00e4mist\u00e4 koskevat pyynn\u00f6t tulee tehd\u00e4 osoitteeseen antero.halikka@edicto.fi<\/p>\n\n\n\n<p><strong>Tarkastusoikeus&nbsp;<\/strong><br>Rekister\u00f6ity voi tarkistaa tallentamamme henkil\u00f6tiedot.&nbsp;<\/p>\n\n\n\n<p><strong>Oikeus tietojen oikaisemiseen<\/strong><br>Rekister\u00f6ity voi pyyt\u00e4\u00e4 oikaisemaan h\u00e4nt\u00e4 koskevat virheelliset tai puutteelliset tiedot.<\/p>\n\n\n\n<p><strong>Vastustamisoikeus<\/strong><br>Rekister\u00f6ity voi vastustaa henkil\u00f6tietojen k\u00e4sittely\u00e4, mik\u00e4li kokee, ett\u00e4 henkil\u00f6tietoja on k\u00e4sitelty lainvastaisesti.&nbsp;<\/p>\n\n\n\n<p><strong>Suoramarkkinointikielto<\/strong><br>Rekister\u00f6idyll\u00e4 on oikeus kielt\u00e4\u00e4 tietojen k\u00e4ytt\u00e4minen suoramarkkinointiin.<\/p>\n\n\n\n<p><strong>Poisto-oikeus&nbsp;<\/strong><br>Rekister\u00f6idyll\u00e4 on oikeus pyyt\u00e4\u00e4 tietojen poistamista, jos tietojen k\u00e4sittely ei ole tarpeen. K\u00e4sittelemme poistopyynn\u00f6n, jonka j\u00e4lkeen joko poistamme tiedot tai ilmoitamme perustellun syyn, miksi tietoja ei voida poistaa.&nbsp;<\/p>\n\n\n\n<p>On huomioitava, ett\u00e4 rekisterinpit\u00e4j\u00e4ll\u00e4 voi olla lakis\u00e4\u00e4teinen tai muu oikeus olla poistamatta pyydetty\u00e4 tietoa. Rekisterinpit\u00e4j\u00e4ll\u00e4 on velvollisuus s\u00e4ilytt\u00e4\u00e4 kirjanpitoaineisto Kirjanpitolaissa (luku 2, 10 \u00a7) m\u00e4\u00e4ritellyn ajan (10 vuotta) mukaisesti. T\u00e4m\u00e4n vuoksi kirjanpitoon liittyv\u00e4\u00e4 aineistoa ei voida poistaa ennen m\u00e4\u00e4r\u00e4ajan umpeutumista.<\/p>\n\n\n\n<p><strong>Suostumuksen peruuttaminen<\/strong><br>Jos rekister\u00f6ity\u00e4 koskeva henkil\u00f6tietojen k\u00e4sittely perustuu ainoastaan suostumukseen, eik\u00e4 esim. asiakkuuteen tai j\u00e4senyyteen, voi rekister\u00f6ity peruuttaa suostumuksen.<\/p>\n\n\n\n<p><strong>Rekister\u00f6ity voi valittaa p\u00e4\u00e4t\u00f6ksest\u00e4 tietosuojavaltuutetulle<\/strong><\/p>\n\n\n\n<p>Rekister\u00f6idyll\u00e4 on oikeus vaatia, ett\u00e4 rajoitamme kiistanalaisten tietojen k\u00e4sittely\u00e4 siksi aikaa, kunnes asia saadaan ratkaistua.<\/p>\n\n\n\n<p><strong>Valitusoikeus&nbsp;<\/strong><br>Rekister\u00f6idyll\u00e4 on oikeus tehd\u00e4 valitus tietosuojavaltuutetulle, jos h\u00e4n kokee, ett\u00e4 rikomme henkil\u00f6tietoja k\u00e4sitelless\u00e4mme voimassa olevaa tietosuojalains\u00e4\u00e4d\u00e4nt\u00f6\u00e4.<\/p>\n\n\n\n<p>Tietosuojavaltuutetun yhteystiedot: &nbsp;<a href=\"http:\/\/www.tietosuoja.fi\/fi\/index\/yhteystiedot.html\">www.tietosuoja.fi\/fi\/index\/yhteystiedot.html<\/a><\/p>\n\n\n\n<h5 class=\"wp-block-heading\">6. S\u00e4\u00e4nn\u00f6nmukaiset tietol\u00e4hteet<\/h5>\n\n\n\n<p>Asiakastiedot saadaan s\u00e4\u00e4nn\u00f6nmukaisesti:<\/p>\n\n\n\n<ul class=\"wp-block-list\">\n<li>asiakkaalta itselt\u00e4\u00e4n asiakassuhteen syntyess\u00e4<\/li>\n\n\n\n<li>asiakkaalta itselt\u00e4\u00e4n verkkolomakkeen kautta<\/li>\n<\/ul>\n\n\n\n<h5 class=\"wp-block-heading\">7. S\u00e4\u00e4nn\u00f6nmukaiset tietojen luovutukset<\/h5>\n\n\n\n<p>Tietoja ei p\u00e4\u00e4s\u00e4\u00e4nt\u00f6isesti luovuteta markkinointitarkoituksiin Edicto&nbsp;Oy:n ulkopuolelle.&nbsp;<\/p>\n\n\n\n<h5 class=\"wp-block-heading\">8. K\u00e4sittelyn kesto<\/h5>\n\n\n\n<p>Henkil\u00f6tietoja k\u00e4sitell\u00e4\u00e4n p\u00e4\u00e4s\u00e4\u00e4nt\u00f6isesti niin kauan, kuin asiakkuus on voimassa<\/p>\n\n\n\n<h5 class=\"wp-block-heading\">9. Henkil\u00f6tietojen k\u00e4sittelij\u00e4t<\/h5>\n\n\n\n<p>Rekisterinpit\u00e4j\u00e4 ja t\u00e4m\u00e4n ty\u00f6ntekij\u00e4t k\u00e4sittelev\u00e4t henkil\u00f6tietoja. Voimme my\u00f6s ulkoistaa henkil\u00f6tietojen k\u00e4sittelyn osittain kolmannelle osapuolelle, jolloin takaamme sopimusj\u00e4rjestelyin, ett\u00e4 henkil\u00f6tietoja k\u00e4sitell\u00e4\u00e4n voimassa olevan tietosuojalains\u00e4\u00e4d\u00e4nn\u00f6n mukaisesti ja muutoin asianmukaisesti.<\/p>\n\n\n\n<h5 class=\"wp-block-heading\">10. Tietojen siirto EU:n ulkopuolelle<\/h5>\n\n\n\n<p>Henkil\u00f6tietoja ei siirret\u00e4 EU:n tai Euroopan talousalueen ulkopuolelle.&nbsp;<\/p>\n\n\n\n<h5 class=\"wp-block-heading\">11. Automaattinen p\u00e4\u00e4t\u00f6ksenteko ja profilointi<\/h5>\n\n\n\n<p>Emme k\u00e4yt\u00e4 tietoja automaattiseen p\u00e4\u00e4t\u00f6ksentekoon tai profilointiin.<\/p>\n\n\n\n<h5 class=\"wp-block-heading\">12. Lokitiedot<\/h5>\n\n\n\n<p>Kun k\u00e4yt\u00e4t palveluamme tallennamme tietoa, jonka selaimesi l\u00e4hett\u00e4\u00e4. T\u00e4m\u00e4 data sis\u00e4lt\u00e4\u00e4 l\u00e4hetetyn pyynn\u00e4n, l\u00e4hett\u00e4j\u00e4n IP-osoitteen ja k\u00e4ytetyn selaintyypin. K\u00e4yt\u00e4mme lokin tietoja k\u00e4yt\u00f6n seurantaan ja palvelun tekniseen yll\u00e4pitoon.<\/p>\n\n\n\n<h5 class=\"wp-block-heading\">13. Ev\u00e4steet<\/h5>\n\n\n\n<p>Edico k\u00e4ytt\u00e4\u00e4 ev\u00e4steit\u00e4 ja vastaavia tekniikoita kuten \u201dsessionStorage\u201d. Ev\u00e4steet ovat pieni\u00e4 tiedostoja, jotka tallennetaan k\u00e4ytt\u00e4j\u00e4n web-selaimen muistiin. Ev\u00e4steill\u00e4 on elinik\u00e4 ja web-selain automaattisesti poistaa ev\u00e4steet, kun ev\u00e4steen elinik\u00e4 p\u00e4\u00e4ttyy. &nbsp;Edico k\u00e4ytt\u00e4\u00e4 omia ja kolmannen osapuolen ev\u00e4steit\u00e4 toimintojen toteuttamiseen, &nbsp;suojautuakseen roskapostilta ja tarjotakseen maksutoiminnon. Ev\u00e4steet aktivoidaan automaattisesti, koska verkkopalvelu tarvitsee niit\u00e4 toimiakseen oikein. K\u00e4ytt\u00e4j\u00e4 voi poistaa selaimeen tallennetut ev\u00e4steet web-selaimen omalla toiminnolla. Ev\u00e4steiden poistamistoimintoon p\u00e4\u00e4see &nbsp;\u2019Ctrl+vaihto+Del\u2019 -n\u00e4pp\u00e4imist\u00f6oikotien avulla ainakin Chrome, Edge, IE, Firefox ja Opera -selaimilla. &nbsp;\u2013 Edicon toiminnalle v\u00e4ltt\u00e4m\u00e4t\u00f6n ev\u00e4ste on&nbsp;<strong>connect.sid<\/strong>, joka vanhenee istuntokansion sulkemisella.&nbsp;K\u00e4ytt\u00e4j\u00e4 voi est\u00e4\u00e4 ev\u00e4steiden k\u00e4yt\u00e4n selaimen asetuksista, mutta t\u00e4ll\u00f6in palvelu ei toimi niilt\u00e4 osin, kun ev\u00e4steit\u00e4 tarvitaan.<\/p>\n\n\n\n<p>\u2013 Luottokorttimaksaminen Stripe-checkout-menetelm\u00e4ll\u00e4 edellytt\u00e4\u00e4 useita ev\u00e4steit\u00e4, joiden vanhenemisajat vaihtelevat 30 min useisiin vuosiin. Lis\u00e4tietoa niist\u00e4 saa osoitteesta &nbsp;<a href=\"https:\/\/stripe.com\/fi\/privacy\">https:\/\/stripe.com\/fi\/privacy<\/a>.<\/p>\n\n\n\n<p>\u2013 V\u00e4ltt\u00e4m\u00e4t\u00f6n ev\u00e4ste &nbsp;Googlen reCHAPTA, \u201dEn ole robotti\u201d -toimintolle. Google saattaa yhdistell\u00e4 ev\u00e4steen avulla k\u00e4ytt\u00f6tietoja tunnistettuun henkil\u00f6\u00f6n. Lis\u00e4tietoa l\u00f6yd\u00e4t osoitteesta&nbsp;<a href=\"https:\/\/policies.google.com\/privacy?hl=fi\">https:\/\/policies.google.com\/privacy?hl=fi<\/a><\/p>\n\n\n\n<p>\u2013&nbsp;Edico Lite:ss\u00e4 k\u00e4ytetty \u2019Kirjaudu Facebook-tunnuksella\u2019 -toiminto k\u00e4ytt\u00e4\u00e4 Facebookin omia ev\u00e4steit\u00e4 Edico Lite:en sis\u00e4\u00e4nkirjautumisessa. Ev\u00e4steiden vanhenemisajat on 16 tunnista 1,5 vuoteen. Lis\u00e4tietoa l\u00f6ytyy osoitteesta&nbsp;<a href=\"https:\/\/www.facebook.com\/policies\/cookies\/\">https:\/\/www.facebook.com\/policies\/cookies\/<\/a><\/p>\n","protected":false},"excerpt":{"rendered":"<p>Rekisterinpit\u00e4j\u00e4ll\u00e4 on tietosuoja-asetuksen mukaan velvollisuus informoida selke\u00e4ll\u00e4 tavalla rekister\u00f6ityj\u00e4. T\u00e4m\u00e4 seloste t\u00e4ytt\u00e4\u00e4 informointivelvoitteen. 1. Rekisterinpit\u00e4j\u00e4 Edicto OyYhteystiedot:Nuutisarankatu 1533900 Tampere Yhteystiedot rekisteri\u00e4 koskevissa asioissaAntero H\u00e4likk\u00e40405806018antero.halikka@edicto.fi Tapauksen mukaan mahdollisen tietosuojavastaavan yhteystiedot:Tietosuojavastaava Jari Wellingjari.welling@npe.fi 2. Rekister\u00f6idyt Rekisteriss\u00e4 ovat asiakkaat. 3. Henkil\u00f6tietojen k\u00e4ytt\u00f6tarkoitus Rekisterin pit\u00e4misen peruste:Henkil\u00f6tietoja k\u00e4sitell\u00e4\u00e4n rekister\u00f6idyn asiakassuhteen perusteella &nbsp; Henkil\u00f6tietojen k\u00e4sittelyn ja rekisterin k\u00e4ytt\u00f6tarkoitus&nbsp;Henkil\u00f6tietoja k\u00e4sitell\u00e4\u00e4n vain ennalta [&hellip;]<\/p>\n","protected":false},"author":1,"featured_media":0,"parent":0,"menu_order":0,"comment_status":"closed","ping_status":"closed","template":"","meta":{"footnotes":""},"class_list":["post-3","page","type-page","status-publish","hentry"],"yoast_head":"<!-- This site is optimized with the Yoast SEO plugin v27.1.1 - https:\/\/yoast.com\/product\/yoast-seo-wordpress\/ -->\n<title>Edico-rekisteriseloste tietosuojasta - EDICO<\/title>\n<meta name=\"robots\" content=\"index, follow, max-snippet:-1, max-image-preview:large, max-video-preview:-1\" \/>\n<link rel=\"canonical\" href=\"https:\/\/wp.edico.fi\/su\/privacy-policy\/\" \/>\n<meta property=\"og:locale\" content=\"fi_FI\" \/>\n<meta property=\"og:type\" content=\"article\" \/>\n<meta property=\"og:title\" content=\"Edico-rekisteriseloste tietosuojasta - EDICO\" \/>\n<meta property=\"og:description\" content=\"Rekisterinpit\u00e4j\u00e4ll\u00e4 on tietosuoja-asetuksen mukaan velvollisuus informoida selke\u00e4ll\u00e4 tavalla rekister\u00f6ityj\u00e4. T\u00e4m\u00e4 seloste t\u00e4ytt\u00e4\u00e4 informointivelvoitteen. 1. Rekisterinpit\u00e4j\u00e4 Edicto OyYhteystiedot:Nuutisarankatu 1533900 Tampere Yhteystiedot rekisteri\u00e4 koskevissa asioissaAntero H\u00e4likk\u00e40405806018antero.halikka@edicto.fi Tapauksen mukaan mahdollisen tietosuojavastaavan yhteystiedot:Tietosuojavastaava Jari Wellingjari.welling@npe.fi 2. Rekister\u00f6idyt Rekisteriss\u00e4 ovat asiakkaat. 3. Henkil\u00f6tietojen k\u00e4ytt\u00f6tarkoitus Rekisterin pit\u00e4misen peruste:Henkil\u00f6tietoja k\u00e4sitell\u00e4\u00e4n rekister\u00f6idyn asiakassuhteen perusteella &nbsp; Henkil\u00f6tietojen k\u00e4sittelyn ja rekisterin k\u00e4ytt\u00f6tarkoitus&nbsp;Henkil\u00f6tietoja k\u00e4sitell\u00e4\u00e4n vain ennalta [&hellip;]\" \/>\n<meta property=\"og:url\" content=\"https:\/\/wp.edico.fi\/su\/privacy-policy\/\" \/>\n<meta property=\"og:site_name\" content=\"EDICO\" \/>\n<meta property=\"article:modified_time\" content=\"2024-03-19T09:37:06+00:00\" \/>\n<meta name=\"twitter:card\" content=\"summary_large_image\" \/>\n<meta name=\"twitter:label1\" content=\"Arvioitu lukuaika\" \/>\n\t<meta name=\"twitter:data1\" content=\"4 minuuttia\" \/>\n<script type=\"application\/ld+json\" class=\"yoast-schema-graph\">{\"@context\":\"https:\/\/schema.org\",\"@graph\":[{\"@type\":\"WebPage\",\"@id\":\"https:\/\/wp.edico.fi\/privacy-policy\/\",\"url\":\"https:\/\/wp.edico.fi\/privacy-policy\/\",\"name\":\"Edico-rekisteriseloste tietosuojasta - EDICO\",\"isPartOf\":{\"@id\":\"https:\/\/wp.edico.fi\/#website\"},\"datePublished\":\"2023-08-22T09:52:48+00:00\",\"dateModified\":\"2024-03-19T09:37:06+00:00\",\"breadcrumb\":{\"@id\":\"https:\/\/wp.edico.fi\/privacy-policy\/#breadcrumb\"},\"inLanguage\":\"fi\",\"potentialAction\":[{\"@type\":\"ReadAction\",\"target\":[\"https:\/\/wp.edico.fi\/privacy-policy\/\"]}]},{\"@type\":\"BreadcrumbList\",\"@id\":\"https:\/\/wp.edico.fi\/privacy-policy\/#breadcrumb\",\"itemListElement\":[{\"@type\":\"ListItem\",\"position\":1,\"name\":\"Etusivu\",\"item\":\"https:\/\/wp.edico.fi\/\"},{\"@type\":\"ListItem\",\"position\":2,\"name\":\"Edico-rekisteriseloste tietosuojasta\"}]},{\"@type\":\"WebSite\",\"@id\":\"https:\/\/wp.edico.fi\/#website\",\"url\":\"https:\/\/wp.edico.fi\/\",\"name\":\"EDICO\",\"description\":\"Turvallinen paikkasi\",\"publisher\":{\"@id\":\"https:\/\/wp.edico.fi\/#organization\"},\"potentialAction\":[{\"@type\":\"SearchAction\",\"target\":{\"@type\":\"EntryPoint\",\"urlTemplate\":\"https:\/\/wp.edico.fi\/?s={search_term_string}\"},\"query-input\":{\"@type\":\"PropertyValueSpecification\",\"valueRequired\":true,\"valueName\":\"search_term_string\"}}],\"inLanguage\":\"fi\"},{\"@type\":\"Organization\",\"@id\":\"https:\/\/wp.edico.fi\/#organization\",\"name\":\"EDICO\",\"url\":\"https:\/\/wp.edico.fi\/\",\"logo\":{\"@type\":\"ImageObject\",\"inLanguage\":\"fi\",\"@id\":\"https:\/\/wp.edico.fi\/#\/schema\/logo\/image\/\",\"url\":\"https:\/\/wp.edico.fi\/wp-content\/uploads\/2023\/09\/edicologo.png\",\"contentUrl\":\"https:\/\/wp.edico.fi\/wp-content\/uploads\/2023\/09\/edicologo.png\",\"width\":383,\"height\":383,\"caption\":\"EDICO\"},\"image\":{\"@id\":\"https:\/\/wp.edico.fi\/#\/schema\/logo\/image\/\"}}]}<\/script>\n<!-- \/ Yoast SEO plugin. -->","yoast_head_json":{"title":"Edico-rekisteriseloste tietosuojasta - EDICO","robots":{"index":"index","follow":"follow","max-snippet":"max-snippet:-1","max-image-preview":"max-image-preview:large","max-video-preview":"max-video-preview:-1"},"canonical":"https:\/\/wp.edico.fi\/su\/privacy-policy\/","og_locale":"fi_FI","og_type":"article","og_title":"Edico-rekisteriseloste tietosuojasta - EDICO","og_description":"Rekisterinpit\u00e4j\u00e4ll\u00e4 on tietosuoja-asetuksen mukaan velvollisuus informoida selke\u00e4ll\u00e4 tavalla rekister\u00f6ityj\u00e4. T\u00e4m\u00e4 seloste t\u00e4ytt\u00e4\u00e4 informointivelvoitteen. 1. Rekisterinpit\u00e4j\u00e4 Edicto OyYhteystiedot:Nuutisarankatu 1533900 Tampere Yhteystiedot rekisteri\u00e4 koskevissa asioissaAntero H\u00e4likk\u00e40405806018antero.halikka@edicto.fi Tapauksen mukaan mahdollisen tietosuojavastaavan yhteystiedot:Tietosuojavastaava Jari Wellingjari.welling@npe.fi 2. Rekister\u00f6idyt Rekisteriss\u00e4 ovat asiakkaat. 3. Henkil\u00f6tietojen k\u00e4ytt\u00f6tarkoitus Rekisterin pit\u00e4misen peruste:Henkil\u00f6tietoja k\u00e4sitell\u00e4\u00e4n rekister\u00f6idyn asiakassuhteen perusteella &nbsp; Henkil\u00f6tietojen k\u00e4sittelyn ja rekisterin k\u00e4ytt\u00f6tarkoitus&nbsp;Henkil\u00f6tietoja k\u00e4sitell\u00e4\u00e4n vain ennalta [&hellip;]","og_url":"https:\/\/wp.edico.fi\/su\/privacy-policy\/","og_site_name":"EDICO","article_modified_time":"2024-03-19T09:37:06+00:00","twitter_card":"summary_large_image","twitter_misc":{"Arvioitu lukuaika":"4 minuuttia"},"schema":{"@context":"https:\/\/schema.org","@graph":[{"@type":"WebPage","@id":"https:\/\/wp.edico.fi\/privacy-policy\/","url":"https:\/\/wp.edico.fi\/privacy-policy\/","name":"Edico-rekisteriseloste tietosuojasta - EDICO","isPartOf":{"@id":"https:\/\/wp.edico.fi\/#website"},"datePublished":"2023-08-22T09:52:48+00:00","dateModified":"2024-03-19T09:37:06+00:00","breadcrumb":{"@id":"https:\/\/wp.edico.fi\/privacy-policy\/#breadcrumb"},"inLanguage":"fi","potentialAction":[{"@type":"ReadAction","target":["https:\/\/wp.edico.fi\/privacy-policy\/"]}]},{"@type":"BreadcrumbList","@id":"https:\/\/wp.edico.fi\/privacy-policy\/#breadcrumb","itemListElement":[{"@type":"ListItem","position":1,"name":"Etusivu","item":"https:\/\/wp.edico.fi\/"},{"@type":"ListItem","position":2,"name":"Edico-rekisteriseloste tietosuojasta"}]},{"@type":"WebSite","@id":"https:\/\/wp.edico.fi\/#website","url":"https:\/\/wp.edico.fi\/","name":"EDICO","description":"Turvallinen paikkasi","publisher":{"@id":"https:\/\/wp.edico.fi\/#organization"},"potentialAction":[{"@type":"SearchAction","target":{"@type":"EntryPoint","urlTemplate":"https:\/\/wp.edico.fi\/?s={search_term_string}"},"query-input":{"@type":"PropertyValueSpecification","valueRequired":true,"valueName":"search_term_string"}}],"inLanguage":"fi"},{"@type":"Organization","@id":"https:\/\/wp.edico.fi\/#organization","name":"EDICO","url":"https:\/\/wp.edico.fi\/","logo":{"@type":"ImageObject","inLanguage":"fi","@id":"https:\/\/wp.edico.fi\/#\/schema\/logo\/image\/","url":"https:\/\/wp.edico.fi\/wp-content\/uploads\/2023\/09\/edicologo.png","contentUrl":"https:\/\/wp.edico.fi\/wp-content\/uploads\/2023\/09\/edicologo.png","width":383,"height":383,"caption":"EDICO"},"image":{"@id":"https:\/\/wp.edico.fi\/#\/schema\/logo\/image\/"}}]}},"_links":{"self":[{"href":"https:\/\/wp.edico.fi\/su\/wp-json\/wp\/v2\/pages\/3","targetHints":{"allow":["GET"]}}],"collection":[{"href":"https:\/\/wp.edico.fi\/su\/wp-json\/wp\/v2\/pages"}],"about":[{"href":"https:\/\/wp.edico.fi\/su\/wp-json\/wp\/v2\/types\/page"}],"author":[{"embeddable":true,"href":"https:\/\/wp.edico.fi\/su\/wp-json\/wp\/v2\/users\/1"}],"replies":[{"embeddable":true,"href":"https:\/\/wp.edico.fi\/su\/wp-json\/wp\/v2\/comments?post=3"}],"version-history":[{"count":4,"href":"https:\/\/wp.edico.fi\/su\/wp-json\/wp\/v2\/pages\/3\/revisions"}],"predecessor-version":[{"id":2642,"href":"https:\/\/wp.edico.fi\/su\/wp-json\/wp\/v2\/pages\/3\/revisions\/2642"}],"wp:attachment":[{"href":"https:\/\/wp.edico.fi\/su\/wp-json\/wp\/v2\/media?parent=3"}],"curies":[{"name":"wp","href":"https:\/\/api.w.org\/{rel}","templated":true}]}}