{"id":2801,"date":"2024-05-21T11:02:45","date_gmt":"2024-05-21T08:02:45","guid":{"rendered":"https:\/\/wp.edico.fi\/?page_id=2801"},"modified":"2024-05-28T10:55:28","modified_gmt":"2024-05-28T07:55:28","slug":"tiedostojen-jakamisesta-ja-sailyttamisesta-edico-palveluissa","status":"publish","type":"page","link":"https:\/\/wp.edico.fi\/su\/tiedostojen-jakamisesta-ja-sailyttamisesta-edico-palveluissa\/","title":{"rendered":"Tiedostojen jakamisesta ja s\u00e4ilytt\u00e4misest\u00e4 Edico -palveluissa"},"content":{"rendered":"\n<p class=\"animated fadeInUp\">Edico-palvelussa voi jakaa isojakin tiedostoja kuten videoita. Jakamista varten lyhytaikaista muistikapasiteettia on varattu yht\u00e4 tili\u00e4 kohden 10 tai 30 GB.<\/p>\n\n\n\n<p class=\"animated fadeInUp\">Edico-palveluja ei ole tarkoitettu tiedostojen s\u00e4ilytt\u00e4miseen eik\u00e4 niit\u00e4 varmuuskopioida automaattisesti minnek\u00e4\u00e4n. Tiedostoja voi varmuuskopioida Edico-kansiosta oman tietokoneen kovalevylle tai erilliselle tallennuslaitteelle.<\/p>\n\n\n\n<p class=\"animated fadeInUp\">Tiedostojen pidempiaikaista s\u00e4ilytt\u00e4mist\u00e4 varten on internetiss\u00e4 tarjolla pilvipalveluja. Niihin voi palveluun liitetyll\u00e4 mobiililaitteella hakea avattuun Edico-istuntoon tiedostoja ja toisaalta ladata kyseisiin palveluihin istuntokansiossa olevia tiedostoja. <\/p>\n\n\n\n<p class=\"animated fadeInUp\">Edico huomauttaa, kun muistia varaavat tiedostot ovat unohtuneet pidemm\u00e4ksi aikaa, toisin sanoen kun ne varaavat yhdess\u00e4 kansiossa viikon aikana muistia yli 2 GB viimeisest\u00e4 latauksesta.<br>Edico voi pakottaa tekem\u00e4\u00e4n tilaa uusille tiedostolle, jolloin vanhimpia voidaan poistaa tai siirt\u00e4\u00e4 muualle.<\/p>\n","protected":false},"excerpt":{"rendered":"<p>Edico-palvelussa voi jakaa isojakin tiedostoja kuten videoita. Jakamista varten lyhytaikaista muistikapasiteettia on varattu yht\u00e4 tili\u00e4 kohden 10 tai 30 GB. Edico-palveluja ei ole tarkoitettu tiedostojen s\u00e4ilytt\u00e4miseen eik\u00e4 niit\u00e4 varmuuskopioida automaattisesti minnek\u00e4\u00e4n. Tiedostoja voi varmuuskopioida Edico-kansiosta oman tietokoneen kovalevylle tai erilliselle tallennuslaitteelle. Tiedostojen pidempiaikaista s\u00e4ilytt\u00e4mist\u00e4 varten on internetiss\u00e4 tarjolla pilvipalveluja. Niihin voi palveluun liitetyll\u00e4 mobiililaitteella hakea [&hellip;]<\/p>\n","protected":false},"author":1,"featured_media":0,"parent":0,"menu_order":0,"comment_status":"closed","ping_status":"closed","template":"","meta":{"footnotes":""},"class_list":["post-2801","page","type-page","status-publish","hentry"],"yoast_head":"<!-- This site is optimized with the Yoast SEO plugin v27.1.1 - https:\/\/yoast.com\/product\/yoast-seo-wordpress\/ -->\n<title>Tiedostojen jakamisesta ja s\u00e4ilytt\u00e4misest\u00e4 Edico -palveluissa - EDICO<\/title>\n<meta name=\"robots\" content=\"index, follow, max-snippet:-1, max-image-preview:large, max-video-preview:-1\" \/>\n<link rel=\"canonical\" href=\"https:\/\/wp.edico.fi\/su\/tiedostojen-jakamisesta-ja-sailyttamisesta-edico-palveluissa\/\" \/>\n<meta property=\"og:locale\" content=\"fi_FI\" \/>\n<meta property=\"og:type\" content=\"article\" \/>\n<meta property=\"og:title\" content=\"Tiedostojen jakamisesta ja s\u00e4ilytt\u00e4misest\u00e4 Edico -palveluissa - EDICO\" \/>\n<meta property=\"og:description\" content=\"Edico-palvelussa voi jakaa isojakin tiedostoja kuten videoita. Jakamista varten lyhytaikaista muistikapasiteettia on varattu yht\u00e4 tili\u00e4 kohden 10 tai 30 GB. Edico-palveluja ei ole tarkoitettu tiedostojen s\u00e4ilytt\u00e4miseen eik\u00e4 niit\u00e4 varmuuskopioida automaattisesti minnek\u00e4\u00e4n. Tiedostoja voi varmuuskopioida Edico-kansiosta oman tietokoneen kovalevylle tai erilliselle tallennuslaitteelle. Tiedostojen pidempiaikaista s\u00e4ilytt\u00e4mist\u00e4 varten on internetiss\u00e4 tarjolla pilvipalveluja. Niihin voi palveluun liitetyll\u00e4 mobiililaitteella hakea [&hellip;]\" \/>\n<meta property=\"og:url\" content=\"https:\/\/wp.edico.fi\/su\/tiedostojen-jakamisesta-ja-sailyttamisesta-edico-palveluissa\/\" \/>\n<meta property=\"og:site_name\" content=\"EDICO\" \/>\n<meta property=\"article:modified_time\" content=\"2024-05-28T07:55:28+00:00\" \/>\n<meta name=\"twitter:card\" content=\"summary_large_image\" \/>\n<meta name=\"twitter:label1\" content=\"Arvioitu lukuaika\" \/>\n\t<meta name=\"twitter:data1\" content=\"1 minuutti\" \/>\n<script type=\"application\/ld+json\" class=\"yoast-schema-graph\">{\"@context\":\"https:\/\/schema.org\",\"@graph\":[{\"@type\":\"WebPage\",\"@id\":\"https:\/\/wp.edico.fi\/tiedostojen-jakamisesta-ja-sailyttamisesta-edico-palveluissa\/\",\"url\":\"https:\/\/wp.edico.fi\/tiedostojen-jakamisesta-ja-sailyttamisesta-edico-palveluissa\/\",\"name\":\"Tiedostojen jakamisesta ja s\u00e4ilytt\u00e4misest\u00e4 Edico -palveluissa - EDICO\",\"isPartOf\":{\"@id\":\"https:\/\/wp.edico.fi\/#website\"},\"datePublished\":\"2024-05-21T08:02:45+00:00\",\"dateModified\":\"2024-05-28T07:55:28+00:00\",\"breadcrumb\":{\"@id\":\"https:\/\/wp.edico.fi\/tiedostojen-jakamisesta-ja-sailyttamisesta-edico-palveluissa\/#breadcrumb\"},\"inLanguage\":\"fi\",\"potentialAction\":[{\"@type\":\"ReadAction\",\"target\":[\"https:\/\/wp.edico.fi\/tiedostojen-jakamisesta-ja-sailyttamisesta-edico-palveluissa\/\"]}]},{\"@type\":\"BreadcrumbList\",\"@id\":\"https:\/\/wp.edico.fi\/tiedostojen-jakamisesta-ja-sailyttamisesta-edico-palveluissa\/#breadcrumb\",\"itemListElement\":[{\"@type\":\"ListItem\",\"position\":1,\"name\":\"Etusivu\",\"item\":\"https:\/\/wp.edico.fi\/\"},{\"@type\":\"ListItem\",\"position\":2,\"name\":\"Tiedostojen jakamisesta ja s\u00e4ilytt\u00e4misest\u00e4 Edico -palveluissa\"}]},{\"@type\":\"WebSite\",\"@id\":\"https:\/\/wp.edico.fi\/#website\",\"url\":\"https:\/\/wp.edico.fi\/\",\"name\":\"EDICO\",\"description\":\"Turvallinen paikkasi\",\"publisher\":{\"@id\":\"https:\/\/wp.edico.fi\/#organization\"},\"potentialAction\":[{\"@type\":\"SearchAction\",\"target\":{\"@type\":\"EntryPoint\",\"urlTemplate\":\"https:\/\/wp.edico.fi\/?s={search_term_string}\"},\"query-input\":{\"@type\":\"PropertyValueSpecification\",\"valueRequired\":true,\"valueName\":\"search_term_string\"}}],\"inLanguage\":\"fi\"},{\"@type\":\"Organization\",\"@id\":\"https:\/\/wp.edico.fi\/#organization\",\"name\":\"EDICO\",\"url\":\"https:\/\/wp.edico.fi\/\",\"logo\":{\"@type\":\"ImageObject\",\"inLanguage\":\"fi\",\"@id\":\"https:\/\/wp.edico.fi\/#\/schema\/logo\/image\/\",\"url\":\"https:\/\/wp.edico.fi\/wp-content\/uploads\/2023\/09\/edicologo.png\",\"contentUrl\":\"https:\/\/wp.edico.fi\/wp-content\/uploads\/2023\/09\/edicologo.png\",\"width\":383,\"height\":383,\"caption\":\"EDICO\"},\"image\":{\"@id\":\"https:\/\/wp.edico.fi\/#\/schema\/logo\/image\/\"}}]}<\/script>\n<!-- \/ Yoast SEO plugin. -->","yoast_head_json":{"title":"Tiedostojen jakamisesta ja s\u00e4ilytt\u00e4misest\u00e4 Edico -palveluissa - EDICO","robots":{"index":"index","follow":"follow","max-snippet":"max-snippet:-1","max-image-preview":"max-image-preview:large","max-video-preview":"max-video-preview:-1"},"canonical":"https:\/\/wp.edico.fi\/su\/tiedostojen-jakamisesta-ja-sailyttamisesta-edico-palveluissa\/","og_locale":"fi_FI","og_type":"article","og_title":"Tiedostojen jakamisesta ja s\u00e4ilytt\u00e4misest\u00e4 Edico -palveluissa - EDICO","og_description":"Edico-palvelussa voi jakaa isojakin tiedostoja kuten videoita. Jakamista varten lyhytaikaista muistikapasiteettia on varattu yht\u00e4 tili\u00e4 kohden 10 tai 30 GB. Edico-palveluja ei ole tarkoitettu tiedostojen s\u00e4ilytt\u00e4miseen eik\u00e4 niit\u00e4 varmuuskopioida automaattisesti minnek\u00e4\u00e4n. Tiedostoja voi varmuuskopioida Edico-kansiosta oman tietokoneen kovalevylle tai erilliselle tallennuslaitteelle. Tiedostojen pidempiaikaista s\u00e4ilytt\u00e4mist\u00e4 varten on internetiss\u00e4 tarjolla pilvipalveluja. Niihin voi palveluun liitetyll\u00e4 mobiililaitteella hakea [&hellip;]","og_url":"https:\/\/wp.edico.fi\/su\/tiedostojen-jakamisesta-ja-sailyttamisesta-edico-palveluissa\/","og_site_name":"EDICO","article_modified_time":"2024-05-28T07:55:28+00:00","twitter_card":"summary_large_image","twitter_misc":{"Arvioitu lukuaika":"1 minuutti"},"schema":{"@context":"https:\/\/schema.org","@graph":[{"@type":"WebPage","@id":"https:\/\/wp.edico.fi\/tiedostojen-jakamisesta-ja-sailyttamisesta-edico-palveluissa\/","url":"https:\/\/wp.edico.fi\/tiedostojen-jakamisesta-ja-sailyttamisesta-edico-palveluissa\/","name":"Tiedostojen jakamisesta ja s\u00e4ilytt\u00e4misest\u00e4 Edico -palveluissa - EDICO","isPartOf":{"@id":"https:\/\/wp.edico.fi\/#website"},"datePublished":"2024-05-21T08:02:45+00:00","dateModified":"2024-05-28T07:55:28+00:00","breadcrumb":{"@id":"https:\/\/wp.edico.fi\/tiedostojen-jakamisesta-ja-sailyttamisesta-edico-palveluissa\/#breadcrumb"},"inLanguage":"fi","potentialAction":[{"@type":"ReadAction","target":["https:\/\/wp.edico.fi\/tiedostojen-jakamisesta-ja-sailyttamisesta-edico-palveluissa\/"]}]},{"@type":"BreadcrumbList","@id":"https:\/\/wp.edico.fi\/tiedostojen-jakamisesta-ja-sailyttamisesta-edico-palveluissa\/#breadcrumb","itemListElement":[{"@type":"ListItem","position":1,"name":"Etusivu","item":"https:\/\/wp.edico.fi\/"},{"@type":"ListItem","position":2,"name":"Tiedostojen jakamisesta ja s\u00e4ilytt\u00e4misest\u00e4 Edico -palveluissa"}]},{"@type":"WebSite","@id":"https:\/\/wp.edico.fi\/#website","url":"https:\/\/wp.edico.fi\/","name":"EDICO","description":"Turvallinen paikkasi","publisher":{"@id":"https:\/\/wp.edico.fi\/#organization"},"potentialAction":[{"@type":"SearchAction","target":{"@type":"EntryPoint","urlTemplate":"https:\/\/wp.edico.fi\/?s={search_term_string}"},"query-input":{"@type":"PropertyValueSpecification","valueRequired":true,"valueName":"search_term_string"}}],"inLanguage":"fi"},{"@type":"Organization","@id":"https:\/\/wp.edico.fi\/#organization","name":"EDICO","url":"https:\/\/wp.edico.fi\/","logo":{"@type":"ImageObject","inLanguage":"fi","@id":"https:\/\/wp.edico.fi\/#\/schema\/logo\/image\/","url":"https:\/\/wp.edico.fi\/wp-content\/uploads\/2023\/09\/edicologo.png","contentUrl":"https:\/\/wp.edico.fi\/wp-content\/uploads\/2023\/09\/edicologo.png","width":383,"height":383,"caption":"EDICO"},"image":{"@id":"https:\/\/wp.edico.fi\/#\/schema\/logo\/image\/"}}]}},"_links":{"self":[{"href":"https:\/\/wp.edico.fi\/su\/wp-json\/wp\/v2\/pages\/2801","targetHints":{"allow":["GET"]}}],"collection":[{"href":"https:\/\/wp.edico.fi\/su\/wp-json\/wp\/v2\/pages"}],"about":[{"href":"https:\/\/wp.edico.fi\/su\/wp-json\/wp\/v2\/types\/page"}],"author":[{"embeddable":true,"href":"https:\/\/wp.edico.fi\/su\/wp-json\/wp\/v2\/users\/1"}],"replies":[{"embeddable":true,"href":"https:\/\/wp.edico.fi\/su\/wp-json\/wp\/v2\/comments?post=2801"}],"version-history":[{"count":2,"href":"https:\/\/wp.edico.fi\/su\/wp-json\/wp\/v2\/pages\/2801\/revisions"}],"predecessor-version":[{"id":2920,"href":"https:\/\/wp.edico.fi\/su\/wp-json\/wp\/v2\/pages\/2801\/revisions\/2920"}],"wp:attachment":[{"href":"https:\/\/wp.edico.fi\/su\/wp-json\/wp\/v2\/media?parent=2801"}],"curies":[{"name":"wp","href":"https:\/\/api.w.org\/{rel}","templated":true}]}}