{"id":2519,"date":"2024-03-08T11:33:59","date_gmt":"2024-03-08T09:33:59","guid":{"rendered":"http:\/\/localhost\/wordpress-6.3\/wordpress\/?page_id=2519"},"modified":"2025-08-08T13:44:25","modified_gmt":"2025-08-08T10:44:25","slug":"osallistu-kutsuttuna","status":"publish","type":"page","link":"https:\/\/wp.edico.fi\/su\/osallistu-kutsuttuna\/","title":{"rendered":"Osallistu kutsuttuna"},"content":{"rendered":"\n<div class=\"wp-block-buttons is-layout-flex wp-block-buttons-is-layout-flex\">\n<div class=\"wp-block-button animated pulse o-anim-hover\"><a class=\"wp-block-button__link wp-element-button\" href=\"https:\/\/vm2.edico.fi\/session_folder\/name_query?lang=fi\" style=\"border-radius:20px\" target=\"_blank\" rel=\"noreferrer noopener\">Osallistun &#8211; Edico S<\/a><\/div>\n\n\n\n<div class=\"wp-block-button animated pulse o-anim-hover\"><a class=\"wp-block-button__link wp-element-button\" href=\"https:\/\/vm2.edico.fi:1236\/session_folder\/name_query?lang=fi\" style=\"border-radius:20px\" target=\"_blank\" rel=\"noreferrer noopener\">Osallistun &#8211; Edico Lite<\/a><\/div>\n<\/div>\n\n\n\n<p class=\"animated fadeIn\" style=\"font-size:clamp(0.901rem, 0.901rem + ((1vw - 0.2rem) * 0.816), 1.35rem);\"><strong>Mist\u00e4 on kysymys?<br><\/strong>Kutsuja haluaa toimittaa asiakirjan tai pyyt\u00e4\u00e4 sellaisen sinulta netin kautta k\u00e4ytt\u00e4m\u00e4tt\u00e4 s\u00e4hk\u00f6postia. P\u00e4\u00e4set kirjautumaan kutsujan antamalla istuntonumerolla ja salasanalla istuntokansioon, jonka h\u00e4n on avannut.<\/p>\n\n\n\n<p class=\"animated fadeIn\" style=\"font-size:clamp(0.901rem, 0.901rem + ((1vw - 0.2rem) * 0.816), 1.35rem);\">Seuraavassa saat tarkempaa tietoa turvallisesta tiedon jakamisesta ja mahdollisuudesta kokeilla menetelm\u00e4\u00e4 ilmaiseksi.<\/p>\n\n\n\n<p class=\"animated fadeIn\" style=\"font-size:clamp(0.901rem, 0.901rem + ((1vw - 0.2rem) * 0.816), 1.35rem);\">Haluatko toimittaa videotiedoston tai asiakirjan tai pyyt\u00e4\u00e4 sellaisen kumppaniltasi netin kautta k\u00e4ytt\u00e4m\u00e4tt\u00e4 s\u00e4hk\u00f6postia? Se on mahdollista eri Edico tuotteiden kautta tai se on mahdollista my\u00f6s Edico Lite -ilmaisistuntokansion kautta.<\/p>\n\n\n\n<p class=\"animated fadeInDown has-primary-color has-text-color has-link-color has-large-font-size wp-elements-87d6563f1449aa5aa1f0fe6bf162aecd\"><strong>Testaa luotettavaa tiedoston jakamista netiss\u00e4 ilmaiseksi Edico Lite -istuntokansiossa!<\/strong><\/p>\n\n\n\n<p class=\"animated fadeIn\" style=\"font-size:clamp(0.901rem, 0.901rem + ((1vw - 0.2rem) * 0.816), 1.35rem);\"><strong>Lyhyesti<\/strong><br>Yst\u00e4v\u00e4si on kirjautunut Edico Lite -istuntokansioon ja h\u00e4n pyyt\u00e4\u00e4 sinua menem\u00e4\u00e4n Edico -palvelun www-sivulle ja kirjautumaan siell\u00e4 &#8221;Osallistu kutsuttuna&#8221; -linkin kautta Edico Lite &#8211; istuntokansioon.<\/p>\n\n\n\n<p class=\"animated fadeIn\" style=\"font-size:clamp(0.901rem, 0.901rem + ((1vw - 0.2rem) * 0.816), 1.35rem);\">Yst\u00e4v\u00e4si on antanut sinulle istuntonumeron ja salasanan. N\u00e4ill\u00e4 tiedoilla p\u00e4\u00e4set liittym\u00e4\u00e4n istuntokansioon ja k\u00e4ytt\u00e4m\u00e4\u00e4n sit\u00e4 48h ajan yhdess\u00e4 yst\u00e4v\u00e4si kanssa.<\/p>\n\n\n\n<p class=\"animated fadeIn\" style=\"font-size:clamp(0.901rem, 0.901rem + ((1vw - 0.2rem) * 0.816), 1.35rem);\"><strong>Ilmaisen mahdollisuuden avaaminen<br><\/strong>Saat t\u00e4m\u00e4n mahdollisuuden sitoutumatta pysyv\u00e4sti mihink\u00e4\u00e4n maksulliseen palveluun.<\/p>\n","protected":false},"excerpt":{"rendered":"<p>Mist\u00e4 on kysymys?Kutsuja haluaa toimittaa asiakirjan tai pyyt\u00e4\u00e4 sellaisen sinulta netin kautta k\u00e4ytt\u00e4m\u00e4tt\u00e4 s\u00e4hk\u00f6postia. P\u00e4\u00e4set kirjautumaan kutsujan antamalla istuntonumerolla ja salasanalla istuntokansioon, jonka h\u00e4n on avannut. Seuraavassa saat tarkempaa tietoa turvallisesta tiedon jakamisesta ja mahdollisuudesta kokeilla menetelm\u00e4\u00e4 ilmaiseksi. Haluatko toimittaa videotiedoston tai asiakirjan tai pyyt\u00e4\u00e4 sellaisen kumppaniltasi netin kautta k\u00e4ytt\u00e4m\u00e4tt\u00e4 s\u00e4hk\u00f6postia? Se on mahdollista eri [&hellip;]<\/p>\n","protected":false},"author":1,"featured_media":0,"parent":0,"menu_order":0,"comment_status":"closed","ping_status":"closed","template":"","meta":{"footnotes":""},"class_list":["post-2519","page","type-page","status-publish","hentry"],"yoast_head":"<!-- This site is optimized with the Yoast SEO plugin v27.1.1 - https:\/\/yoast.com\/product\/yoast-seo-wordpress\/ -->\n<title>Osallistu kutsuttuna - EDICO<\/title>\n<meta name=\"robots\" content=\"index, follow, max-snippet:-1, max-image-preview:large, max-video-preview:-1\" \/>\n<link rel=\"canonical\" href=\"https:\/\/wp.edico.fi\/su\/osallistu-kutsuttuna\/\" \/>\n<meta property=\"og:locale\" content=\"fi_FI\" \/>\n<meta property=\"og:type\" content=\"article\" \/>\n<meta property=\"og:title\" content=\"Osallistu kutsuttuna - EDICO\" \/>\n<meta property=\"og:description\" content=\"Mist\u00e4 on kysymys?Kutsuja haluaa toimittaa asiakirjan tai pyyt\u00e4\u00e4 sellaisen sinulta netin kautta k\u00e4ytt\u00e4m\u00e4tt\u00e4 s\u00e4hk\u00f6postia. P\u00e4\u00e4set kirjautumaan kutsujan antamalla istuntonumerolla ja salasanalla istuntokansioon, jonka h\u00e4n on avannut. Seuraavassa saat tarkempaa tietoa turvallisesta tiedon jakamisesta ja mahdollisuudesta kokeilla menetelm\u00e4\u00e4 ilmaiseksi. Haluatko toimittaa videotiedoston tai asiakirjan tai pyyt\u00e4\u00e4 sellaisen kumppaniltasi netin kautta k\u00e4ytt\u00e4m\u00e4tt\u00e4 s\u00e4hk\u00f6postia? Se on mahdollista eri [&hellip;]\" \/>\n<meta property=\"og:url\" content=\"https:\/\/wp.edico.fi\/su\/osallistu-kutsuttuna\/\" \/>\n<meta property=\"og:site_name\" content=\"EDICO\" \/>\n<meta property=\"article:modified_time\" content=\"2025-08-08T10:44:25+00:00\" \/>\n<meta name=\"twitter:card\" content=\"summary_large_image\" \/>\n<meta name=\"twitter:label1\" content=\"Arvioitu lukuaika\" \/>\n\t<meta name=\"twitter:data1\" content=\"1 minuutti\" \/>\n<script type=\"application\/ld+json\" class=\"yoast-schema-graph\">{\"@context\":\"https:\/\/schema.org\",\"@graph\":[{\"@type\":\"WebPage\",\"@id\":\"https:\/\/wp.edico.fi\/osallistu-kutsuttuna\/\",\"url\":\"https:\/\/wp.edico.fi\/osallistu-kutsuttuna\/\",\"name\":\"Osallistu kutsuttuna - EDICO\",\"isPartOf\":{\"@id\":\"https:\/\/wp.edico.fi\/#website\"},\"datePublished\":\"2024-03-08T09:33:59+00:00\",\"dateModified\":\"2025-08-08T10:44:25+00:00\",\"breadcrumb\":{\"@id\":\"https:\/\/wp.edico.fi\/osallistu-kutsuttuna\/#breadcrumb\"},\"inLanguage\":\"fi\",\"potentialAction\":[{\"@type\":\"ReadAction\",\"target\":[\"https:\/\/wp.edico.fi\/osallistu-kutsuttuna\/\"]}]},{\"@type\":\"BreadcrumbList\",\"@id\":\"https:\/\/wp.edico.fi\/osallistu-kutsuttuna\/#breadcrumb\",\"itemListElement\":[{\"@type\":\"ListItem\",\"position\":1,\"name\":\"Etusivu\",\"item\":\"https:\/\/wp.edico.fi\/\"},{\"@type\":\"ListItem\",\"position\":2,\"name\":\"Osallistu kutsuttuna\"}]},{\"@type\":\"WebSite\",\"@id\":\"https:\/\/wp.edico.fi\/#website\",\"url\":\"https:\/\/wp.edico.fi\/\",\"name\":\"EDICO\",\"description\":\"Turvallinen paikkasi\",\"publisher\":{\"@id\":\"https:\/\/wp.edico.fi\/#organization\"},\"potentialAction\":[{\"@type\":\"SearchAction\",\"target\":{\"@type\":\"EntryPoint\",\"urlTemplate\":\"https:\/\/wp.edico.fi\/?s={search_term_string}\"},\"query-input\":{\"@type\":\"PropertyValueSpecification\",\"valueRequired\":true,\"valueName\":\"search_term_string\"}}],\"inLanguage\":\"fi\"},{\"@type\":\"Organization\",\"@id\":\"https:\/\/wp.edico.fi\/#organization\",\"name\":\"EDICO\",\"url\":\"https:\/\/wp.edico.fi\/\",\"logo\":{\"@type\":\"ImageObject\",\"inLanguage\":\"fi\",\"@id\":\"https:\/\/wp.edico.fi\/#\/schema\/logo\/image\/\",\"url\":\"https:\/\/wp.edico.fi\/wp-content\/uploads\/2023\/09\/edicologo.png\",\"contentUrl\":\"https:\/\/wp.edico.fi\/wp-content\/uploads\/2023\/09\/edicologo.png\",\"width\":383,\"height\":383,\"caption\":\"EDICO\"},\"image\":{\"@id\":\"https:\/\/wp.edico.fi\/#\/schema\/logo\/image\/\"}}]}<\/script>\n<!-- \/ Yoast SEO plugin. -->","yoast_head_json":{"title":"Osallistu kutsuttuna - EDICO","robots":{"index":"index","follow":"follow","max-snippet":"max-snippet:-1","max-image-preview":"max-image-preview:large","max-video-preview":"max-video-preview:-1"},"canonical":"https:\/\/wp.edico.fi\/su\/osallistu-kutsuttuna\/","og_locale":"fi_FI","og_type":"article","og_title":"Osallistu kutsuttuna - EDICO","og_description":"Mist\u00e4 on kysymys?Kutsuja haluaa toimittaa asiakirjan tai pyyt\u00e4\u00e4 sellaisen sinulta netin kautta k\u00e4ytt\u00e4m\u00e4tt\u00e4 s\u00e4hk\u00f6postia. P\u00e4\u00e4set kirjautumaan kutsujan antamalla istuntonumerolla ja salasanalla istuntokansioon, jonka h\u00e4n on avannut. Seuraavassa saat tarkempaa tietoa turvallisesta tiedon jakamisesta ja mahdollisuudesta kokeilla menetelm\u00e4\u00e4 ilmaiseksi. Haluatko toimittaa videotiedoston tai asiakirjan tai pyyt\u00e4\u00e4 sellaisen kumppaniltasi netin kautta k\u00e4ytt\u00e4m\u00e4tt\u00e4 s\u00e4hk\u00f6postia? Se on mahdollista eri [&hellip;]","og_url":"https:\/\/wp.edico.fi\/su\/osallistu-kutsuttuna\/","og_site_name":"EDICO","article_modified_time":"2025-08-08T10:44:25+00:00","twitter_card":"summary_large_image","twitter_misc":{"Arvioitu lukuaika":"1 minuutti"},"schema":{"@context":"https:\/\/schema.org","@graph":[{"@type":"WebPage","@id":"https:\/\/wp.edico.fi\/osallistu-kutsuttuna\/","url":"https:\/\/wp.edico.fi\/osallistu-kutsuttuna\/","name":"Osallistu kutsuttuna - EDICO","isPartOf":{"@id":"https:\/\/wp.edico.fi\/#website"},"datePublished":"2024-03-08T09:33:59+00:00","dateModified":"2025-08-08T10:44:25+00:00","breadcrumb":{"@id":"https:\/\/wp.edico.fi\/osallistu-kutsuttuna\/#breadcrumb"},"inLanguage":"fi","potentialAction":[{"@type":"ReadAction","target":["https:\/\/wp.edico.fi\/osallistu-kutsuttuna\/"]}]},{"@type":"BreadcrumbList","@id":"https:\/\/wp.edico.fi\/osallistu-kutsuttuna\/#breadcrumb","itemListElement":[{"@type":"ListItem","position":1,"name":"Etusivu","item":"https:\/\/wp.edico.fi\/"},{"@type":"ListItem","position":2,"name":"Osallistu kutsuttuna"}]},{"@type":"WebSite","@id":"https:\/\/wp.edico.fi\/#website","url":"https:\/\/wp.edico.fi\/","name":"EDICO","description":"Turvallinen paikkasi","publisher":{"@id":"https:\/\/wp.edico.fi\/#organization"},"potentialAction":[{"@type":"SearchAction","target":{"@type":"EntryPoint","urlTemplate":"https:\/\/wp.edico.fi\/?s={search_term_string}"},"query-input":{"@type":"PropertyValueSpecification","valueRequired":true,"valueName":"search_term_string"}}],"inLanguage":"fi"},{"@type":"Organization","@id":"https:\/\/wp.edico.fi\/#organization","name":"EDICO","url":"https:\/\/wp.edico.fi\/","logo":{"@type":"ImageObject","inLanguage":"fi","@id":"https:\/\/wp.edico.fi\/#\/schema\/logo\/image\/","url":"https:\/\/wp.edico.fi\/wp-content\/uploads\/2023\/09\/edicologo.png","contentUrl":"https:\/\/wp.edico.fi\/wp-content\/uploads\/2023\/09\/edicologo.png","width":383,"height":383,"caption":"EDICO"},"image":{"@id":"https:\/\/wp.edico.fi\/#\/schema\/logo\/image\/"}}]}},"_links":{"self":[{"href":"https:\/\/wp.edico.fi\/su\/wp-json\/wp\/v2\/pages\/2519","targetHints":{"allow":["GET"]}}],"collection":[{"href":"https:\/\/wp.edico.fi\/su\/wp-json\/wp\/v2\/pages"}],"about":[{"href":"https:\/\/wp.edico.fi\/su\/wp-json\/wp\/v2\/types\/page"}],"author":[{"embeddable":true,"href":"https:\/\/wp.edico.fi\/su\/wp-json\/wp\/v2\/users\/1"}],"replies":[{"embeddable":true,"href":"https:\/\/wp.edico.fi\/su\/wp-json\/wp\/v2\/comments?post=2519"}],"version-history":[{"count":29,"href":"https:\/\/wp.edico.fi\/su\/wp-json\/wp\/v2\/pages\/2519\/revisions"}],"predecessor-version":[{"id":4175,"href":"https:\/\/wp.edico.fi\/su\/wp-json\/wp\/v2\/pages\/2519\/revisions\/4175"}],"wp:attachment":[{"href":"https:\/\/wp.edico.fi\/su\/wp-json\/wp\/v2\/media?parent=2519"}],"curies":[{"name":"wp","href":"https:\/\/api.w.org\/{rel}","templated":true}]}}