{"id":2194,"date":"2024-02-13T12:32:49","date_gmt":"2024-02-13T10:32:49","guid":{"rendered":"http:\/\/localhost\/wordpress-6.3\/wordpress\/?page_id=2194"},"modified":"2024-05-24T10:41:10","modified_gmt":"2024-05-24T07:41:10","slug":"miksi-edico-palvelu","status":"publish","type":"page","link":"https:\/\/wp.edico.fi\/su\/miksi-edico-palvelu\/","title":{"rendered":"Miksi Edico \u2013 palvelu?"},"content":{"rendered":"\n<p class=\"animated fadeInUp has-medium-font-size\"><strong>Turvallisuus<\/strong> <br>Tiedot, joita haluan vaihtaa istuntokansioon kutsuttujen ihmisten kanssa, pysyv\u00e4t vain ryhm\u00e4n tiedossa.<br>Tiedot eiv\u00e4t katoa internetin avaruuteen eiv\u00e4tk\u00e4 erilaisille valtioiden tiedustelupalveluille. Voit korvata s\u00e4hk\u00f6postiliikenteen puhelinyhteydell\u00e4 ja Edico-palvelulla. Silloin v\u00e4lt\u00e4t s\u00e4hk\u00f6postiviestien sieppaukset.<\/p>\n\n\n\n<p class=\"animated fadeInUp has-medium-font-size\"><strong>Taloudellisuus ja joustavuus<\/strong><br>Edico \u2013 palvelun taloudellisuus ja joustavuus perustuu siihen, ett\u00e4 en\u00e4\u00e4 ei tarvitse aina matkustaa tapaamaan ihmisi\u00e4. Tapaamiset voidaan hoitaa et\u00e4n\u00e4 vaikka kaikki osanottajat olisivat eri puolilla maailmaa. S\u00e4\u00e4styneet matkakulut ja matka-aika merkitsev\u00e4t sit\u00e4, ett\u00e4 Edicon k\u00e4ytt\u00f6 j\u00e4\u00e4 huomattavasti plussan puolelle. Suuri taloudellinen merkitys on my\u00f6s sill\u00e4, ett\u00e4 Edico \u2013 istuntoon ladatut tiedostot ovat osanottajien k\u00e4ytett\u00e4viss\u00e4 aina. T\u00e4m\u00e4 tarkoittaa sit\u00e4, ett\u00e4 toisella puolella maailmaa el\u00e4v\u00e4t ihmiset voivat tutustua tiedostoihin heille sopivina aikoina. Chat \u2013 toiminnon kautta eri aikaan hereill\u00e4 olevat ihmiset voivat my\u00f6s keskustella toistensa kanssa. Puhelinkulujen poisj\u00e4\u00e4nti silloin, kun k\u00e4yt\u00e4n Edico \u2013 palvelun videokokoustoimintoa keskusteluun muiden istuntokansion osanottajien kanssa, s\u00e4\u00e4st\u00e4\u00e4 enemm\u00e4n kuukaudessa kuin Edico \u2013 palvelun kustannukset. Kannattaa muistaa, ett\u00e4 Edico toimii my\u00f6s \u00e4lypuhelimella eli voit ottaa Edico \u2013 yhteyden my\u00f6s matkalla ollessasi.<\/p>\n\n\n\n<p class=\"animated fadeInUp has-medium-font-size\"><strong>Helppous<\/strong><br><em><strong>Kokeilu<\/strong><br><\/em>Edico Lite tarjoaa hyv\u00e4n ja helpon mahdollisuuden tutustua yhden istuntokansion toimintaan. T\u00e4m\u00e4 istuntokansio toimii kuten tuotteen Edico S istuntokansio ja antaa jo hyv\u00e4n kuvan siit\u00e4, kuinka tilinomistajan tulee ladata tiedostoja omalta tietolaitteeltaan istuntokansioon, kuinka h\u00e4nen tulee kutsua osanottajia istuntokansioon, kuinka n\u00e4m\u00e4 kutsutut osanottajat voivat n\u00e4hd\u00e4 tiedostojen sis\u00e4ll\u00f6n ja halutessaan ladata niit\u00e4 omille tietolaitteilleen. Jos tilinomistaja ja kutsutut osanottajat haluavat olla samanaikaisesti istuntokansiossa, niin silloin on mahdollisuus katsella yhdess\u00e4 tietoja ja keskustella niist\u00e4 videoyhteyden v\u00e4lityksell\u00e4 ja samalla n\u00e4hd\u00e4 toisensa. <br><em><strong>Suora tilaus<\/strong><br><\/em>On my\u00f6s mahdollista tilata suoraan Edico S &#8211; tuote esimerkiksi yhden kuukauden ajaksi, jolloin ehtii tutustua my\u00f6s tuotteen tiliin ja oppii avaamaan siell\u00e4 useita istuntokansioita erilaisille ryhmille kutsuttavia osanottajia. Edico S &#8211; tuotteen toiminta tulee kokonaan tutuksi samalla kertaa.&nbsp;&nbsp;&nbsp;&nbsp;&nbsp;&nbsp;&nbsp;&nbsp;&nbsp;&nbsp;&nbsp;&nbsp;&nbsp;&nbsp;&nbsp;&nbsp;&nbsp;&nbsp;&nbsp;&nbsp;&nbsp;&nbsp;&nbsp;&nbsp;&nbsp;&nbsp;&nbsp;&nbsp;&nbsp;&nbsp;&nbsp;&nbsp;&nbsp;&nbsp;&nbsp;&nbsp;&nbsp;&nbsp;&nbsp;&nbsp;&nbsp;&nbsp;&nbsp;&nbsp;&nbsp;&nbsp;&nbsp;&nbsp;&nbsp;&nbsp;&nbsp;&nbsp;&nbsp;&nbsp;&nbsp;&nbsp;&nbsp;&nbsp;&nbsp;&nbsp;&nbsp;&nbsp;&nbsp;&nbsp;&nbsp;&nbsp;&nbsp;&nbsp;&nbsp;&nbsp;&nbsp;&nbsp;&nbsp;&nbsp;&nbsp;&nbsp;&nbsp;&nbsp;&nbsp;&nbsp;&nbsp;&nbsp;&nbsp;&nbsp;&nbsp;&nbsp;&nbsp;&nbsp;&nbsp;&nbsp;&nbsp;&nbsp;&nbsp;&nbsp;&nbsp;&nbsp;&nbsp;&nbsp;&nbsp;&nbsp;<br><em><strong>K\u00e4yt\u00f6n opastus<\/strong><br><\/em>Jos olet kokenut tietokoneen ja erilaisten palvelujen k\u00e4ytt\u00e4j\u00e4, niin pystyt tutustumaan Edico \u2013 palvelun eri tuotteiden k\u00e4ytt\u00f6\u00f6n melko itsen\u00e4isesti. Jos koet tarvitsevasi opastusta, niin www- sivuilta ja sivujen liitteist\u00e4 l\u00f6yd\u00e4n eri tasoisia opastuksia.<\/p>\n\n\n\n<p class=\"animated fadeInUp has-medium-font-size\"><strong>K\u00e4yt\u00e4nn\u00f6llisyys<\/strong><br>Koska Edico \u2013 palveluun saan yhteyden monilla tietolaitteilla (p\u00f6yt\u00e4tietokone, matkatietokone, tabletti, \u00e4lypuhelin), niin pystyn hyvin k\u00e4yt\u00e4nn\u00f6llisesti luomaan yhteydet l\u00e4hes aina.<\/p>\n\n\n\n<p class=\"animated fadeInUp has-medium-font-size\"><strong>Yksil\u00f6llisyys<\/strong><br>Tilinomistajana sinulla on mahdollisuus kaikissa Edico -tuotteissa ottaa istuntokansioita ainoastaan omaan k\u00e4ytt\u00f6\u00f6si. Silloin et kutsu ket\u00e4\u00e4n muuta sellaiseen istuntokansioon etk\u00e4 kerro istuntokansion salasanaa kenellek\u00e4\u00e4n muulle ihmiselle.<\/p>\n\n\n\n<p class=\"animated fadeInUp has-medium-font-size\"><strong>Monipuolisuus<\/strong><br>Edico \u2013 tuotteilla on todella paljon k\u00e4ytt\u00f6mahdollisuuksia. Ainoastaan mielikuvitus asettaa rajoja k\u00e4yt\u00f6lle.<br><strong><em>K\u00e4ytt\u00f6esimerkki:<\/em><\/strong> henkil\u00f6st\u00f6palveluyritys, joka hankkii asiakasyritykselle henkil\u00f6resursseja voi laittaa ty\u00f6hakijoiden \u201dhakupaperit\u201d n\u00e4ht\u00e4v\u00e4ksi Edico \u2013 istuntokansioon ja ilmoittaa asiakasyritykselle tekstiviestill\u00e4, ett\u00e4 k\u00e4yk\u00e4\u00e4 katsomassa hakemukset l\u00e4pi istuntokansiossa.<\/p>\n\n\n\n<p class=\"animated fadeInUp has-medium-font-size\"><strong>K\u00e4ytt\u00e4j\u00e4ryhm\u00e4t<br><\/strong>Edico \u2013 palvelun k\u00e4ytt\u00f6 on hy\u00f6dyllist\u00e4 ja turvallista kaikille mahdollisille k\u00e4ytt\u00e4j\u00e4ryhmille ja niiden ihmisille eri puolilla maailmaa, jotka osaavat tai ovat valmiita oppimaan tietokoneen perusk\u00e4yt\u00f6n. <br>K\u00e4ytt\u00e4j\u00e4ryhmi\u00e4 voivat karkeasti lajiteltuina olla<\/p>\n\n\n\n<ul class=\"animated fadeInUp wp-block-list\">\n<li>yksityiset ihmiset<\/li>\n\n\n\n<li>vapaasti muodostetut erilaiset ihmisryhm\u00e4t<\/li>\n\n\n\n<li>yritykset ja niiden ihmiset<\/li>\n\n\n\n<li>yritysten osat ja niiden ihmiset<\/li>\n\n\n\n<li>kaikenlaiset organisaatiot ja niiden ihmiset<\/li>\n\n\n\n<li>organisaatioiden osat ja niiden ihmiset<\/li>\n<\/ul>\n\n\n\n<p class=\"animated fadeInUp\"><em>K\u00e4ytt\u00e4ji\u00e4 voivat siis olla kaikki, joilla on p\u00e4\u00e4sy internettiin.<\/em><\/p>\n\n\n\n<p class=\"animated fadeInUp has-medium-font-size\"><strong>Osallisuus ilmastonsuojeluun<\/strong><br>Edico \u2013 palvelun mahdollistama et\u00e4toiminta vaikuttaa jo automaattisesti siihen, ett\u00e4 Edico \u2013 palvelua voi pit\u00e4\u00e4 ilmastonsuojelutuotteena. Edicon vaikutus matkustuksen v\u00e4henemiseen vie siihen yhteiseen tavoitteeseen, ett\u00e4 maapallo s\u00e4ilyisi elinkelpoisena tuleville sukupolville.<\/p>\n","protected":false},"excerpt":{"rendered":"<p>Turvallisuus Tiedot, joita haluan vaihtaa istuntokansioon kutsuttujen ihmisten kanssa, pysyv\u00e4t vain ryhm\u00e4n tiedossa.Tiedot eiv\u00e4t katoa internetin avaruuteen eiv\u00e4tk\u00e4 erilaisille valtioiden tiedustelupalveluille. Voit korvata s\u00e4hk\u00f6postiliikenteen puhelinyhteydell\u00e4 ja Edico-palvelulla. Silloin v\u00e4lt\u00e4t s\u00e4hk\u00f6postiviestien sieppaukset. Taloudellisuus ja joustavuusEdico \u2013 palvelun taloudellisuus ja joustavuus perustuu siihen, ett\u00e4 en\u00e4\u00e4 ei tarvitse aina matkustaa tapaamaan ihmisi\u00e4. Tapaamiset voidaan hoitaa et\u00e4n\u00e4 vaikka kaikki [&hellip;]<\/p>\n","protected":false},"author":1,"featured_media":0,"parent":0,"menu_order":0,"comment_status":"closed","ping_status":"closed","template":"","meta":{"footnotes":""},"class_list":["post-2194","page","type-page","status-publish","hentry"],"yoast_head":"<!-- This site is optimized with the Yoast SEO plugin v27.1.1 - https:\/\/yoast.com\/product\/yoast-seo-wordpress\/ -->\n<title>Miksi Edico \u2013 palvelu? - EDICO<\/title>\n<meta name=\"robots\" content=\"index, follow, max-snippet:-1, max-image-preview:large, max-video-preview:-1\" \/>\n<link rel=\"canonical\" href=\"https:\/\/wp.edico.fi\/su\/miksi-edico-palvelu\/\" \/>\n<meta property=\"og:locale\" content=\"fi_FI\" \/>\n<meta property=\"og:type\" content=\"article\" \/>\n<meta property=\"og:title\" content=\"Miksi Edico \u2013 palvelu? - EDICO\" \/>\n<meta property=\"og:description\" content=\"Turvallisuus Tiedot, joita haluan vaihtaa istuntokansioon kutsuttujen ihmisten kanssa, pysyv\u00e4t vain ryhm\u00e4n tiedossa.Tiedot eiv\u00e4t katoa internetin avaruuteen eiv\u00e4tk\u00e4 erilaisille valtioiden tiedustelupalveluille. Voit korvata s\u00e4hk\u00f6postiliikenteen puhelinyhteydell\u00e4 ja Edico-palvelulla. Silloin v\u00e4lt\u00e4t s\u00e4hk\u00f6postiviestien sieppaukset. Taloudellisuus ja joustavuusEdico \u2013 palvelun taloudellisuus ja joustavuus perustuu siihen, ett\u00e4 en\u00e4\u00e4 ei tarvitse aina matkustaa tapaamaan ihmisi\u00e4. Tapaamiset voidaan hoitaa et\u00e4n\u00e4 vaikka kaikki [&hellip;]\" \/>\n<meta property=\"og:url\" content=\"https:\/\/wp.edico.fi\/su\/miksi-edico-palvelu\/\" \/>\n<meta property=\"og:site_name\" content=\"EDICO\" \/>\n<meta property=\"article:modified_time\" content=\"2024-05-24T07:41:10+00:00\" \/>\n<meta name=\"twitter:card\" content=\"summary_large_image\" \/>\n<meta name=\"twitter:label1\" content=\"Arvioitu lukuaika\" \/>\n\t<meta name=\"twitter:data1\" content=\"3 minuuttia\" \/>\n<script type=\"application\/ld+json\" class=\"yoast-schema-graph\">{\"@context\":\"https:\/\/schema.org\",\"@graph\":[{\"@type\":\"WebPage\",\"@id\":\"https:\/\/wp.edico.fi\/miksi-edico-palvelu\/\",\"url\":\"https:\/\/wp.edico.fi\/miksi-edico-palvelu\/\",\"name\":\"Miksi Edico \u2013 palvelu? - EDICO\",\"isPartOf\":{\"@id\":\"https:\/\/wp.edico.fi\/#website\"},\"datePublished\":\"2024-02-13T10:32:49+00:00\",\"dateModified\":\"2024-05-24T07:41:10+00:00\",\"breadcrumb\":{\"@id\":\"https:\/\/wp.edico.fi\/miksi-edico-palvelu\/#breadcrumb\"},\"inLanguage\":\"fi\",\"potentialAction\":[{\"@type\":\"ReadAction\",\"target\":[\"https:\/\/wp.edico.fi\/miksi-edico-palvelu\/\"]}]},{\"@type\":\"BreadcrumbList\",\"@id\":\"https:\/\/wp.edico.fi\/miksi-edico-palvelu\/#breadcrumb\",\"itemListElement\":[{\"@type\":\"ListItem\",\"position\":1,\"name\":\"Etusivu\",\"item\":\"https:\/\/wp.edico.fi\/\"},{\"@type\":\"ListItem\",\"position\":2,\"name\":\"Miksi Edico \u2013 palvelu?\"}]},{\"@type\":\"WebSite\",\"@id\":\"https:\/\/wp.edico.fi\/#website\",\"url\":\"https:\/\/wp.edico.fi\/\",\"name\":\"EDICO\",\"description\":\"Turvallinen paikkasi\",\"publisher\":{\"@id\":\"https:\/\/wp.edico.fi\/#organization\"},\"potentialAction\":[{\"@type\":\"SearchAction\",\"target\":{\"@type\":\"EntryPoint\",\"urlTemplate\":\"https:\/\/wp.edico.fi\/?s={search_term_string}\"},\"query-input\":{\"@type\":\"PropertyValueSpecification\",\"valueRequired\":true,\"valueName\":\"search_term_string\"}}],\"inLanguage\":\"fi\"},{\"@type\":\"Organization\",\"@id\":\"https:\/\/wp.edico.fi\/#organization\",\"name\":\"EDICO\",\"url\":\"https:\/\/wp.edico.fi\/\",\"logo\":{\"@type\":\"ImageObject\",\"inLanguage\":\"fi\",\"@id\":\"https:\/\/wp.edico.fi\/#\/schema\/logo\/image\/\",\"url\":\"https:\/\/wp.edico.fi\/wp-content\/uploads\/2023\/09\/edicologo.png\",\"contentUrl\":\"https:\/\/wp.edico.fi\/wp-content\/uploads\/2023\/09\/edicologo.png\",\"width\":383,\"height\":383,\"caption\":\"EDICO\"},\"image\":{\"@id\":\"https:\/\/wp.edico.fi\/#\/schema\/logo\/image\/\"}}]}<\/script>\n<!-- \/ Yoast SEO plugin. -->","yoast_head_json":{"title":"Miksi Edico \u2013 palvelu? - EDICO","robots":{"index":"index","follow":"follow","max-snippet":"max-snippet:-1","max-image-preview":"max-image-preview:large","max-video-preview":"max-video-preview:-1"},"canonical":"https:\/\/wp.edico.fi\/su\/miksi-edico-palvelu\/","og_locale":"fi_FI","og_type":"article","og_title":"Miksi Edico \u2013 palvelu? - EDICO","og_description":"Turvallisuus Tiedot, joita haluan vaihtaa istuntokansioon kutsuttujen ihmisten kanssa, pysyv\u00e4t vain ryhm\u00e4n tiedossa.Tiedot eiv\u00e4t katoa internetin avaruuteen eiv\u00e4tk\u00e4 erilaisille valtioiden tiedustelupalveluille. Voit korvata s\u00e4hk\u00f6postiliikenteen puhelinyhteydell\u00e4 ja Edico-palvelulla. Silloin v\u00e4lt\u00e4t s\u00e4hk\u00f6postiviestien sieppaukset. Taloudellisuus ja joustavuusEdico \u2013 palvelun taloudellisuus ja joustavuus perustuu siihen, ett\u00e4 en\u00e4\u00e4 ei tarvitse aina matkustaa tapaamaan ihmisi\u00e4. Tapaamiset voidaan hoitaa et\u00e4n\u00e4 vaikka kaikki [&hellip;]","og_url":"https:\/\/wp.edico.fi\/su\/miksi-edico-palvelu\/","og_site_name":"EDICO","article_modified_time":"2024-05-24T07:41:10+00:00","twitter_card":"summary_large_image","twitter_misc":{"Arvioitu lukuaika":"3 minuuttia"},"schema":{"@context":"https:\/\/schema.org","@graph":[{"@type":"WebPage","@id":"https:\/\/wp.edico.fi\/miksi-edico-palvelu\/","url":"https:\/\/wp.edico.fi\/miksi-edico-palvelu\/","name":"Miksi Edico \u2013 palvelu? - EDICO","isPartOf":{"@id":"https:\/\/wp.edico.fi\/#website"},"datePublished":"2024-02-13T10:32:49+00:00","dateModified":"2024-05-24T07:41:10+00:00","breadcrumb":{"@id":"https:\/\/wp.edico.fi\/miksi-edico-palvelu\/#breadcrumb"},"inLanguage":"fi","potentialAction":[{"@type":"ReadAction","target":["https:\/\/wp.edico.fi\/miksi-edico-palvelu\/"]}]},{"@type":"BreadcrumbList","@id":"https:\/\/wp.edico.fi\/miksi-edico-palvelu\/#breadcrumb","itemListElement":[{"@type":"ListItem","position":1,"name":"Etusivu","item":"https:\/\/wp.edico.fi\/"},{"@type":"ListItem","position":2,"name":"Miksi Edico \u2013 palvelu?"}]},{"@type":"WebSite","@id":"https:\/\/wp.edico.fi\/#website","url":"https:\/\/wp.edico.fi\/","name":"EDICO","description":"Turvallinen paikkasi","publisher":{"@id":"https:\/\/wp.edico.fi\/#organization"},"potentialAction":[{"@type":"SearchAction","target":{"@type":"EntryPoint","urlTemplate":"https:\/\/wp.edico.fi\/?s={search_term_string}"},"query-input":{"@type":"PropertyValueSpecification","valueRequired":true,"valueName":"search_term_string"}}],"inLanguage":"fi"},{"@type":"Organization","@id":"https:\/\/wp.edico.fi\/#organization","name":"EDICO","url":"https:\/\/wp.edico.fi\/","logo":{"@type":"ImageObject","inLanguage":"fi","@id":"https:\/\/wp.edico.fi\/#\/schema\/logo\/image\/","url":"https:\/\/wp.edico.fi\/wp-content\/uploads\/2023\/09\/edicologo.png","contentUrl":"https:\/\/wp.edico.fi\/wp-content\/uploads\/2023\/09\/edicologo.png","width":383,"height":383,"caption":"EDICO"},"image":{"@id":"https:\/\/wp.edico.fi\/#\/schema\/logo\/image\/"}}]}},"_links":{"self":[{"href":"https:\/\/wp.edico.fi\/su\/wp-json\/wp\/v2\/pages\/2194","targetHints":{"allow":["GET"]}}],"collection":[{"href":"https:\/\/wp.edico.fi\/su\/wp-json\/wp\/v2\/pages"}],"about":[{"href":"https:\/\/wp.edico.fi\/su\/wp-json\/wp\/v2\/types\/page"}],"author":[{"embeddable":true,"href":"https:\/\/wp.edico.fi\/su\/wp-json\/wp\/v2\/users\/1"}],"replies":[{"embeddable":true,"href":"https:\/\/wp.edico.fi\/su\/wp-json\/wp\/v2\/comments?post=2194"}],"version-history":[{"count":19,"href":"https:\/\/wp.edico.fi\/su\/wp-json\/wp\/v2\/pages\/2194\/revisions"}],"predecessor-version":[{"id":2903,"href":"https:\/\/wp.edico.fi\/su\/wp-json\/wp\/v2\/pages\/2194\/revisions\/2903"}],"wp:attachment":[{"href":"https:\/\/wp.edico.fi\/su\/wp-json\/wp\/v2\/media?parent=2194"}],"curies":[{"name":"wp","href":"https:\/\/api.w.org\/{rel}","templated":true}]}}