{"id":2,"date":"2023-08-22T09:52:48","date_gmt":"2023-08-22T06:52:48","guid":{"rendered":"http:\/\/localhost\/wordpress-6.3\/wordpress\/?page_id=2"},"modified":"2026-01-28T12:18:35","modified_gmt":"2026-01-28T10:18:35","slug":"meista","status":"publish","type":"page","link":"https:\/\/wp.edico.fi\/su\/meista\/","title":{"rendered":"Yhteystiedot"},"content":{"rendered":"\n<p class=\"animated fadeInUp\">Edicon kehitys alkoi vuonna 2016 uusimmilla ohjelmistoteknologioilla. Menetelm\u00e4ss\u00e4 hy\u00f6dynnet\u00e4\u00e4n esitt\u00e4mist\u00e4 koskevaa patenttia ja olemme hakemassa uutta patenttia aiheesta \u201dMenetelm\u00e4 ja j\u00e4rjestelm\u00e4 luottamuksellisen tiedon jakamiseen ja esitt\u00e4miseen internetiss\u00e4\u201d.&nbsp;&nbsp;<\/p>\n\n\n\n<p class=\"animated fadeInUp\">Tiimill\u00e4mme on pitk\u00e4 kokemus alalta ja uusimmasta teknologian kehityksest\u00e4.<br><br><strong>Edicto Oy<br><\/strong>Nuutisarankatu 15, 33900 Tampere, Suomi<br><a href=\"tel:+358405806018\">+358 405806018<\/a><br><a href=\"mailto:info@edicto.fi\" target=\"_blank\" rel=\"noreferrer noopener\">info@edicto.fi<\/a><\/p>\n\n\n\n<p>Y-tunnus 2967564-2<\/p>\n\n\n\n\n\n<p><\/p>\n","protected":false},"excerpt":{"rendered":"<p>Edicon kehitys alkoi vuonna 2016 uusimmilla ohjelmistoteknologioilla. Menetelm\u00e4ss\u00e4 hy\u00f6dynnet\u00e4\u00e4n esitt\u00e4mist\u00e4 koskevaa patenttia ja olemme hakemassa uutta patenttia aiheesta \u201dMenetelm\u00e4 ja j\u00e4rjestelm\u00e4 luottamuksellisen tiedon jakamiseen ja esitt\u00e4miseen internetiss\u00e4\u201d.&nbsp;&nbsp; Tiimill\u00e4mme on pitk\u00e4 kokemus alalta ja uusimmasta teknologian kehityksest\u00e4. Edicto OyNuutisarankatu 15, 33900 Tampere, Suomi+358 405806018info@edicto.fi Y-tunnus 2967564-2<\/p>\n","protected":false},"author":1,"featured_media":0,"parent":0,"menu_order":9,"comment_status":"closed","ping_status":"closed","template":"","meta":{"footnotes":""},"class_list":["post-2","page","type-page","status-publish","hentry"],"yoast_head":"<!-- This site is optimized with the Yoast SEO plugin v27.1.1 - https:\/\/yoast.com\/product\/yoast-seo-wordpress\/ -->\n<title>Yhteystiedot - EDICO<\/title>\n<meta name=\"description\" content=\"Edicon kehitys alkoi vuonna 2016 uusimmilla ohjelmistoteknologioilla. Menetelm\u00e4ss\u00e4 hy\u00f6dynnet\u00e4\u00e4n esitt\u00e4mist\u00e4\" \/>\n<meta name=\"robots\" content=\"index, follow, max-snippet:-1, max-image-preview:large, max-video-preview:-1\" \/>\n<link rel=\"canonical\" href=\"https:\/\/wp.edico.fi\/su\/meista\/\" \/>\n<meta property=\"og:locale\" content=\"fi_FI\" \/>\n<meta property=\"og:type\" content=\"article\" \/>\n<meta property=\"og:title\" content=\"Yhteystiedot - EDICO\" \/>\n<meta property=\"og:description\" content=\"Edicon kehitys alkoi vuonna 2016 uusimmilla ohjelmistoteknologioilla. Menetelm\u00e4ss\u00e4 hy\u00f6dynnet\u00e4\u00e4n esitt\u00e4mist\u00e4\" \/>\n<meta property=\"og:url\" content=\"https:\/\/wp.edico.fi\/su\/meista\/\" \/>\n<meta property=\"og:site_name\" content=\"EDICO\" \/>\n<meta property=\"article:modified_time\" content=\"2026-01-28T10:18:35+00:00\" \/>\n<meta name=\"twitter:card\" content=\"summary_large_image\" \/>\n<meta name=\"twitter:label1\" content=\"Arvioitu lukuaika\" \/>\n\t<meta name=\"twitter:data1\" content=\"1 minuutti\" \/>\n<script type=\"application\/ld+json\" class=\"yoast-schema-graph\">{\"@context\":\"https:\/\/schema.org\",\"@graph\":[{\"@type\":\"WebPage\",\"@id\":\"https:\/\/wp.edico.fi\/meista\/\",\"url\":\"https:\/\/wp.edico.fi\/meista\/\",\"name\":\"Yhteystiedot - EDICO\",\"isPartOf\":{\"@id\":\"https:\/\/wp.edico.fi\/#website\"},\"datePublished\":\"2023-08-22T06:52:48+00:00\",\"dateModified\":\"2026-01-28T10:18:35+00:00\",\"description\":\"Edicon kehitys alkoi vuonna 2016 uusimmilla ohjelmistoteknologioilla. Menetelm\u00e4ss\u00e4 hy\u00f6dynnet\u00e4\u00e4n esitt\u00e4mist\u00e4\",\"breadcrumb\":{\"@id\":\"https:\/\/wp.edico.fi\/meista\/#breadcrumb\"},\"inLanguage\":\"fi\",\"potentialAction\":[{\"@type\":\"ReadAction\",\"target\":[\"https:\/\/wp.edico.fi\/meista\/\"]}]},{\"@type\":\"BreadcrumbList\",\"@id\":\"https:\/\/wp.edico.fi\/meista\/#breadcrumb\",\"itemListElement\":[{\"@type\":\"ListItem\",\"position\":1,\"name\":\"Etusivu\",\"item\":\"https:\/\/wp.edico.fi\/\"},{\"@type\":\"ListItem\",\"position\":2,\"name\":\"Yhteystiedot\"}]},{\"@type\":\"WebSite\",\"@id\":\"https:\/\/wp.edico.fi\/#website\",\"url\":\"https:\/\/wp.edico.fi\/\",\"name\":\"EDICO\",\"description\":\"Turvallinen paikkasi\",\"publisher\":{\"@id\":\"https:\/\/wp.edico.fi\/#organization\"},\"potentialAction\":[{\"@type\":\"SearchAction\",\"target\":{\"@type\":\"EntryPoint\",\"urlTemplate\":\"https:\/\/wp.edico.fi\/?s={search_term_string}\"},\"query-input\":{\"@type\":\"PropertyValueSpecification\",\"valueRequired\":true,\"valueName\":\"search_term_string\"}}],\"inLanguage\":\"fi\"},{\"@type\":\"Organization\",\"@id\":\"https:\/\/wp.edico.fi\/#organization\",\"name\":\"EDICO\",\"url\":\"https:\/\/wp.edico.fi\/\",\"logo\":{\"@type\":\"ImageObject\",\"inLanguage\":\"fi\",\"@id\":\"https:\/\/wp.edico.fi\/#\/schema\/logo\/image\/\",\"url\":\"https:\/\/wp.edico.fi\/wp-content\/uploads\/2023\/09\/edicologo.png\",\"contentUrl\":\"https:\/\/wp.edico.fi\/wp-content\/uploads\/2023\/09\/edicologo.png\",\"width\":383,\"height\":383,\"caption\":\"EDICO\"},\"image\":{\"@id\":\"https:\/\/wp.edico.fi\/#\/schema\/logo\/image\/\"}}]}<\/script>\n<!-- \/ Yoast SEO plugin. -->","yoast_head_json":{"title":"Yhteystiedot - EDICO","description":"Edicon kehitys alkoi vuonna 2016 uusimmilla ohjelmistoteknologioilla. Menetelm\u00e4ss\u00e4 hy\u00f6dynnet\u00e4\u00e4n esitt\u00e4mist\u00e4","robots":{"index":"index","follow":"follow","max-snippet":"max-snippet:-1","max-image-preview":"max-image-preview:large","max-video-preview":"max-video-preview:-1"},"canonical":"https:\/\/wp.edico.fi\/su\/meista\/","og_locale":"fi_FI","og_type":"article","og_title":"Yhteystiedot - EDICO","og_description":"Edicon kehitys alkoi vuonna 2016 uusimmilla ohjelmistoteknologioilla. Menetelm\u00e4ss\u00e4 hy\u00f6dynnet\u00e4\u00e4n esitt\u00e4mist\u00e4","og_url":"https:\/\/wp.edico.fi\/su\/meista\/","og_site_name":"EDICO","article_modified_time":"2026-01-28T10:18:35+00:00","twitter_card":"summary_large_image","twitter_misc":{"Arvioitu lukuaika":"1 minuutti"},"schema":{"@context":"https:\/\/schema.org","@graph":[{"@type":"WebPage","@id":"https:\/\/wp.edico.fi\/meista\/","url":"https:\/\/wp.edico.fi\/meista\/","name":"Yhteystiedot - EDICO","isPartOf":{"@id":"https:\/\/wp.edico.fi\/#website"},"datePublished":"2023-08-22T06:52:48+00:00","dateModified":"2026-01-28T10:18:35+00:00","description":"Edicon kehitys alkoi vuonna 2016 uusimmilla ohjelmistoteknologioilla. Menetelm\u00e4ss\u00e4 hy\u00f6dynnet\u00e4\u00e4n esitt\u00e4mist\u00e4","breadcrumb":{"@id":"https:\/\/wp.edico.fi\/meista\/#breadcrumb"},"inLanguage":"fi","potentialAction":[{"@type":"ReadAction","target":["https:\/\/wp.edico.fi\/meista\/"]}]},{"@type":"BreadcrumbList","@id":"https:\/\/wp.edico.fi\/meista\/#breadcrumb","itemListElement":[{"@type":"ListItem","position":1,"name":"Etusivu","item":"https:\/\/wp.edico.fi\/"},{"@type":"ListItem","position":2,"name":"Yhteystiedot"}]},{"@type":"WebSite","@id":"https:\/\/wp.edico.fi\/#website","url":"https:\/\/wp.edico.fi\/","name":"EDICO","description":"Turvallinen paikkasi","publisher":{"@id":"https:\/\/wp.edico.fi\/#organization"},"potentialAction":[{"@type":"SearchAction","target":{"@type":"EntryPoint","urlTemplate":"https:\/\/wp.edico.fi\/?s={search_term_string}"},"query-input":{"@type":"PropertyValueSpecification","valueRequired":true,"valueName":"search_term_string"}}],"inLanguage":"fi"},{"@type":"Organization","@id":"https:\/\/wp.edico.fi\/#organization","name":"EDICO","url":"https:\/\/wp.edico.fi\/","logo":{"@type":"ImageObject","inLanguage":"fi","@id":"https:\/\/wp.edico.fi\/#\/schema\/logo\/image\/","url":"https:\/\/wp.edico.fi\/wp-content\/uploads\/2023\/09\/edicologo.png","contentUrl":"https:\/\/wp.edico.fi\/wp-content\/uploads\/2023\/09\/edicologo.png","width":383,"height":383,"caption":"EDICO"},"image":{"@id":"https:\/\/wp.edico.fi\/#\/schema\/logo\/image\/"}}]}},"_links":{"self":[{"href":"https:\/\/wp.edico.fi\/su\/wp-json\/wp\/v2\/pages\/2","targetHints":{"allow":["GET"]}}],"collection":[{"href":"https:\/\/wp.edico.fi\/su\/wp-json\/wp\/v2\/pages"}],"about":[{"href":"https:\/\/wp.edico.fi\/su\/wp-json\/wp\/v2\/types\/page"}],"author":[{"embeddable":true,"href":"https:\/\/wp.edico.fi\/su\/wp-json\/wp\/v2\/users\/1"}],"replies":[{"embeddable":true,"href":"https:\/\/wp.edico.fi\/su\/wp-json\/wp\/v2\/comments?post=2"}],"version-history":[{"count":17,"href":"https:\/\/wp.edico.fi\/su\/wp-json\/wp\/v2\/pages\/2\/revisions"}],"predecessor-version":[{"id":4185,"href":"https:\/\/wp.edico.fi\/su\/wp-json\/wp\/v2\/pages\/2\/revisions\/4185"}],"wp:attachment":[{"href":"https:\/\/wp.edico.fi\/su\/wp-json\/wp\/v2\/media?parent=2"}],"curies":[{"name":"wp","href":"https:\/\/api.w.org\/{rel}","templated":true}]}}