{"id":1337,"date":"2023-11-13T11:20:31","date_gmt":"2023-11-13T09:20:31","guid":{"rendered":"http:\/\/localhost\/wordpress-6.3\/wordpress\/?page_id=1337"},"modified":"2025-08-30T09:54:23","modified_gmt":"2025-08-30T06:54:23","slug":"edico-g","status":"publish","type":"page","link":"https:\/\/wp.edico.fi\/su\/edico-g\/","title":{"rendered":"Tuote Edico G"},"content":{"rendered":"\n<p class=\"animated fadeInDown\">Tuote on tulossa myyntiin my\u00f6hemmin ilmoitettavana ajankohtana!<\/p>\n\n\n\n<p class=\"animated fadeInDown\"><strong><strong>Edico G lyhyesti<\/strong><\/strong><\/p>\n\n\n\n<p class=\"animated fadeInDown\">Edico G on tiedostonjakopalvelu, jota voit k\u00e4ytt\u00e4\u00e4 ryhm\u00e4n\u00e4 eli tilill\u00e4 voi olla useita k\u00e4ytt\u00e4ji\u00e4, mutta vain yksi tilinomistaja. K\u00e4ytt\u00e4j\u00e4t voivat jakaa tiedostojaan t\u00e4m\u00e4n palvelun kautta. Jokainen k\u00e4ytt\u00e4j\u00e4 voi kutsua osallistujia jokaiseen istuntokansioon. K\u00e4ytt\u00e4j\u00e4t voivat pit\u00e4\u00e4 videokokouksia, joissa on korkeintaan 10 osanottajaa. K\u00e4ytt\u00e4j\u00e4t voivat kirjoittaa toisilleen ja\/tai kutsutuille osanottajille chat-toiminnon avulla. On mahdollista k\u00e4ytt\u00e4\u00e4 chat-toimintoa ja esitystoimintoa samanaikaisesti videoneuvottelun aikana. Voit ladata omalle tietolaitteellesi tiedostoja milloin tahansa. Viestit eiv\u00e4t h\u00e4vi\u00e4 tapaamistenne j\u00e4lkeen ja jokainen k\u00e4ytt\u00e4j\u00e4 tai kutsuttu osanottaja voi k\u00e4yd\u00e4 kansiossa milloin tahansa.<\/p>\n\n\n\n<p class=\"animated fadeInDown\"><strong>Yleist\u00e4<\/strong><\/p>\n\n\n\n<p class=\"animated fadeInDown\">Edico G -tuotteella on tili, jolla on yksi tilinomistaja ja h\u00e4nen valtuuttamiaan tilin k\u00e4ytt\u00e4ji\u00e4. Tiliin kuuluvat Edico-palvelun perustoiminnot, jotka toimivat eri tietolaitteilla ja my\u00f6s mobile-laitteilla.<\/p>\n\n\n\n<details class=\"wp-block-details animated fadeIn is-layout-flow wp-block-details-is-layout-flow\"><summary><strong><strong>Tilinomistaja ja tilin k\u00e4ytt\u00e4j\u00e4t<\/strong><\/strong><\/summary>\n<p>Tilinomistaja, joka on my\u00f6s tilin k\u00e4ytt\u00e4j\u00e4, voi jakaa rinnakkaisille tilin k\u00e4ytt\u00e4jille samat yhteiset tunnukset, joilla kukin voi kirjautua tilille. Kirjautumissalasanan voi vain tilinomistaja muuttaa.&nbsp;<\/p>\n<\/details>\n\n\n\n<details class=\"wp-block-details animated fadeIn is-layout-flow wp-block-details-is-layout-flow\"><summary><strong><strong>Tilin k\u00e4ytt\u00e4j\u00e4t, kutsuttavat osanottajat &#8211; istuntokansiot<\/strong><\/strong><\/summary>\n<p>Tilin k\u00e4ytt\u00e4j\u00e4t voivat avata internetpalvelimella olevalle tililleen haluamansa m\u00e4\u00e4r\u00e4n itselleen nimettyj\u00e4 satunnaisesti numeroituja istuntokansioita. Niihin jokaiseen k\u00e4ytt\u00e4j\u00e4t voivat kutsua valitsemiaan kutsuttavia osallistujia tarpeellisen m\u00e4\u00e4r\u00e4n antamalla heille istuntokansion salasanan. Tilin k\u00e4ytt\u00e4j\u00e4t voivat vierailla my\u00f6s toistensa kansioissa sopimillaan tavoilla.<\/p>\n<\/details>\n\n\n\n<details class=\"wp-block-details animated fadeIn is-layout-flow wp-block-details-is-layout-flow\"><summary><strong><strong>Istuntokansioon osallistuvat &#8211; tiedostojen jakaminen<\/strong><\/strong><\/summary>\n<p>Jokaiseen istuntokansioon tilinomistaja tai k\u00e4ytt\u00e4j\u00e4 voi ladata tiedostoja, joita h\u00e4n haluaa siihen istuntokansioon kutsuttujen osanottajien n\u00e4kev\u00e4n. My\u00f6s kutsutut osanottajat voivat ladata omia tiedostojaan siihen istuntokansioon, johon tilinomistaja tai k\u00e4ytt\u00e4j\u00e4 on heid\u00e4t kutsunut ja joita tiedostoja he haluavat kaikkien istuntokansioon p\u00e4\u00e4sevien henkil\u00f6iden n\u00e4kev\u00e4n. Tilin k\u00e4ytt\u00e4j\u00e4t ja kutsutut osanottajat voivat kopioida niit\u00e4 tiedostoja omille tietolaitteilleen, joita he kaikki ovat istuntokansioon ladanneet.<\/p>\n<\/details>\n\n\n\n<details class=\"wp-block-details animated fadeIn is-layout-flow wp-block-details-is-layout-flow\"><summary><strong><strong>Kutsutut osanottajat \u2013<\/strong>&nbsp;<strong>vierailut istuntokansiossa<\/strong><\/strong><\/summary>\n<p>Istuntokansiossa voivat kaikki, joilla on sinne oikeus kirjautua, vierailla milloin tahansa ja he voivat olla tietolaitteensa kanssa miss\u00e4 tahansa, jossa p\u00e4\u00e4sev\u00e4t internettiin. Kutsuttuja osanottajia voi olla paljon, mutta samaan aikaan istuntokansioon voi kirjautua korkeintaan kymmenen (10) henkil\u00f6\u00e4.<\/p>\n<\/details>\n\n\n\n<details class=\"wp-block-details animated fadeIn is-layout-flow wp-block-details-is-layout-flow\"><summary><strong><strong>Samanaikainen kokous istuntokansiossa &#8211; osallistujien m\u00e4\u00e4r\u00e4<\/strong><\/strong><\/summary>\n<p>Tilinomistaja, rinnakkainen k\u00e4ytt\u00e4j\u00e4 tai joku kutsuttu osanottaja&nbsp;voi halutessaan sopia muiden istuntokansioon oikeutettujen kanssa siit\u00e4, ett\u00e4 pidet\u00e4\u00e4n istuntokansiossa samanaikainen kokous, jolloin kaikki tai osa istuntokansioon oikeutetuista osanottajista kirjautuvat sovittuun aikaan istuntokansioon. Ihmisten m\u00e4\u00e4r\u00e4 samanaikaisissa kokouksissa on&nbsp;korkeintaan kymmenen (10) henkil\u00f6\u00e4.<\/p>\n<\/details>\n\n\n\n<details class=\"wp-block-details animated fadeIn is-layout-flow wp-block-details-is-layout-flow\"><summary><strong><strong>Videoyhteyden \/ \u00e4\u00e4niyhteyden avaaminen istuntokansiossa<\/strong><\/strong><\/summary>\n<p>Videoneuvottelua varten kutsuja tai osallistuja voi avata Edico\u2013istuntokansiossa videoyhteyden. Siin\u00e4 voidaan k\u00e4ytt\u00e4\u00e4 sek\u00e4 kuvaa ett\u00e4 \u00e4\u00e4nt\u00e4 tai vain \u00e4\u00e4nt\u00e4 vuorovaikutteisesti kaikkien kokoukseen osallistuvien kesken. Se, joka avaa videoyhteyden, joutuu k\u00e4ytt\u00e4m\u00e4\u00e4n Google\u2013 tai Facebook-tunnuksia. Avauksen j\u00e4lkeen muut osallistujat voivat liitty\u00e4 istunnossa videoneuvotteluun suoraan ilman tunnuksia. \u00c4\u00e4niyhteytt\u00e4 on aina mahdollisuus pit\u00e4\u00e4 puhelinyhteyden kautta, jos videoyhteydess\u00e4 sattuisi olemaan h\u00e4iri\u00f6it\u00e4. Tiedostojen esittely hoituu hyvin my\u00f6s t\u00e4ll\u00e4 tavalla.<\/p>\n<\/details>\n\n\n\n<details class=\"wp-block-details animated fadeIn is-layout-flow wp-block-details-is-layout-flow\"><summary>&nbsp;<strong>Chat \u2013 ikkuna tekstiviestej\u00e4 varten<\/strong><\/summary>\n<p>Istuntokansiossa on chat-ikkuna vuorovaikutteisia tekstiviestej\u00e4 varten. Ikkunaan kertyneen tekstikeskustelun voi tallentaa tiedostolistalle esimerkiksi muistioksi. Sit\u00e4 voi my\u00f6s muokata osallistujien kesken vuorovaikutteisesti.<\/p>\n<\/details>\n\n\n\n<details class=\"wp-block-details animated fadeIn is-layout-flow wp-block-details-is-layout-flow\"><summary><strong>Samanaikainen kokous (istunto) istuntokansiossa ja osanottajien m\u00e4\u00e4r\u00e4<\/strong><\/summary>\n<p>Istuntokansiossa voivat kaikki, joilla on sinne oikeus kirjautua, vierailla milloin tahansa ja he voivat olla tietolaitteensa kanssa miss\u00e4 tahansa, jossa p\u00e4\u00e4sev\u00e4t internettiin. Kutsuttuja osanottajia voi olla paljon, mutta samaan aikaan istuntokansiossa voi olla korkeintaan kymmenen (10) henkil\u00f6\u00e4.<\/p>\n<\/details>\n\n\n\n<details class=\"wp-block-details animated fadeIn is-layout-flow wp-block-details-is-layout-flow\"><summary><strong><strong>Kokeilu ja alustava hinta<\/strong><\/strong><\/summary>\n<p>Edico G-tuotteen istuntokansiota voit kokeilla avaamalla ilmaisen (48h) Edico Lite- istuntokansion. Edico G-tuotteen alustava hinta on xx \u20ac\/kk.&nbsp;&nbsp;&nbsp;&nbsp;&nbsp;&nbsp;&nbsp;&nbsp;&nbsp;&nbsp;&nbsp;&nbsp;&nbsp;&nbsp;&nbsp;&nbsp;&nbsp;&nbsp;&nbsp;&nbsp;&nbsp;&nbsp;&nbsp;<\/p>\n<\/details>\n\n\n\n<div class=\"wp-block-group is-nowrap is-layout-flex wp-container-core-group-is-layout-6c531013 wp-block-group-is-layout-flex\">\n<div class=\"wp-block-buttons is-layout-flex wp-block-buttons-is-layout-flex\">\n<div class=\"wp-block-button animated pulse o-anim-hover\"><a class=\"wp-block-button__link has-background wp-element-button\" href=\"mailto:(info@edicto.fi)\" style=\"border-radius:20px;background-color:#ff5153\"><strong>Varaa Edico G!<\/strong><\/a><\/div>\n<\/div>\n\n\n\n<div class=\"wp-block-buttons is-layout-flex wp-block-buttons-is-layout-flex\"><\/div>\n<\/div>\n","protected":false},"excerpt":{"rendered":"<p>Tuote on tulossa myyntiin my\u00f6hemmin ilmoitettavana ajankohtana! Edico G lyhyesti Edico G on tiedostonjakopalvelu, jota voit k\u00e4ytt\u00e4\u00e4 ryhm\u00e4n\u00e4 eli tilill\u00e4 voi olla useita k\u00e4ytt\u00e4ji\u00e4, mutta vain yksi tilinomistaja. K\u00e4ytt\u00e4j\u00e4t voivat jakaa tiedostojaan t\u00e4m\u00e4n palvelun kautta. Jokainen k\u00e4ytt\u00e4j\u00e4 voi kutsua osallistujia jokaiseen istuntokansioon. K\u00e4ytt\u00e4j\u00e4t voivat pit\u00e4\u00e4 videokokouksia, joissa on korkeintaan 10 osanottajaa. K\u00e4ytt\u00e4j\u00e4t voivat kirjoittaa toisilleen [&hellip;]<\/p>\n","protected":false},"author":1,"featured_media":0,"parent":0,"menu_order":5,"comment_status":"closed","ping_status":"closed","template":"","meta":{"footnotes":""},"class_list":["post-1337","page","type-page","status-publish","hentry"],"yoast_head":"<!-- This site is optimized with the Yoast SEO plugin v27.1.1 - https:\/\/yoast.com\/product\/yoast-seo-wordpress\/ -->\n<title>Tuote Edico G - EDICO<\/title>\n<meta name=\"robots\" content=\"index, follow, max-snippet:-1, max-image-preview:large, max-video-preview:-1\" \/>\n<link rel=\"canonical\" href=\"https:\/\/wp.edico.fi\/su\/edico-g\/\" \/>\n<meta property=\"og:locale\" content=\"fi_FI\" \/>\n<meta property=\"og:type\" content=\"article\" \/>\n<meta property=\"og:title\" content=\"Tuote Edico G - EDICO\" \/>\n<meta property=\"og:description\" content=\"Tuote on tulossa myyntiin my\u00f6hemmin ilmoitettavana ajankohtana! Edico G lyhyesti Edico G on tiedostonjakopalvelu, jota voit k\u00e4ytt\u00e4\u00e4 ryhm\u00e4n\u00e4 eli tilill\u00e4 voi olla useita k\u00e4ytt\u00e4ji\u00e4, mutta vain yksi tilinomistaja. K\u00e4ytt\u00e4j\u00e4t voivat jakaa tiedostojaan t\u00e4m\u00e4n palvelun kautta. Jokainen k\u00e4ytt\u00e4j\u00e4 voi kutsua osallistujia jokaiseen istuntokansioon. K\u00e4ytt\u00e4j\u00e4t voivat pit\u00e4\u00e4 videokokouksia, joissa on korkeintaan 10 osanottajaa. K\u00e4ytt\u00e4j\u00e4t voivat kirjoittaa toisilleen [&hellip;]\" \/>\n<meta property=\"og:url\" content=\"https:\/\/wp.edico.fi\/su\/edico-g\/\" \/>\n<meta property=\"og:site_name\" content=\"EDICO\" \/>\n<meta property=\"article:modified_time\" content=\"2025-08-30T06:54:23+00:00\" \/>\n<meta name=\"twitter:card\" content=\"summary_large_image\" \/>\n<meta name=\"twitter:label1\" content=\"Arvioitu lukuaika\" \/>\n\t<meta name=\"twitter:data1\" content=\"3 minuuttia\" \/>\n<script type=\"application\/ld+json\" class=\"yoast-schema-graph\">{\"@context\":\"https:\/\/schema.org\",\"@graph\":[{\"@type\":\"WebPage\",\"@id\":\"https:\/\/wp.edico.fi\/edico-g\/\",\"url\":\"https:\/\/wp.edico.fi\/edico-g\/\",\"name\":\"Tuote Edico G - EDICO\",\"isPartOf\":{\"@id\":\"https:\/\/wp.edico.fi\/#website\"},\"datePublished\":\"2023-11-13T09:20:31+00:00\",\"dateModified\":\"2025-08-30T06:54:23+00:00\",\"breadcrumb\":{\"@id\":\"https:\/\/wp.edico.fi\/edico-g\/#breadcrumb\"},\"inLanguage\":\"fi\",\"potentialAction\":[{\"@type\":\"ReadAction\",\"target\":[\"https:\/\/wp.edico.fi\/edico-g\/\"]}]},{\"@type\":\"BreadcrumbList\",\"@id\":\"https:\/\/wp.edico.fi\/edico-g\/#breadcrumb\",\"itemListElement\":[{\"@type\":\"ListItem\",\"position\":1,\"name\":\"Etusivu\",\"item\":\"https:\/\/wp.edico.fi\/\"},{\"@type\":\"ListItem\",\"position\":2,\"name\":\"Tuote Edico G\"}]},{\"@type\":\"WebSite\",\"@id\":\"https:\/\/wp.edico.fi\/#website\",\"url\":\"https:\/\/wp.edico.fi\/\",\"name\":\"EDICO\",\"description\":\"Turvallinen paikkasi\",\"publisher\":{\"@id\":\"https:\/\/wp.edico.fi\/#organization\"},\"potentialAction\":[{\"@type\":\"SearchAction\",\"target\":{\"@type\":\"EntryPoint\",\"urlTemplate\":\"https:\/\/wp.edico.fi\/?s={search_term_string}\"},\"query-input\":{\"@type\":\"PropertyValueSpecification\",\"valueRequired\":true,\"valueName\":\"search_term_string\"}}],\"inLanguage\":\"fi\"},{\"@type\":\"Organization\",\"@id\":\"https:\/\/wp.edico.fi\/#organization\",\"name\":\"EDICO\",\"url\":\"https:\/\/wp.edico.fi\/\",\"logo\":{\"@type\":\"ImageObject\",\"inLanguage\":\"fi\",\"@id\":\"https:\/\/wp.edico.fi\/#\/schema\/logo\/image\/\",\"url\":\"https:\/\/wp.edico.fi\/wp-content\/uploads\/2023\/09\/edicologo.png\",\"contentUrl\":\"https:\/\/wp.edico.fi\/wp-content\/uploads\/2023\/09\/edicologo.png\",\"width\":383,\"height\":383,\"caption\":\"EDICO\"},\"image\":{\"@id\":\"https:\/\/wp.edico.fi\/#\/schema\/logo\/image\/\"}}]}<\/script>\n<!-- \/ Yoast SEO plugin. -->","yoast_head_json":{"title":"Tuote Edico G - EDICO","robots":{"index":"index","follow":"follow","max-snippet":"max-snippet:-1","max-image-preview":"max-image-preview:large","max-video-preview":"max-video-preview:-1"},"canonical":"https:\/\/wp.edico.fi\/su\/edico-g\/","og_locale":"fi_FI","og_type":"article","og_title":"Tuote Edico G - EDICO","og_description":"Tuote on tulossa myyntiin my\u00f6hemmin ilmoitettavana ajankohtana! Edico G lyhyesti Edico G on tiedostonjakopalvelu, jota voit k\u00e4ytt\u00e4\u00e4 ryhm\u00e4n\u00e4 eli tilill\u00e4 voi olla useita k\u00e4ytt\u00e4ji\u00e4, mutta vain yksi tilinomistaja. K\u00e4ytt\u00e4j\u00e4t voivat jakaa tiedostojaan t\u00e4m\u00e4n palvelun kautta. Jokainen k\u00e4ytt\u00e4j\u00e4 voi kutsua osallistujia jokaiseen istuntokansioon. K\u00e4ytt\u00e4j\u00e4t voivat pit\u00e4\u00e4 videokokouksia, joissa on korkeintaan 10 osanottajaa. K\u00e4ytt\u00e4j\u00e4t voivat kirjoittaa toisilleen [&hellip;]","og_url":"https:\/\/wp.edico.fi\/su\/edico-g\/","og_site_name":"EDICO","article_modified_time":"2025-08-30T06:54:23+00:00","twitter_card":"summary_large_image","twitter_misc":{"Arvioitu lukuaika":"3 minuuttia"},"schema":{"@context":"https:\/\/schema.org","@graph":[{"@type":"WebPage","@id":"https:\/\/wp.edico.fi\/edico-g\/","url":"https:\/\/wp.edico.fi\/edico-g\/","name":"Tuote Edico G - EDICO","isPartOf":{"@id":"https:\/\/wp.edico.fi\/#website"},"datePublished":"2023-11-13T09:20:31+00:00","dateModified":"2025-08-30T06:54:23+00:00","breadcrumb":{"@id":"https:\/\/wp.edico.fi\/edico-g\/#breadcrumb"},"inLanguage":"fi","potentialAction":[{"@type":"ReadAction","target":["https:\/\/wp.edico.fi\/edico-g\/"]}]},{"@type":"BreadcrumbList","@id":"https:\/\/wp.edico.fi\/edico-g\/#breadcrumb","itemListElement":[{"@type":"ListItem","position":1,"name":"Etusivu","item":"https:\/\/wp.edico.fi\/"},{"@type":"ListItem","position":2,"name":"Tuote Edico G"}]},{"@type":"WebSite","@id":"https:\/\/wp.edico.fi\/#website","url":"https:\/\/wp.edico.fi\/","name":"EDICO","description":"Turvallinen paikkasi","publisher":{"@id":"https:\/\/wp.edico.fi\/#organization"},"potentialAction":[{"@type":"SearchAction","target":{"@type":"EntryPoint","urlTemplate":"https:\/\/wp.edico.fi\/?s={search_term_string}"},"query-input":{"@type":"PropertyValueSpecification","valueRequired":true,"valueName":"search_term_string"}}],"inLanguage":"fi"},{"@type":"Organization","@id":"https:\/\/wp.edico.fi\/#organization","name":"EDICO","url":"https:\/\/wp.edico.fi\/","logo":{"@type":"ImageObject","inLanguage":"fi","@id":"https:\/\/wp.edico.fi\/#\/schema\/logo\/image\/","url":"https:\/\/wp.edico.fi\/wp-content\/uploads\/2023\/09\/edicologo.png","contentUrl":"https:\/\/wp.edico.fi\/wp-content\/uploads\/2023\/09\/edicologo.png","width":383,"height":383,"caption":"EDICO"},"image":{"@id":"https:\/\/wp.edico.fi\/#\/schema\/logo\/image\/"}}]}},"_links":{"self":[{"href":"https:\/\/wp.edico.fi\/su\/wp-json\/wp\/v2\/pages\/1337","targetHints":{"allow":["GET"]}}],"collection":[{"href":"https:\/\/wp.edico.fi\/su\/wp-json\/wp\/v2\/pages"}],"about":[{"href":"https:\/\/wp.edico.fi\/su\/wp-json\/wp\/v2\/types\/page"}],"author":[{"embeddable":true,"href":"https:\/\/wp.edico.fi\/su\/wp-json\/wp\/v2\/users\/1"}],"replies":[{"embeddable":true,"href":"https:\/\/wp.edico.fi\/su\/wp-json\/wp\/v2\/comments?post=1337"}],"version-history":[{"count":58,"href":"https:\/\/wp.edico.fi\/su\/wp-json\/wp\/v2\/pages\/1337\/revisions"}],"predecessor-version":[{"id":4196,"href":"https:\/\/wp.edico.fi\/su\/wp-json\/wp\/v2\/pages\/1337\/revisions\/4196"}],"wp:attachment":[{"href":"https:\/\/wp.edico.fi\/su\/wp-json\/wp\/v2\/media?parent=1337"}],"curies":[{"name":"wp","href":"https:\/\/api.w.org\/{rel}","templated":true}]}}