{"id":1335,"date":"2023-11-13T11:20:18","date_gmt":"2023-11-13T09:20:18","guid":{"rendered":"http:\/\/localhost\/wordpress-6.3\/wordpress\/?page_id=1335"},"modified":"2025-08-30T09:55:54","modified_gmt":"2025-08-30T06:55:54","slug":"edico-c","status":"publish","type":"page","link":"https:\/\/wp.edico.fi\/su\/edico-c\/","title":{"rendered":"Tuote Edico C"},"content":{"rendered":"\n<p class=\"animated fadeInDown\">Tuote on tulossa myyntiin.<\/p>\n\n\n\n<p class=\"animated fadeInDown\"><strong><strong>Edico C lyhyesti<\/strong><\/strong><\/p>\n\n\n\n<p class=\"animated fadeInDown\">Edico C on henkil\u00f6kohtainen tiedostonjakopalvelu eli sill\u00e4 on vain yksi tilinomistaja. Tuotteelle voi avata vain nk. luottamuksellisia istuntokansioita, joihin tilinomistaja voi kutsua useita osanottajia. Jokaisessa istuntokansiossa tilinomistaja n\u00e4kee kaikki kansioon ladatut tiedostot, mutta kutsutut osanottajat n\u00e4kev\u00e4t vain omat tiedostonsa.<br>Jokaisessa istuntokansiossa voi pit\u00e4\u00e4 samanaikaisia videokokouksia, jolloin kuitenkin kaikki osanottajat kuulevat puhutut asiat. Jos halutaan k\u00e4yd\u00e4 jonkin osaryhm\u00e4n kesken luottamuksellisia keskusteluja, niin osaryhm\u00e4 voi siirty\u00e4 toiseen istuntokansioon k\u00e4ym\u00e4\u00e4n niit\u00e4 tai hoitaa keskustelu vaikkapa puhelimella.<\/p>\n\n\n\n<p class=\"animated fadeInDown\">Tiedostot ja viestit s\u00e4ilyv\u00e4t istuntokansioissa ja niit\u00e4 voi k\u00e4yd\u00e4 katsomassa j\u00e4lkeenp\u00e4in.<\/p>\n\n\n\n<p class=\"animated fadeInDown\"><strong>Yleist\u00e4<\/strong><\/p>\n\n\n\n<p class=\"animated fadeInDown\">Edico C -tuotteella on tili, jolla on yksi tilinomistaja. Edico-palvelu toimii eri tietolaitteilla ja my\u00f6s mobile-laitteilla.<\/p>\n\n\n\n<details class=\"wp-block-details animated fadeIn is-layout-flow wp-block-details-is-layout-flow\"><summary><strong><strong>Tilinomistaja, kutsuttavat osallistujat &#8211; istuntokansiot<\/strong><\/strong><\/summary>\n<p>Tilinomistaja voi avata internet-palvelimella olevalle tililleen haluamansa m\u00e4\u00e4r\u00e4n satunnaisesti numeroituja luottamuksellisia kansioita, joihin jokaiseen tilinomistaja voi kutsua valitsemiaan kutsuttavia osallistujia tarpeellisen m\u00e4\u00e4r\u00e4n. Tilinomistaja n\u00e4kee kaikki istuntokansiossa olevat tiedostot. Kutsuttu osanottaja n\u00e4kee vain omat tiedostonsa. <\/p>\n<\/details>\n\n\n\n<details class=\"wp-block-details animated fadeIn is-layout-flow wp-block-details-is-layout-flow\"><summary><strong><strong>Kansioon osallistuvat &#8211; tiedostojen jakaminen<\/strong><\/strong><\/summary>\n<p>Jokaiseen kansioon tilinomistaja voi ladata yksitt\u00e4isi\u00e4 tiedostoja, joita h\u00e4n haluaa vain siihen kansioon kutsutun osallistujan n\u00e4kev\u00e4n. My\u00f6s kutsuttu osanottajat voi ladata omia tiedostojaan siihen kansioon, johon tilinomistaja on h\u00e4net kutsunut ja joita tiedostoja h\u00e4n itse ja vain tilinomistaja n\u00e4kev\u00e4t. Sek\u00e4 tilinomistaja ett\u00e4 kutsutut voivat k\u00e4ytt\u00e4\u00e4 txt-tiedostoja tekstins\u00e4 muokkaamiseen ja keskin\u00e4iseen kommunikointiin my\u00f6s mobiililaitteillaan.<\/p>\n<\/details>\n\n\n\n<details class=\"wp-block-details animated fadeIn is-layout-flow wp-block-details-is-layout-flow\"><summary><strong><strong>Kutsutut osallistujat \u2013<\/strong>&nbsp;<strong>vierailut istuntokansiossa, vierailijoiden m\u00e4\u00e4r\u00e4<\/strong><\/strong><\/summary>\n<p>Istuntokansiossa voivat kaikki, joilla on sinne oikeus kirjautua, vierailla asetettuna aikav\u00e4lin\u00e4 ja he voivat olla tietolaitteensa kanssa miss\u00e4 tahansa, jossa p\u00e4\u00e4sev\u00e4t internettiin. Kutsuttuja osanottajia voi olla paljon, mutta samaan aikaan kansioon voi kirjautua korkeintaan kymmenen (10) vierailijaa.<\/p>\n<\/details>\n\n\n\n<details class=\"wp-block-details animated fadeIn is-layout-flow wp-block-details-is-layout-flow\"><summary><strong>Samanaikainen kokous istuntokansiossa<\/strong><\/summary>\n<p>Tilinomistaja tai joku kutsuttu osanottaja voi halutessaan sopia siit\u00e4, ett\u00e4 pidet\u00e4\u00e4n istuntokansiossa samanaikainen videokokous. Siin\u00e4 voidaan k\u00e4ytt\u00e4\u00e4 sek\u00e4 kuvaa ett\u00e4 \u00e4\u00e4nt\u00e4 tai vain \u00e4\u00e4nt\u00e4 vuorovaikutteisesti kokoukseen osallistuvien kesken. Se, joka avaa videoyhteyden, joutuu k\u00e4ytt\u00e4m\u00e4\u00e4n Google\u2013 tai Facebook-tunnuksia. Avauksen j\u00e4lkeen muut osallistujat voivat liitty\u00e4 istunnossa video-neuvotteluun suoraan ilman tunnuksia. \u00c4\u00e4niyhteytt\u00e4 on aina mahdollisuus pit\u00e4\u00e4 puhelinyhteyden kautta, jos videoyhteydess\u00e4 sattuisi olemaan h\u00e4iri\u00f6it\u00e4. Tiedostojen tarkastelu hoituu hyvin my\u00f6s t\u00e4ll\u00e4 tavalla.<\/p>\n<\/details>\n\n\n\n<details class=\"wp-block-details animated fadeIn is-layout-flow wp-block-details-is-layout-flow\"><summary><strong>Chat \u2013 ikkuna tiedottamista varten<\/strong><\/summary>\n<p>Istunnossa on chat-ikkuna osallistujien muille osanottajille l\u00e4hett\u00e4m\u00e4\u00e4 kirjoitettua viesti\u00e4 varten. Osanottaja voi tallentaa viestin kansioon txt-muodossa, jolloin sit\u00e4 voi muokata ja se n\u00e4kyy kaikille tai valitulle osanottajille.<\/p>\n<\/details>\n\n\n\n<details class=\"wp-block-details animated fadeIn is-layout-flow wp-block-details-is-layout-flow\"><summary><strong>Alustava hinta<\/strong><\/summary>\n<p>Alustava hinta on xx \u20ac\/kk.<\/p>\n<\/details>\n\n\n\n<div class=\"wp-block-group is-nowrap is-layout-flex wp-container-core-group-is-layout-6c531013 wp-block-group-is-layout-flex\">\n<div class=\"wp-block-buttons is-layout-flex wp-block-buttons-is-layout-flex\">\n<div class=\"wp-block-button animated pulse o-anim-hover\"><a class=\"wp-block-button__link has-background wp-element-button\" href=\"mailto:(info@edicto.fi)\" style=\"border-radius:20px;background-color:#ff5153\"><strong>Varaa Edico C!<\/strong><\/a><\/div>\n<\/div>\n\n\n\n<div class=\"wp-block-buttons is-layout-flex wp-block-buttons-is-layout-flex\"><\/div>\n<\/div>\n","protected":false},"excerpt":{"rendered":"<p>Tuote on tulossa myyntiin. Edico C lyhyesti Edico C on henkil\u00f6kohtainen tiedostonjakopalvelu eli sill\u00e4 on vain yksi tilinomistaja. Tuotteelle voi avata vain nk. luottamuksellisia istuntokansioita, joihin tilinomistaja voi kutsua useita osanottajia. Jokaisessa istuntokansiossa tilinomistaja n\u00e4kee kaikki kansioon ladatut tiedostot, mutta kutsutut osanottajat n\u00e4kev\u00e4t vain omat tiedostonsa.Jokaisessa istuntokansiossa voi pit\u00e4\u00e4 samanaikaisia videokokouksia, jolloin kuitenkin kaikki osanottajat [&hellip;]<\/p>\n","protected":false},"author":1,"featured_media":0,"parent":0,"menu_order":6,"comment_status":"closed","ping_status":"closed","template":"","meta":{"footnotes":""},"class_list":["post-1335","page","type-page","status-publish","hentry"],"yoast_head":"<!-- This site is optimized with the Yoast SEO plugin v27.1.1 - https:\/\/yoast.com\/product\/yoast-seo-wordpress\/ -->\n<title>Tuote Edico C - EDICO<\/title>\n<meta name=\"robots\" content=\"index, follow, max-snippet:-1, max-image-preview:large, max-video-preview:-1\" \/>\n<link rel=\"canonical\" href=\"https:\/\/wp.edico.fi\/su\/edico-c\/\" \/>\n<meta property=\"og:locale\" content=\"fi_FI\" \/>\n<meta property=\"og:type\" content=\"article\" \/>\n<meta property=\"og:title\" content=\"Tuote Edico C - EDICO\" \/>\n<meta property=\"og:description\" content=\"Tuote on tulossa myyntiin. Edico C lyhyesti Edico C on henkil\u00f6kohtainen tiedostonjakopalvelu eli sill\u00e4 on vain yksi tilinomistaja. Tuotteelle voi avata vain nk. luottamuksellisia istuntokansioita, joihin tilinomistaja voi kutsua useita osanottajia. Jokaisessa istuntokansiossa tilinomistaja n\u00e4kee kaikki kansioon ladatut tiedostot, mutta kutsutut osanottajat n\u00e4kev\u00e4t vain omat tiedostonsa.Jokaisessa istuntokansiossa voi pit\u00e4\u00e4 samanaikaisia videokokouksia, jolloin kuitenkin kaikki osanottajat [&hellip;]\" \/>\n<meta property=\"og:url\" content=\"https:\/\/wp.edico.fi\/su\/edico-c\/\" \/>\n<meta property=\"og:site_name\" content=\"EDICO\" \/>\n<meta property=\"article:modified_time\" content=\"2025-08-30T06:55:54+00:00\" \/>\n<meta name=\"twitter:card\" content=\"summary_large_image\" \/>\n<meta name=\"twitter:label1\" content=\"Arvioitu lukuaika\" \/>\n\t<meta name=\"twitter:data1\" content=\"2 minuuttia\" \/>\n<script type=\"application\/ld+json\" class=\"yoast-schema-graph\">{\"@context\":\"https:\/\/schema.org\",\"@graph\":[{\"@type\":\"WebPage\",\"@id\":\"https:\/\/wp.edico.fi\/edico-c\/\",\"url\":\"https:\/\/wp.edico.fi\/edico-c\/\",\"name\":\"Tuote Edico C - EDICO\",\"isPartOf\":{\"@id\":\"https:\/\/wp.edico.fi\/#website\"},\"datePublished\":\"2023-11-13T09:20:18+00:00\",\"dateModified\":\"2025-08-30T06:55:54+00:00\",\"breadcrumb\":{\"@id\":\"https:\/\/wp.edico.fi\/edico-c\/#breadcrumb\"},\"inLanguage\":\"fi\",\"potentialAction\":[{\"@type\":\"ReadAction\",\"target\":[\"https:\/\/wp.edico.fi\/edico-c\/\"]}]},{\"@type\":\"BreadcrumbList\",\"@id\":\"https:\/\/wp.edico.fi\/edico-c\/#breadcrumb\",\"itemListElement\":[{\"@type\":\"ListItem\",\"position\":1,\"name\":\"Etusivu\",\"item\":\"https:\/\/wp.edico.fi\/\"},{\"@type\":\"ListItem\",\"position\":2,\"name\":\"Tuote Edico C\"}]},{\"@type\":\"WebSite\",\"@id\":\"https:\/\/wp.edico.fi\/#website\",\"url\":\"https:\/\/wp.edico.fi\/\",\"name\":\"EDICO\",\"description\":\"Turvallinen paikkasi\",\"publisher\":{\"@id\":\"https:\/\/wp.edico.fi\/#organization\"},\"potentialAction\":[{\"@type\":\"SearchAction\",\"target\":{\"@type\":\"EntryPoint\",\"urlTemplate\":\"https:\/\/wp.edico.fi\/?s={search_term_string}\"},\"query-input\":{\"@type\":\"PropertyValueSpecification\",\"valueRequired\":true,\"valueName\":\"search_term_string\"}}],\"inLanguage\":\"fi\"},{\"@type\":\"Organization\",\"@id\":\"https:\/\/wp.edico.fi\/#organization\",\"name\":\"EDICO\",\"url\":\"https:\/\/wp.edico.fi\/\",\"logo\":{\"@type\":\"ImageObject\",\"inLanguage\":\"fi\",\"@id\":\"https:\/\/wp.edico.fi\/#\/schema\/logo\/image\/\",\"url\":\"https:\/\/wp.edico.fi\/wp-content\/uploads\/2023\/09\/edicologo.png\",\"contentUrl\":\"https:\/\/wp.edico.fi\/wp-content\/uploads\/2023\/09\/edicologo.png\",\"width\":383,\"height\":383,\"caption\":\"EDICO\"},\"image\":{\"@id\":\"https:\/\/wp.edico.fi\/#\/schema\/logo\/image\/\"}}]}<\/script>\n<!-- \/ Yoast SEO plugin. -->","yoast_head_json":{"title":"Tuote Edico C - EDICO","robots":{"index":"index","follow":"follow","max-snippet":"max-snippet:-1","max-image-preview":"max-image-preview:large","max-video-preview":"max-video-preview:-1"},"canonical":"https:\/\/wp.edico.fi\/su\/edico-c\/","og_locale":"fi_FI","og_type":"article","og_title":"Tuote Edico C - EDICO","og_description":"Tuote on tulossa myyntiin. Edico C lyhyesti Edico C on henkil\u00f6kohtainen tiedostonjakopalvelu eli sill\u00e4 on vain yksi tilinomistaja. Tuotteelle voi avata vain nk. luottamuksellisia istuntokansioita, joihin tilinomistaja voi kutsua useita osanottajia. Jokaisessa istuntokansiossa tilinomistaja n\u00e4kee kaikki kansioon ladatut tiedostot, mutta kutsutut osanottajat n\u00e4kev\u00e4t vain omat tiedostonsa.Jokaisessa istuntokansiossa voi pit\u00e4\u00e4 samanaikaisia videokokouksia, jolloin kuitenkin kaikki osanottajat [&hellip;]","og_url":"https:\/\/wp.edico.fi\/su\/edico-c\/","og_site_name":"EDICO","article_modified_time":"2025-08-30T06:55:54+00:00","twitter_card":"summary_large_image","twitter_misc":{"Arvioitu lukuaika":"2 minuuttia"},"schema":{"@context":"https:\/\/schema.org","@graph":[{"@type":"WebPage","@id":"https:\/\/wp.edico.fi\/edico-c\/","url":"https:\/\/wp.edico.fi\/edico-c\/","name":"Tuote Edico C - EDICO","isPartOf":{"@id":"https:\/\/wp.edico.fi\/#website"},"datePublished":"2023-11-13T09:20:18+00:00","dateModified":"2025-08-30T06:55:54+00:00","breadcrumb":{"@id":"https:\/\/wp.edico.fi\/edico-c\/#breadcrumb"},"inLanguage":"fi","potentialAction":[{"@type":"ReadAction","target":["https:\/\/wp.edico.fi\/edico-c\/"]}]},{"@type":"BreadcrumbList","@id":"https:\/\/wp.edico.fi\/edico-c\/#breadcrumb","itemListElement":[{"@type":"ListItem","position":1,"name":"Etusivu","item":"https:\/\/wp.edico.fi\/"},{"@type":"ListItem","position":2,"name":"Tuote Edico C"}]},{"@type":"WebSite","@id":"https:\/\/wp.edico.fi\/#website","url":"https:\/\/wp.edico.fi\/","name":"EDICO","description":"Turvallinen paikkasi","publisher":{"@id":"https:\/\/wp.edico.fi\/#organization"},"potentialAction":[{"@type":"SearchAction","target":{"@type":"EntryPoint","urlTemplate":"https:\/\/wp.edico.fi\/?s={search_term_string}"},"query-input":{"@type":"PropertyValueSpecification","valueRequired":true,"valueName":"search_term_string"}}],"inLanguage":"fi"},{"@type":"Organization","@id":"https:\/\/wp.edico.fi\/#organization","name":"EDICO","url":"https:\/\/wp.edico.fi\/","logo":{"@type":"ImageObject","inLanguage":"fi","@id":"https:\/\/wp.edico.fi\/#\/schema\/logo\/image\/","url":"https:\/\/wp.edico.fi\/wp-content\/uploads\/2023\/09\/edicologo.png","contentUrl":"https:\/\/wp.edico.fi\/wp-content\/uploads\/2023\/09\/edicologo.png","width":383,"height":383,"caption":"EDICO"},"image":{"@id":"https:\/\/wp.edico.fi\/#\/schema\/logo\/image\/"}}]}},"_links":{"self":[{"href":"https:\/\/wp.edico.fi\/su\/wp-json\/wp\/v2\/pages\/1335","targetHints":{"allow":["GET"]}}],"collection":[{"href":"https:\/\/wp.edico.fi\/su\/wp-json\/wp\/v2\/pages"}],"about":[{"href":"https:\/\/wp.edico.fi\/su\/wp-json\/wp\/v2\/types\/page"}],"author":[{"embeddable":true,"href":"https:\/\/wp.edico.fi\/su\/wp-json\/wp\/v2\/users\/1"}],"replies":[{"embeddable":true,"href":"https:\/\/wp.edico.fi\/su\/wp-json\/wp\/v2\/comments?post=1335"}],"version-history":[{"count":56,"href":"https:\/\/wp.edico.fi\/su\/wp-json\/wp\/v2\/pages\/1335\/revisions"}],"predecessor-version":[{"id":4197,"href":"https:\/\/wp.edico.fi\/su\/wp-json\/wp\/v2\/pages\/1335\/revisions\/4197"}],"wp:attachment":[{"href":"https:\/\/wp.edico.fi\/su\/wp-json\/wp\/v2\/media?parent=1335"}],"curies":[{"name":"wp","href":"https:\/\/api.w.org\/{rel}","templated":true}]}}