{"id":1177,"date":"2023-11-08T11:46:19","date_gmt":"2023-11-08T09:46:19","guid":{"rendered":"http:\/\/localhost\/wordpress-6.3\/wordpress\/?page_id=1177"},"modified":"2025-12-12T15:03:39","modified_gmt":"2025-12-12T13:03:39","slug":"tilaa","status":"publish","type":"page","link":"https:\/\/wp.edico.fi\/su\/tilaa\/","title":{"rendered":"Tuotteen valinta ja tilaaminen"},"content":{"rendered":"\n<p style=\"line-height:1.8\"><strong>Valinta<\/strong><br>Tuotteista on toistaiseksi tilattavissa vain Edico S.<br>Viimeistelemme muita tuotteita. Varaamalla niit\u00e4 alla olevilla kuvakkeilla saat avattua s\u00e4hk\u00f6postiyhteyden. Siihen antamiesi yhteystietojen perusteella myyntimme voi antaa edullisen tarjouksen, kun valitsemasi tuote on toimitettavissa. Varaus ei edellyt\u00e4 varatun tuotteen hankkimista. Voit my\u00f6s aloittaa tutustumisen Edico-palveluun tilaamalla ensin Edico S -tuotteen m\u00e4\u00e4r\u00e4ajaksi ja muuttamalla sen my\u00f6hemmin Edico-tilin jatkotilauksella CG-tuotteeksi. Valintasi varmistamiseksi kannattaa tutustua ensin Edico tuotteiden <a href=\"https:\/\/wp.edico.fi\/su\/2023\/11\/06\/edico-palvelu-tuotteet-toimintokuvaukset\/\" data-type=\"link\" data-id=\"https:\/\/wp.edico.fi\/su\/2023\/11\/06\/edico-palvelu-tuotteet-toimintokuvaukset\/\">toimintokuvauksiin<\/a>.<\/p>\n\n\n\n<p style=\"line-height:1.8\"><strong>Tilaaminen ja varaaminen<\/strong><br>Ole hyv\u00e4 ja valitse olevista linkkeist\u00e4 \u201dTilaa Edico S\u201d tai \u201dVaraa Edico C\u201d tai \u201dVaraa Edico CG\u201d.<\/p>\n\n\n\n<div class=\"wp-block-group is-content-justification-center is-nowrap is-layout-flex wp-container-core-group-is-layout-23441af8 wp-block-group-is-layout-flex\">\n<div class=\"wp-block-group is-vertical is-content-justification-center is-layout-flex wp-container-core-group-is-layout-ce155fab wp-block-group-is-layout-flex\">\n<figure class=\"wp-block-image size-full is-resized animated fadeIn\"><img loading=\"lazy\" decoding=\"async\" width=\"704\" height=\"759\" src=\"https:\/\/wp.edico.fi\/wp-content\/uploads\/2024\/09\/prices2.png\" alt=\"\" class=\"wp-image-3831\" style=\"width:300px\"\/><\/figure>\n\n\n\n<div class=\"wp-block-buttons is-layout-flex wp-block-buttons-is-layout-flex\">\n<div class=\"wp-block-button animated pulse o-anim-hover\"><a class=\"wp-block-button__link has-contrast-color has-text-color has-link-color wp-element-button\" href=\"mailto:(info@edicto.fi)\" style=\"border-radius:20px\" target=\"_blank\" rel=\"noreferrer noopener\"><strong>Tilaa Edico S<\/strong><\/a><\/div>\n<\/div>\n<\/div>\n<\/div>\n\n\n\n<hr class=\"wp-block-separator has-alpha-channel-opacity is-style-wide\"\/>\n\n\n\n<div class=\"wp-block-group is-content-justification-center is-nowrap is-layout-flex wp-container-core-group-is-layout-23441af8 wp-block-group-is-layout-flex\">\n<div class=\"wp-block-group is-vertical is-content-justification-center is-layout-flex wp-container-core-group-is-layout-ce155fab wp-block-group-is-layout-flex\">\n<figure class=\"wp-block-image size-full animated fadeIn\"><img loading=\"lazy\" decoding=\"async\" width=\"704\" height=\"759\" src=\"https:\/\/wp.edico.fi\/wp-content\/uploads\/2024\/09\/pricec2.png\" alt=\"\" class=\"wp-image-3868\"\/><\/figure>\n\n\n\n<div class=\"wp-block-buttons is-layout-flex wp-block-buttons-is-layout-flex\">\n<div class=\"wp-block-button\"><a class=\"wp-block-button__link has-contrast-color has-text-color has-link-color wp-element-button\" href=\"mailto:(info@edicto.fi)\" style=\"border-radius:20px\"><strong>Varaa Edico C<\/strong><\/a><\/div>\n<\/div>\n<\/div>\n\n\n\n<div class=\"wp-block-group is-vertical is-content-justification-center is-layout-flex wp-container-core-group-is-layout-ce155fab wp-block-group-is-layout-flex\">\n<div class=\"wp-block-buttons is-layout-flex wp-block-buttons-is-layout-flex\"><\/div>\n<\/div>\n\n\n\n<div class=\"wp-block-group is-vertical is-content-justification-center is-layout-flex wp-container-core-group-is-layout-ce155fab wp-block-group-is-layout-flex\">\n<figure class=\"wp-block-image size-full animated fadeIn\"><img loading=\"lazy\" decoding=\"async\" width=\"704\" height=\"759\" src=\"https:\/\/wp.edico.fi\/wp-content\/uploads\/2024\/09\/pricecg2.png\" alt=\"\" class=\"wp-image-3871\"\/><\/figure>\n\n\n\n<div class=\"wp-block-buttons is-layout-flex wp-block-buttons-is-layout-flex\">\n<div class=\"wp-block-button\"><a class=\"wp-block-button__link has-contrast-color has-text-color has-link-color wp-element-button\" href=\"mailto:(info@edicto.fi)\" style=\"border-radius:20px\"><strong>Varaa Edico CG<\/strong><\/a><\/div>\n<\/div>\n<\/div>\n<\/div>\n\n\n\n<p class=\"has-text-align-center\"><strong>Hinnat ilmoitetaan my\u00f6hemmin!<\/strong><\/p>\n\n\n\n<p><\/p>\n","protected":false},"excerpt":{"rendered":"<p>ValintaTuotteista on toistaiseksi tilattavissa vain Edico S.Viimeistelemme muita tuotteita. Varaamalla niit\u00e4 alla olevilla kuvakkeilla saat avattua s\u00e4hk\u00f6postiyhteyden. Siihen antamiesi yhteystietojen perusteella myyntimme voi antaa edullisen tarjouksen, kun valitsemasi tuote on toimitettavissa. Varaus ei edellyt\u00e4 varatun tuotteen hankkimista. Voit my\u00f6s aloittaa tutustumisen Edico-palveluun tilaamalla ensin Edico S -tuotteen m\u00e4\u00e4r\u00e4ajaksi ja muuttamalla sen my\u00f6hemmin Edico-tilin jatkotilauksella CG-tuotteeksi. [&hellip;]<\/p>\n","protected":false},"author":1,"featured_media":0,"parent":0,"menu_order":1,"comment_status":"open","ping_status":"closed","template":"","meta":{"footnotes":""},"class_list":["post-1177","page","type-page","status-publish","hentry"],"yoast_head":"<!-- This site is optimized with the Yoast SEO plugin v27.1.1 - https:\/\/yoast.com\/product\/yoast-seo-wordpress\/ -->\n<title>Tuotteen valinta ja tilaaminen - EDICO<\/title>\n<meta name=\"robots\" content=\"index, follow, max-snippet:-1, max-image-preview:large, max-video-preview:-1\" \/>\n<link rel=\"canonical\" href=\"https:\/\/wp.edico.fi\/su\/tilaa\/\" \/>\n<meta property=\"og:locale\" content=\"fi_FI\" \/>\n<meta property=\"og:type\" content=\"article\" \/>\n<meta property=\"og:title\" content=\"Tuotteen valinta ja tilaaminen - EDICO\" \/>\n<meta property=\"og:description\" content=\"ValintaTuotteista on toistaiseksi tilattavissa vain Edico S.Viimeistelemme muita tuotteita. Varaamalla niit\u00e4 alla olevilla kuvakkeilla saat avattua s\u00e4hk\u00f6postiyhteyden. Siihen antamiesi yhteystietojen perusteella myyntimme voi antaa edullisen tarjouksen, kun valitsemasi tuote on toimitettavissa. Varaus ei edellyt\u00e4 varatun tuotteen hankkimista. Voit my\u00f6s aloittaa tutustumisen Edico-palveluun tilaamalla ensin Edico S -tuotteen m\u00e4\u00e4r\u00e4ajaksi ja muuttamalla sen my\u00f6hemmin Edico-tilin jatkotilauksella CG-tuotteeksi. [&hellip;]\" \/>\n<meta property=\"og:url\" content=\"https:\/\/wp.edico.fi\/su\/tilaa\/\" \/>\n<meta property=\"og:site_name\" content=\"EDICO\" \/>\n<meta property=\"article:modified_time\" content=\"2025-12-12T13:03:39+00:00\" \/>\n<meta property=\"og:image\" content=\"https:\/\/wp.edico.fi\/wp-content\/uploads\/2024\/09\/prices2.png\" \/>\n\t<meta property=\"og:image:width\" content=\"704\" \/>\n\t<meta property=\"og:image:height\" content=\"759\" \/>\n\t<meta property=\"og:image:type\" content=\"image\/png\" \/>\n<meta name=\"twitter:card\" content=\"summary_large_image\" \/>\n<meta name=\"twitter:label1\" content=\"Arvioitu lukuaika\" \/>\n\t<meta name=\"twitter:data1\" content=\"1 minuutti\" \/>\n<script type=\"application\/ld+json\" class=\"yoast-schema-graph\">{\"@context\":\"https:\/\/schema.org\",\"@graph\":[{\"@type\":\"WebPage\",\"@id\":\"https:\/\/wp.edico.fi\/tilaa\/\",\"url\":\"https:\/\/wp.edico.fi\/tilaa\/\",\"name\":\"Tuotteen valinta ja tilaaminen - EDICO\",\"isPartOf\":{\"@id\":\"https:\/\/wp.edico.fi\/#website\"},\"primaryImageOfPage\":{\"@id\":\"https:\/\/wp.edico.fi\/tilaa\/#primaryimage\"},\"image\":{\"@id\":\"https:\/\/wp.edico.fi\/tilaa\/#primaryimage\"},\"thumbnailUrl\":\"https:\/\/wp.edico.fi\/wp-content\/uploads\/2024\/09\/prices2.png\",\"datePublished\":\"2023-11-08T09:46:19+00:00\",\"dateModified\":\"2025-12-12T13:03:39+00:00\",\"breadcrumb\":{\"@id\":\"https:\/\/wp.edico.fi\/tilaa\/#breadcrumb\"},\"inLanguage\":\"fi\",\"potentialAction\":[{\"@type\":\"ReadAction\",\"target\":[\"https:\/\/wp.edico.fi\/tilaa\/\"]}]},{\"@type\":\"ImageObject\",\"inLanguage\":\"fi\",\"@id\":\"https:\/\/wp.edico.fi\/tilaa\/#primaryimage\",\"url\":\"https:\/\/wp.edico.fi\/wp-content\/uploads\/2024\/09\/prices2.png\",\"contentUrl\":\"https:\/\/wp.edico.fi\/wp-content\/uploads\/2024\/09\/prices2.png\"},{\"@type\":\"BreadcrumbList\",\"@id\":\"https:\/\/wp.edico.fi\/tilaa\/#breadcrumb\",\"itemListElement\":[{\"@type\":\"ListItem\",\"position\":1,\"name\":\"Etusivu\",\"item\":\"https:\/\/wp.edico.fi\/\"},{\"@type\":\"ListItem\",\"position\":2,\"name\":\"Tuotteen valinta ja tilaaminen\"}]},{\"@type\":\"WebSite\",\"@id\":\"https:\/\/wp.edico.fi\/#website\",\"url\":\"https:\/\/wp.edico.fi\/\",\"name\":\"EDICO\",\"description\":\"Turvallinen paikkasi\",\"publisher\":{\"@id\":\"https:\/\/wp.edico.fi\/#organization\"},\"potentialAction\":[{\"@type\":\"SearchAction\",\"target\":{\"@type\":\"EntryPoint\",\"urlTemplate\":\"https:\/\/wp.edico.fi\/?s={search_term_string}\"},\"query-input\":{\"@type\":\"PropertyValueSpecification\",\"valueRequired\":true,\"valueName\":\"search_term_string\"}}],\"inLanguage\":\"fi\"},{\"@type\":\"Organization\",\"@id\":\"https:\/\/wp.edico.fi\/#organization\",\"name\":\"EDICO\",\"url\":\"https:\/\/wp.edico.fi\/\",\"logo\":{\"@type\":\"ImageObject\",\"inLanguage\":\"fi\",\"@id\":\"https:\/\/wp.edico.fi\/#\/schema\/logo\/image\/\",\"url\":\"https:\/\/wp.edico.fi\/wp-content\/uploads\/2023\/09\/edicologo.png\",\"contentUrl\":\"https:\/\/wp.edico.fi\/wp-content\/uploads\/2023\/09\/edicologo.png\",\"width\":383,\"height\":383,\"caption\":\"EDICO\"},\"image\":{\"@id\":\"https:\/\/wp.edico.fi\/#\/schema\/logo\/image\/\"}}]}<\/script>\n<!-- \/ Yoast SEO plugin. -->","yoast_head_json":{"title":"Tuotteen valinta ja tilaaminen - EDICO","robots":{"index":"index","follow":"follow","max-snippet":"max-snippet:-1","max-image-preview":"max-image-preview:large","max-video-preview":"max-video-preview:-1"},"canonical":"https:\/\/wp.edico.fi\/su\/tilaa\/","og_locale":"fi_FI","og_type":"article","og_title":"Tuotteen valinta ja tilaaminen - EDICO","og_description":"ValintaTuotteista on toistaiseksi tilattavissa vain Edico S.Viimeistelemme muita tuotteita. Varaamalla niit\u00e4 alla olevilla kuvakkeilla saat avattua s\u00e4hk\u00f6postiyhteyden. Siihen antamiesi yhteystietojen perusteella myyntimme voi antaa edullisen tarjouksen, kun valitsemasi tuote on toimitettavissa. Varaus ei edellyt\u00e4 varatun tuotteen hankkimista. Voit my\u00f6s aloittaa tutustumisen Edico-palveluun tilaamalla ensin Edico S -tuotteen m\u00e4\u00e4r\u00e4ajaksi ja muuttamalla sen my\u00f6hemmin Edico-tilin jatkotilauksella CG-tuotteeksi. [&hellip;]","og_url":"https:\/\/wp.edico.fi\/su\/tilaa\/","og_site_name":"EDICO","article_modified_time":"2025-12-12T13:03:39+00:00","og_image":[{"width":704,"height":759,"url":"https:\/\/wp.edico.fi\/wp-content\/uploads\/2024\/09\/prices2.png","type":"image\/png"}],"twitter_card":"summary_large_image","twitter_misc":{"Arvioitu lukuaika":"1 minuutti"},"schema":{"@context":"https:\/\/schema.org","@graph":[{"@type":"WebPage","@id":"https:\/\/wp.edico.fi\/tilaa\/","url":"https:\/\/wp.edico.fi\/tilaa\/","name":"Tuotteen valinta ja tilaaminen - EDICO","isPartOf":{"@id":"https:\/\/wp.edico.fi\/#website"},"primaryImageOfPage":{"@id":"https:\/\/wp.edico.fi\/tilaa\/#primaryimage"},"image":{"@id":"https:\/\/wp.edico.fi\/tilaa\/#primaryimage"},"thumbnailUrl":"https:\/\/wp.edico.fi\/wp-content\/uploads\/2024\/09\/prices2.png","datePublished":"2023-11-08T09:46:19+00:00","dateModified":"2025-12-12T13:03:39+00:00","breadcrumb":{"@id":"https:\/\/wp.edico.fi\/tilaa\/#breadcrumb"},"inLanguage":"fi","potentialAction":[{"@type":"ReadAction","target":["https:\/\/wp.edico.fi\/tilaa\/"]}]},{"@type":"ImageObject","inLanguage":"fi","@id":"https:\/\/wp.edico.fi\/tilaa\/#primaryimage","url":"https:\/\/wp.edico.fi\/wp-content\/uploads\/2024\/09\/prices2.png","contentUrl":"https:\/\/wp.edico.fi\/wp-content\/uploads\/2024\/09\/prices2.png"},{"@type":"BreadcrumbList","@id":"https:\/\/wp.edico.fi\/tilaa\/#breadcrumb","itemListElement":[{"@type":"ListItem","position":1,"name":"Etusivu","item":"https:\/\/wp.edico.fi\/"},{"@type":"ListItem","position":2,"name":"Tuotteen valinta ja tilaaminen"}]},{"@type":"WebSite","@id":"https:\/\/wp.edico.fi\/#website","url":"https:\/\/wp.edico.fi\/","name":"EDICO","description":"Turvallinen paikkasi","publisher":{"@id":"https:\/\/wp.edico.fi\/#organization"},"potentialAction":[{"@type":"SearchAction","target":{"@type":"EntryPoint","urlTemplate":"https:\/\/wp.edico.fi\/?s={search_term_string}"},"query-input":{"@type":"PropertyValueSpecification","valueRequired":true,"valueName":"search_term_string"}}],"inLanguage":"fi"},{"@type":"Organization","@id":"https:\/\/wp.edico.fi\/#organization","name":"EDICO","url":"https:\/\/wp.edico.fi\/","logo":{"@type":"ImageObject","inLanguage":"fi","@id":"https:\/\/wp.edico.fi\/#\/schema\/logo\/image\/","url":"https:\/\/wp.edico.fi\/wp-content\/uploads\/2023\/09\/edicologo.png","contentUrl":"https:\/\/wp.edico.fi\/wp-content\/uploads\/2023\/09\/edicologo.png","width":383,"height":383,"caption":"EDICO"},"image":{"@id":"https:\/\/wp.edico.fi\/#\/schema\/logo\/image\/"}}]}},"_links":{"self":[{"href":"https:\/\/wp.edico.fi\/su\/wp-json\/wp\/v2\/pages\/1177","targetHints":{"allow":["GET"]}}],"collection":[{"href":"https:\/\/wp.edico.fi\/su\/wp-json\/wp\/v2\/pages"}],"about":[{"href":"https:\/\/wp.edico.fi\/su\/wp-json\/wp\/v2\/types\/page"}],"author":[{"embeddable":true,"href":"https:\/\/wp.edico.fi\/su\/wp-json\/wp\/v2\/users\/1"}],"replies":[{"embeddable":true,"href":"https:\/\/wp.edico.fi\/su\/wp-json\/wp\/v2\/comments?post=1177"}],"version-history":[{"count":177,"href":"https:\/\/wp.edico.fi\/su\/wp-json\/wp\/v2\/pages\/1177\/revisions"}],"predecessor-version":[{"id":4211,"href":"https:\/\/wp.edico.fi\/su\/wp-json\/wp\/v2\/pages\/1177\/revisions\/4211"}],"wp:attachment":[{"href":"https:\/\/wp.edico.fi\/su\/wp-json\/wp\/v2\/media?parent=1177"}],"curies":[{"name":"wp","href":"https:\/\/api.w.org\/{rel}","templated":true}]}}