{"id":513,"date":"2023-09-11T11:27:10","date_gmt":"2023-09-11T08:27:10","guid":{"rendered":"http:\/\/localhost\/wordpress-6.3\/wordpress\/?page_id=513"},"modified":"2026-01-28T12:20:56","modified_gmt":"2026-01-28T10:20:56","slug":"usein-kysytyt-kysymykset-faq","status":"publish","type":"page","link":"https:\/\/wp.edico.fi\/en\/usein-kysytyt-kysymykset-faq\/","title":{"rendered":"Frequently Asked Questions - FAQ"},"content":{"rendered":"<p class=\"animated fadeIn has-large-font-size\">Ownership of an Edico account<\/p>\n\n\n\n<details class=\"wp-block-details animated fadeInUp is-layout-flow wp-block-details-is-layout-flow\"><summary>How does Edico differ from the other file sharing or transferring services?<\/summary>\n<p class=\"has-background-secondary-background-color has-background\"><em>Edico's chat enables better interaction than other file sharing services, and with Edico you can present files with the browser's presentation resolution. Additional information for file management can be provided with file accompanying comments and attention colors. Our servers are located in Finland in the EU region.<\/em><\/p>\n<\/details>\n\n\n\n<details class=\"wp-block-details animated fadeInUp is-layout-flow wp-block-details-is-layout-flow\"><summary>How is the service developed?<\/summary>\n<p class=\"has-background-secondary-background-color has-background\"><em>The Edico service is constantly being developed. If you have development suggestions, you can contact us <\/em><a href=\"https:\/\/wp.edico.fi\/en\/meista\/\" data-type=\"link\" data-id=\"https:\/\/wp.edico.fi\/su\/meista\/\"><em>via our customer servic<\/em>e<\/a>.<\/p>\n<\/details>\n\n\n\n<details class=\"wp-block-details animated fadeInUp is-layout-flow wp-block-details-is-layout-flow\"><summary>How does Edico's presentation technique differ from the presentation techniques of other services?<\/summary>\n<p class=\"has-background-secondary-background-color has-background\"><em>When you present a file in the Edico session folder, such as image video or pdf documents, to others <em>to a concurrent session<\/em> for the participants, they will see the original file on their own computer screen with the resolution of a web browser. This patented presentation technology is of much higher quality than the streaming technology of some systems developed for screen sharing. In addition, it requires much less bandwidth.<\/em><\/p>\n<\/details>\n\n\n\n<details class=\"wp-block-details animated fadeInUp is-layout-flow wp-block-details-is-layout-flow\"><summary>Do I need to register to join the Edico session folder?<\/summary>\n<p class=\"has-foreground-color has-background-secondary-background-color has-text-color has-background\"><em>Only the account holder registers when he orders an Edico product account for his use. When the account holder invites participants to the session folder they set up, they <strong>do not need to register<\/strong>. Heid\u00e4n tulee vain seurata kutsussa olevia liittymisohjeita.<\/em><\/p>\n<\/details>\n\n\n\n<details class=\"wp-block-details animated fadeInUp is-layout-flow wp-block-details-is-layout-flow\"><summary>Can Edico be used on mobile devices?<\/summary>\n<p class=\"has-background-secondary-background-color has-background\"><em>Yes, Edico is also designed to be used on mobile devices.<\/em><\/p>\n<\/details>\n\n\n\n<p class=\"animated fadeIn has-large-font-size\">Safety<\/p>\n\n\n\n<details class=\"wp-block-details animated fadeInUp is-layout-flow wp-block-details-is-layout-flow\"><summary>Can someone else see the information I shared in the Edico session folder?<\/summary>\n<p class=\"has-foreground-color has-background-secondary-background-color has-text-color has-background\"><em>Information shared in the Edico session folder is only available to the account owner and invited participants. <\/em><\/p>\n<\/details>\n\n\n\n<details class=\"wp-block-details animated fadeInUp is-layout-flow wp-block-details-is-layout-flow\"><summary>How are files in the Edico session folder protected?<\/summary>\n<p class=\"has-background-secondary-background-color has-background\"><em>Edico's file transfer is protected with the SSL protocol and access to the session folder is protected with a password.<\/em><\/p>\n<\/details>\n\n\n\n<details class=\"wp-block-details animated fadeInUp is-layout-flow wp-block-details-is-layout-flow\"><summary>How does a confidential folder differ from a regular folder?<\/summary>\n<p class=\"has-background-secondary-background-color has-background\"><em>The regular session folder grants participants equal rights and visibility of all files to everyone. In confidential session folders, invited participants do not see each other's files. Only account users can view the files uploaded by all invited participants.<\/em><\/p>\n<\/details>\n\n\n\n<details class=\"wp-block-details animated fadeInUp is-layout-flow wp-block-details-is-layout-flow\"><summary>Are the files deleted after the session ends?<\/summary>\n<p class=\"has-background-secondary-background-color has-background\"><em>In the Edico Lite trial session folder, files are removed from our server after 48 hours or when the session folder user deletes them prior to the expiration of the 48-hour period. <\/em><br><em>In the Edico Lite trial session folder, files are removed from our server after 48 hours or when the session folder user deletes them prior to the expiration of the 48-hour period.<\/em><\/p>\n<\/details>\n\n\n\n<p class=\"animated fadeIn has-large-font-size\">Inviting participants<\/p>\n\n\n\n<details class=\"wp-block-details animated fadeInUp is-layout-flow wp-block-details-is-layout-flow\"><summary>How can I invite people to my Edico session folder?<\/summary>\n<p class=\"has-background-secondary-background-color has-background\"><em>There are three ways to invite participants.<br><strong>1. Email Invitation from Edico Session Folder<\/strong>.<br>Tap the \"Invite Participants\" button in the top bar to open the window with the same name.\nFill in the requested information in the window and tap the \"Invite Participants\" button. Edico invitations will now be sent to all the email addresses you entered in the window.<\/em><br><em>Also, send the session password to all invitees via text message or notify them that no password is needed. The invited participant will see the login instructions in the email.<br>&nbsp;<strong>2. Sending an Invitation Link via Email or Text Message<br>&nbsp;<\/strong>Kutsulinkin l\u00f6yd\u00e4t napauttamalla istuntokansion info (i) \u2013 painiketta, joka sijaitsee istuntonumeron vieress\u00e4. Kopioi kutsulinkki ja l\u00e4het\u00e4 se s\u00e4hk\u00f6postilla tai tekstiviestill\u00e4 kutsuttaville osanottajille.&nbsp; L\u00e4het\u00e4 kaikille kutsutuille my\u00f6s istunnon salasana esim. tekstiviestill\u00e4 tai ilmoitus siit\u00e4, ett\u00e4 salasanaa ei tarvita sek\u00e4 kirjautumisohjeet.<br>&nbsp;<strong>3. Invitees Logging In Through Edico's Website \"Join as an Invitee\" Link<br><\/strong>You need to send the session folder number, session password, or notify them that no password is needed, and provide login instructions in an appropriate manner.<\/em><\/p>\n<\/details>\n\n\n\n<details class=\"wp-block-details animated fadeInUp is-layout-flow wp-block-details-is-layout-flow\"><summary>How do I know who joined my session? \/ How can I see the participants of the sessions?<\/summary>\n<p class=\"has-background-secondary-background-color has-background\"><em>In your Edico account, you can see the participants who have logged into session folders via the \"Participants -&gt; Show\" button. In the Edico session folder, you can see concurrent participants through the info button.<\/em><\/p>\n<\/details>\n\n\n\n<details class=\"wp-block-details animated fadeInUp is-layout-flow wp-block-details-is-layout-flow\"><summary>How are invited people informed?<\/summary>\n<p class=\"has-background-secondary-background-color has-background\"><em>If you invited people to your session through the \"Invite Participants\" button, the invited participants will receive an email from Edico. If you only send the invitation link, you need to inform the participants yourself! If you want them to join using the session folder number via the \"Join as an Invitee\" link on the website, provide them with the session number and instructions on how to log in<\/em>.<\/p>\n<\/details>\n\n\n\n<details class=\"wp-block-details animated fadeInUp is-layout-flow wp-block-details-is-layout-flow\"><summary>How do I know who joined my session? \/ How can I see the participants of the sessions?<\/summary>\n<p class=\"has-background-secondary-background-color has-background\"><em>In your Edico account, you can see the participants who have logged into session folders via the \"Participants -&gt; Show\" button. In the Edico session folder, you can see concurrent participants through the info button.<\/em><\/p>\n<\/details>\n\n\n\n<details class=\"wp-block-details animated fadeInUp is-layout-flow wp-block-details-is-layout-flow\"><summary>Can files be shared with more than ten session folder participants?<\/summary>\n<p class=\"has-background-secondary-background-color has-background\"><em>Files can be shared with the desired number of participants!<br>If a simultaneous session is held between participants, then the number of active participants is limited to ten participants.<br>The maximum number of participants in a simultaneous Edico Lite session is 3.<\/em><\/p>\n<\/details>\n\n\n\n<details class=\"wp-block-details animated fadeInUp is-layout-flow wp-block-details-is-layout-flow\"><summary>Do you always need a password to join an Edico session?<\/summary>\n<p class=\"has-text-align-left has-background-secondary-background-color has-background\"><em>You don't always need a password! The account owner can specify whether a password is required to access the session folder or not<\/em>. <em>The information is not always secret (e.g. in a sales presentation) and then it makes sense to allow invited participants into the session folder without a password.<\/em><\/p>\n<\/details>\n\n\n\n<p class=\"animated fadeIn has-large-font-size\">Features<\/p>\n\n\n\n<details class=\"wp-block-details animated fadeInUp is-layout-flow wp-block-details-is-layout-flow\"><summary>How many session folders can I create?<\/summary>\n<p class=\"has-background-secondary-background-color has-background\"><em>There is no limit to the number of session folders you can create. However, it's important to note that with an Edico S subscription, there is a storage limit of 10 GB.<\/em><\/p>\n<\/details>\n\n\n\n<details class=\"wp-block-details animated fadeInUp is-layout-flow wp-block-details-is-layout-flow\"><summary>I deleted one of my session folders, can I get it back?<\/summary>\n<p class=\"has-background-secondary-background-color has-background\"><em>No. You must keep the files you have uploaded to the Edico session folder also on your own data device.<\/em><\/p>\n<\/details>\n\n\n\n<details class=\"wp-block-details animated fadeInUp is-layout-flow wp-block-details-is-layout-flow\"><summary>When you use the \"Open\" button to open a file, do other participants see its contents?<\/summary>\n<p class=\"has-background-secondary-background-color has-background\"><em>If you open a file using the \"Open\" button, only you will see its contents in the session. If another person opens the same file, they will also see it, but this does not mean the file is presented to all participants. If you want everyone to see the same file at the same time, you need to present it.<\/em><\/p>\n<\/details>\n\n\n\n<details class=\"wp-block-details animated fadeInUp is-layout-flow wp-block-details-is-layout-flow\"><summary>My Word and Excel files don't open in Edico, how can I open them?<\/summary>\n<p class=\"has-background-secondary-background-color has-background\"><em>Edico can open or present .pdf, .ppt, .png, .jpg, .txt, and .html files. If you want to open an Excel or Word file, you need to download it to your computer.<\/em><\/p>\n<\/details>\n\n\n\n<details class=\"wp-block-details animated fadeInUp is-layout-flow wp-block-details-is-layout-flow\"><summary>I started the presentation, how can I stop it?<\/summary>\n<p class=\"has-background-secondary-background-color has-background\"><em>The \"Stop\" button can be found in the \"Open\/Close presentation tools\" menu.<\/em><\/p>\n<\/details>\n\n\n\n<details class=\"wp-block-details animated fadeInUp is-layout-flow wp-block-details-is-layout-flow\"><summary>I would like to present PowerPoint slides or multi-page PDF documents to my colleagues using Edico. How should I proceed?<\/summary>\n<p class=\"has-background-secondary-background-color has-background\"><em>PowerPoint presentations should be converted to image formats such as JPG for smooth and high-quality presentation. Other suitable file formats include other image formats (GIF, BMP, and PNG). PDF documents are also an acceptable format.<\/em><br><em>The selection of a page of a multi-page file to display must be guided to others in the presentation<\/em> to the participants so that all participants transfer the same page to the screen of their own information device.<\/p>\n<\/details>\n\n\n\n<details class=\"wp-block-details animated fadeInUp is-layout-flow wp-block-details-is-layout-flow\"><summary>How can I avoid display-related confusion with multi-page documents?<\/summary>\n<p class=\"has-background-secondary-background-color has-background\"><em>To avoid confusion caused by multi-page documents, you can place only one page per file. This will, of course, increase the number of files to be presented.  <\/em><\/p>\n<\/details>","protected":false},"excerpt":{"rendered":"<p>Edico-tilin omistaminen Turvallisuus Osanottajien kutsuminen Ominaisuudet<\/p>","protected":false},"author":1,"featured_media":0,"parent":0,"menu_order":10,"comment_status":"closed","ping_status":"closed","template":"","meta":{"footnotes":""},"class_list":["post-513","page","type-page","status-publish","hentry"],"yoast_head":"<!-- This site is optimized with the Yoast SEO plugin v27.1.1 - https:\/\/yoast.com\/product\/yoast-seo-wordpress\/ -->\n<title>Usein kysytyt kysymykset \u2013 UKK - EDICO<\/title>\n<meta name=\"description\" content=\"Usein kysytyt kysymykset \u2013 UKK\" \/>\n<meta name=\"robots\" content=\"index, follow, max-snippet:-1, max-image-preview:large, max-video-preview:-1\" \/>\n<link rel=\"canonical\" href=\"https:\/\/wp.edico.fi\/en\/usein-kysytyt-kysymykset-faq\/\" \/>\n<meta property=\"og:locale\" content=\"en_US\" \/>\n<meta property=\"og:type\" content=\"article\" \/>\n<meta property=\"og:title\" content=\"Usein kysytyt kysymykset \u2013 UKK - EDICO\" \/>\n<meta property=\"og:description\" content=\"Usein kysytyt kysymykset \u2013 UKK\" \/>\n<meta property=\"og:url\" content=\"https:\/\/wp.edico.fi\/en\/usein-kysytyt-kysymykset-faq\/\" \/>\n<meta property=\"og:site_name\" content=\"EDICO\" \/>\n<meta property=\"article:modified_time\" content=\"2026-01-28T10:20:56+00:00\" \/>\n<meta name=\"twitter:card\" content=\"summary_large_image\" \/>\n<meta name=\"twitter:label1\" content=\"Est. reading time\" \/>\n\t<meta name=\"twitter:data1\" content=\"6 minutes\" \/>\n<script type=\"application\/ld+json\" class=\"yoast-schema-graph\">{\"@context\":\"https:\/\/schema.org\",\"@graph\":[{\"@type\":\"WebPage\",\"@id\":\"https:\/\/wp.edico.fi\/usein-kysytyt-kysymykset-faq\/\",\"url\":\"https:\/\/wp.edico.fi\/usein-kysytyt-kysymykset-faq\/\",\"name\":\"Usein kysytyt kysymykset \u2013 UKK - EDICO\",\"isPartOf\":{\"@id\":\"https:\/\/wp.edico.fi\/#website\"},\"datePublished\":\"2023-09-11T08:27:10+00:00\",\"dateModified\":\"2026-01-28T10:20:56+00:00\",\"description\":\"Usein kysytyt kysymykset \u2013 UKK\",\"breadcrumb\":{\"@id\":\"https:\/\/wp.edico.fi\/usein-kysytyt-kysymykset-faq\/#breadcrumb\"},\"inLanguage\":\"en-US\",\"potentialAction\":[{\"@type\":\"ReadAction\",\"target\":[\"https:\/\/wp.edico.fi\/usein-kysytyt-kysymykset-faq\/\"]}]},{\"@type\":\"BreadcrumbList\",\"@id\":\"https:\/\/wp.edico.fi\/usein-kysytyt-kysymykset-faq\/#breadcrumb\",\"itemListElement\":[{\"@type\":\"ListItem\",\"position\":1,\"name\":\"Etusivu\",\"item\":\"https:\/\/wp.edico.fi\/\"},{\"@type\":\"ListItem\",\"position\":2,\"name\":\"Usein kysytyt kysymykset \u2013 UKK\"}]},{\"@type\":\"WebSite\",\"@id\":\"https:\/\/wp.edico.fi\/#website\",\"url\":\"https:\/\/wp.edico.fi\/\",\"name\":\"EDICO\",\"description\":\"Turvallinen paikkasi\",\"publisher\":{\"@id\":\"https:\/\/wp.edico.fi\/#organization\"},\"potentialAction\":[{\"@type\":\"SearchAction\",\"target\":{\"@type\":\"EntryPoint\",\"urlTemplate\":\"https:\/\/wp.edico.fi\/?s={search_term_string}\"},\"query-input\":{\"@type\":\"PropertyValueSpecification\",\"valueRequired\":true,\"valueName\":\"search_term_string\"}}],\"inLanguage\":\"en-US\"},{\"@type\":\"Organization\",\"@id\":\"https:\/\/wp.edico.fi\/#organization\",\"name\":\"EDICO\",\"url\":\"https:\/\/wp.edico.fi\/\",\"logo\":{\"@type\":\"ImageObject\",\"inLanguage\":\"en-US\",\"@id\":\"https:\/\/wp.edico.fi\/#\/schema\/logo\/image\/\",\"url\":\"https:\/\/wp.edico.fi\/wp-content\/uploads\/2023\/09\/edicologo.png\",\"contentUrl\":\"https:\/\/wp.edico.fi\/wp-content\/uploads\/2023\/09\/edicologo.png\",\"width\":383,\"height\":383,\"caption\":\"EDICO\"},\"image\":{\"@id\":\"https:\/\/wp.edico.fi\/#\/schema\/logo\/image\/\"}}]}<\/script>\n<!-- \/ Yoast SEO plugin. -->","yoast_head_json":{"title":"Usein kysytyt kysymykset \u2013 UKK - EDICO","description":"Frequently Asked Questions - FAQ","robots":{"index":"index","follow":"follow","max-snippet":"max-snippet:-1","max-image-preview":"max-image-preview:large","max-video-preview":"max-video-preview:-1"},"canonical":"https:\/\/wp.edico.fi\/en\/usein-kysytyt-kysymykset-faq\/","og_locale":"en_US","og_type":"article","og_title":"Usein kysytyt kysymykset \u2013 UKK - EDICO","og_description":"Usein kysytyt kysymykset \u2013 UKK","og_url":"https:\/\/wp.edico.fi\/en\/usein-kysytyt-kysymykset-faq\/","og_site_name":"EDICO","article_modified_time":"2026-01-28T10:20:56+00:00","twitter_card":"summary_large_image","twitter_misc":{"Est. reading time":"6 minutes"},"schema":{"@context":"https:\/\/schema.org","@graph":[{"@type":"WebPage","@id":"https:\/\/wp.edico.fi\/usein-kysytyt-kysymykset-faq\/","url":"https:\/\/wp.edico.fi\/usein-kysytyt-kysymykset-faq\/","name":"Usein kysytyt kysymykset \u2013 UKK - EDICO","isPartOf":{"@id":"https:\/\/wp.edico.fi\/#website"},"datePublished":"2023-09-11T08:27:10+00:00","dateModified":"2026-01-28T10:20:56+00:00","description":"Frequently Asked Questions - FAQ","breadcrumb":{"@id":"https:\/\/wp.edico.fi\/usein-kysytyt-kysymykset-faq\/#breadcrumb"},"inLanguage":"en-US","potentialAction":[{"@type":"ReadAction","target":["https:\/\/wp.edico.fi\/usein-kysytyt-kysymykset-faq\/"]}]},{"@type":"BreadcrumbList","@id":"https:\/\/wp.edico.fi\/usein-kysytyt-kysymykset-faq\/#breadcrumb","itemListElement":[{"@type":"ListItem","position":1,"name":"Etusivu","item":"https:\/\/wp.edico.fi\/"},{"@type":"ListItem","position":2,"name":"Usein kysytyt kysymykset \u2013 UKK"}]},{"@type":"WebSite","@id":"https:\/\/wp.edico.fi\/#website","url":"https:\/\/wp.edico.fi\/","name":"EDICO","description":"Turvallinen paikkasi","publisher":{"@id":"https:\/\/wp.edico.fi\/#organization"},"potentialAction":[{"@type":"SearchAction","target":{"@type":"EntryPoint","urlTemplate":"https:\/\/wp.edico.fi\/?s={search_term_string}"},"query-input":{"@type":"PropertyValueSpecification","valueRequired":true,"valueName":"search_term_string"}}],"inLanguage":"en-US"},{"@type":"Organization","@id":"https:\/\/wp.edico.fi\/#organization","name":"EDICO","url":"https:\/\/wp.edico.fi\/","logo":{"@type":"ImageObject","inLanguage":"en-US","@id":"https:\/\/wp.edico.fi\/#\/schema\/logo\/image\/","url":"https:\/\/wp.edico.fi\/wp-content\/uploads\/2023\/09\/edicologo.png","contentUrl":"https:\/\/wp.edico.fi\/wp-content\/uploads\/2023\/09\/edicologo.png","width":383,"height":383,"caption":"EDICO"},"image":{"@id":"https:\/\/wp.edico.fi\/#\/schema\/logo\/image\/"}}]}},"_links":{"self":[{"href":"https:\/\/wp.edico.fi\/en\/wp-json\/wp\/v2\/pages\/513","targetHints":{"allow":["GET"]}}],"collection":[{"href":"https:\/\/wp.edico.fi\/en\/wp-json\/wp\/v2\/pages"}],"about":[{"href":"https:\/\/wp.edico.fi\/en\/wp-json\/wp\/v2\/types\/page"}],"author":[{"embeddable":true,"href":"https:\/\/wp.edico.fi\/en\/wp-json\/wp\/v2\/users\/1"}],"replies":[{"embeddable":true,"href":"https:\/\/wp.edico.fi\/en\/wp-json\/wp\/v2\/comments?post=513"}],"version-history":[{"count":85,"href":"https:\/\/wp.edico.fi\/en\/wp-json\/wp\/v2\/pages\/513\/revisions"}],"predecessor-version":[{"id":3881,"href":"https:\/\/wp.edico.fi\/en\/wp-json\/wp\/v2\/pages\/513\/revisions\/3881"}],"wp:attachment":[{"href":"https:\/\/wp.edico.fi\/en\/wp-json\/wp\/v2\/media?parent=513"}],"curies":[{"name":"wp","href":"https:\/\/api.w.org\/{rel}","templated":true}]}}