{"id":495,"date":"2025-08-30T09:37:32","date_gmt":"2025-08-30T06:37:32","guid":{"rendered":"http:\/\/localhost\/wordpress-6.3\/wordpress\/?page_id=495"},"modified":"2025-09-08T12:42:43","modified_gmt":"2025-09-08T09:42:43","slug":"edico-cg","status":"publish","type":"page","link":"https:\/\/wp.edico.fi\/en\/edico-cg\/","title":{"rendered":"Edico CG"},"content":{"rendered":"<p class=\"animated fadeInDown\">The product is going on sale at a later date!<\/p>\n\n\n\n<h2 class=\"wp-block-heading\"><strong><strong>Edico CG in brief<\/strong><\/strong><\/h2>\n\n\n\n<p>Kirjaudu vanhaan: <a href=\"https:\/\/conf.edicto.fi\">https:\/\/conf.edicto.fi<\/a><\/p>\n\n\n\n<p class=\"animated fadeInDown\">Edico CG is a file-sharing service that can be used by a group. It has one account owner and can include multiple parallel account users.<\/p>\n\n\n\n<p class=\"animated fadeInDown\"><strong>Confidential session folders<\/strong><a><br><\/a>In Edico CG <em>you can create so-called confidential session folders<\/em>to which the account owner or parallel users can invite multiple participants. In each confidential session folder, the account owner or parallel users can view all files uploaded to the folder, while invited participants only see their own files.<br>In each confidential session folder, simultaneous video meetings can be held, where all participants will hear the spoken content.<br>If a subgroup needs to have confidential discussions, they can either move to another session folder for these discussions or handle them via phone. Files and messages remain in the confidential session folders, and authorized individuals can review them later.<\/p>\n\n\n\n<p class=\"animated fadeInDown\"><strong>Normal Session Folders<br><\/strong>For the Edico CG product <em>you can also create standard session folders.<\/em>In these folders, the account owner or authorized users can invite multiple participants. In each standard session folder, the account owner or authorized user can view all files uploaded to the folder, and all invited participants can see all files.<br>In each standard session folder, you can hold simultaneous video meetings where all participants will hear the spoken content.<br>Jos halutaan k\u00e4yd\u00e4 jonkin osaryhm\u00e4n kesken luottamuksellisia keskusteluja, niin osaryhm\u00e4 voi siirty\u00e4 toiseen istuntokansioon k\u00e4ym\u00e4\u00e4n niit\u00e4 tai hoitaa keskustelu vaikkapa puhelimella. Tiedostot ja viestit s\u00e4ilyv\u00e4t normaaleissa istuntokansioissa ja niit\u00e4 istuntokansioihin oikeutetut henkil\u00f6t voivat k\u00e4yd\u00e4 katsomassa my\u00f6s j\u00e4lkeenp\u00e4in.<\/p>\n\n\n\n<p class=\"animated fadeInDown\"><strong>Use of Different Session Folder Types<br><\/strong>In various situations, it is beneficial to use both types of session folders available in the Edico CG product.<br>There are numerous scenarios where users will encounter the need to utilize both types over time.<\/p>\n\n\n\n<p class=\"animated fadeInDown\"><strong>General<\/strong><\/p>\n\n\n\n<p class=\"animated fadeInDown\">The Edico CG product includes an account with one owner and authorized users. The account provides access to Edico\u2019s core functions, which operate across different devices and mobile platforms. Session folders can be used for both presenting files in meetings and simply for file sharing.<\/p>\n\n\n\n<details class=\"wp-block-details animated fadeIn is-layout-flow wp-block-details-is-layout-flow\"><summary><strong><strong>Account Owner and Account Users<\/strong><\/strong><\/summary>\n<p>The account owner, who is also a user of the account, can share the same credentials with parallel account users, allowing each to access the account. Only the account owner can change the login password.<\/p>\n<\/details>\n\n\n\n<details class=\"wp-block-details animated fadeIn is-layout-flow wp-block-details-is-layout-flow\"><summary><strong><strong>Account users, invited participants - session folders<\/strong><\/strong><\/summary>\n<p>Account users can open as many open and\/or confidential session folders as they want on their account on the internet server, to each of which users can invite the necessary number of invited participants of their choice, however no more than 9 at a time in addition to themselves. Account users can also visit each other's folders in the ways they agree.<\/p>\n<\/details>\n\n\n\n<details class=\"wp-block-details animated fadeIn is-layout-flow wp-block-details-is-layout-flow\"><summary><strong><strong>Participants in the session folder - normal session folders - file sharing<\/strong><\/strong><\/summary>\n<p>Each account user can upload files to every session folder that they want the invited participants to see. Invited participants can also upload their own files to the session folder where the account user has invited them, and these files are visible to all individuals accessing the session folder. Account users and invited participants can also copy these files to their own devices after they have been uploaded to the session folder.<\/p>\n<\/details>\n\n\n\n<details class=\"wp-block-details animated fadeIn is-layout-flow wp-block-details-is-layout-flow\"><summary><strong><strong>Participants in the session folder - confidential session folders - file sharing<\/strong><\/strong><\/summary>\n<p>In each confidential session folder, the account owner or authorized user can upload individual files. They can specify which of the invited participants are allowed to view the uploaded file. Additionally, invited participants can upload their own files to the folder they have been invited to, which only they and the account owner can view. Both the account owner and invited participants can use text files for editing and internal communication, including on their mobile devices.<\/p>\n<\/details>\n\n\n\n<details class=\"wp-block-details is-layout-flow wp-block-details-is-layout-flow\"><summary><strong>Invited participants -<\/strong>&nbsp;<strong>Visits to the session folder<\/strong><\/summary>\n<p>In a normal session folder, anyone with access rights can visit at any time.<\/p>\n\n\n\n<p>In a confidential session folder, access is limited to a specified time frame for all who have access rights.<\/p>\n\n\n\n<p>Visitors can use their devices from anywhere with an internet connection. There can be many invitees, but at any given time, a maximum of ten (10) people can be logged into the folder simultaneously.<\/p>\n<\/details>\n\n\n\n<details class=\"wp-block-details is-layout-flow wp-block-details-is-layout-flow\"><summary><strong>Simultaneous meeting in the session folder and number of participants<\/strong><\/summary>\n<p>The account owner, a parallel user, or an invited participant can agree with other authorized users of the session folder to hold a simultaneous meeting, where all or some authorized participants log into the session folder at an agreed-upon time. The maximum number of participants in simultaneous meetings is&nbsp;<em>ten (10)<\/em>.<\/p>\n<\/details>\n\n\n\n<details class=\"wp-block-details is-layout-flow wp-block-details-is-layout-flow\"><summary><strong>Simultaneous meeting in the  confidential session folder - number of participants<\/strong><\/summary>\n<p>The account owner or a co-user can arrange for a simultaneous meeting in the session folder if desired. For video conferencing, the inviter and participants can establish a video connection within the Edico session folder. This connection can utilize both video and audio or just audio interactively among the meeting participants. Confidentiality applies only to file sharing, not to video conferencing, where all participants can hear the audio.<\/p>\n<\/details>\n\n\n\n<details class=\"wp-block-details is-layout-flow wp-block-details-is-layout-flow\"><summary><strong>Opening a video call \/ audio call in the session folder<\/strong><\/summary>\n<p>For video conferencing in Edico session folders, the host or participant can initiate a video call where both video and audio can be used interactively among all meeting participants. The individual initiating the video call needs to use either Google or Facebook credentials. After initiation, other participants can join the video conference directly within the session without needing credentials. Audio-only communication is also possible via phone if there are any disruptions in the video connection. File presentations can also be effectively managed in this manner.<\/p>\n<\/details>\n\n\n\n<details class=\"wp-block-details is-layout-flow wp-block-details-is-layout-flow\"><summary><strong>Chat - a window for text messages and information<\/strong><\/summary>\n<p>The session folder has a chat window for interactive text messages. The text conversation accumulated in the window can be saved to the file list as a memo, for example. It can also be modified interactively between and by each of the participants.<\/p>\n<\/details>\n\n\n\n<details class=\"wp-block-details is-layout-flow wp-block-details-is-layout-flow\"><summary><strong>Trial and starting pricing<\/strong><\/summary>\n<p>Edico CG-tuotteen normaalia istuntokansiota voit kokeilla avaamalla Edico Lite-istuntokansion.<\/p>\n<\/details>\n\n\n\n<div class=\"wp-block-group is-nowrap is-layout-flex wp-container-core-group-is-layout-6c531013 wp-block-group-is-layout-flex\">\n<div class=\"wp-block-buttons is-layout-flex wp-block-buttons-is-layout-flex\">\n<div class=\"wp-block-button animated pulse o-anim-hover\"><a class=\"wp-block-button__link wp-element-button\" href=\"mailto:(info@edicto.fi)\" style=\"border-radius:20px\"><strong>Reserve Edico CG!<\/strong><\/a><\/div>\n<\/div>\n\n\n\n<div class=\"wp-block-buttons is-layout-flex wp-block-buttons-is-layout-flex\"><\/div>\n<\/div>","protected":false},"excerpt":{"rendered":"<p>Tuote on tulossa myyntiin my\u00f6hemmin ilmoitettavana ajankohtana! Edico CG lyhyesti Kirjaudu vanhaan: https:\/\/conf.edicto.fi Edico CG on tiedostonjakopalvelu, jota voi k\u00e4ytt\u00e4\u00e4 ryhm\u00e4n\u00e4 eli sill\u00e4 on yksi tilinomistaja ja lis\u00e4ksi sill\u00e4 voi olla useita rinnakkaisia tilin k\u00e4ytt\u00e4ji\u00e4. Luottamukselliset istuntokansiotTuotteelle voidaan avata nk. luottamuksellisia istuntokansioita, joihin tilinomistaja tai rinnakkainen k\u00e4ytt\u00e4j\u00e4 voi kutsua useita osanottajia. Jokaisessa luottamuksellisessa istuntokansiossa tilinomistaja [&hellip;]<\/p>\n","protected":false},"author":1,"featured_media":0,"parent":0,"menu_order":7,"comment_status":"closed","ping_status":"closed","template":"","meta":{"footnotes":""},"class_list":["post-495","page","type-page","status-publish","hentry"],"yoast_head":"<!-- This site is optimized with the Yoast SEO plugin v27.1.1 - https:\/\/yoast.com\/product\/yoast-seo-wordpress\/ -->\n<title>Edico CG - EDICO<\/title>\n<meta name=\"robots\" content=\"index, follow, max-snippet:-1, max-image-preview:large, max-video-preview:-1\" \/>\n<link rel=\"canonical\" href=\"https:\/\/wp.edico.fi\/en\/edico-cg\/\" \/>\n<meta property=\"og:locale\" content=\"en_US\" \/>\n<meta property=\"og:type\" content=\"article\" \/>\n<meta property=\"og:title\" content=\"Edico CG - EDICO\" \/>\n<meta property=\"og:description\" content=\"Tuote on tulossa myyntiin my\u00f6hemmin ilmoitettavana ajankohtana! Edico CG lyhyesti Kirjaudu vanhaan: https:\/\/conf.edicto.fi Edico CG on tiedostonjakopalvelu, jota voi k\u00e4ytt\u00e4\u00e4 ryhm\u00e4n\u00e4 eli sill\u00e4 on yksi tilinomistaja ja lis\u00e4ksi sill\u00e4 voi olla useita rinnakkaisia tilin k\u00e4ytt\u00e4ji\u00e4. Luottamukselliset istuntokansiotTuotteelle voidaan avata nk. luottamuksellisia istuntokansioita, joihin tilinomistaja tai rinnakkainen k\u00e4ytt\u00e4j\u00e4 voi kutsua useita osanottajia. Jokaisessa luottamuksellisessa istuntokansiossa tilinomistaja [&hellip;]\" \/>\n<meta property=\"og:url\" content=\"https:\/\/wp.edico.fi\/en\/edico-cg\/\" \/>\n<meta property=\"og:site_name\" content=\"EDICO\" \/>\n<meta property=\"article:modified_time\" content=\"2025-09-08T09:42:43+00:00\" \/>\n<meta name=\"twitter:card\" content=\"summary_large_image\" \/>\n<meta name=\"twitter:label1\" content=\"Est. reading time\" \/>\n\t<meta name=\"twitter:data1\" content=\"5 minutes\" \/>\n<script type=\"application\/ld+json\" class=\"yoast-schema-graph\">{\"@context\":\"https:\/\/schema.org\",\"@graph\":[{\"@type\":\"WebPage\",\"@id\":\"https:\/\/wp.edico.fi\/edico-cg\/\",\"url\":\"https:\/\/wp.edico.fi\/edico-cg\/\",\"name\":\"Edico CG - EDICO\",\"isPartOf\":{\"@id\":\"https:\/\/wp.edico.fi\/#website\"},\"datePublished\":\"2025-08-30T06:37:32+00:00\",\"dateModified\":\"2025-09-08T09:42:43+00:00\",\"breadcrumb\":{\"@id\":\"https:\/\/wp.edico.fi\/edico-cg\/#breadcrumb\"},\"inLanguage\":\"en-US\",\"potentialAction\":[{\"@type\":\"ReadAction\",\"target\":[\"https:\/\/wp.edico.fi\/edico-cg\/\"]}]},{\"@type\":\"BreadcrumbList\",\"@id\":\"https:\/\/wp.edico.fi\/edico-cg\/#breadcrumb\",\"itemListElement\":[{\"@type\":\"ListItem\",\"position\":1,\"name\":\"Etusivu\",\"item\":\"https:\/\/wp.edico.fi\/\"},{\"@type\":\"ListItem\",\"position\":2,\"name\":\"Edico CG\"}]},{\"@type\":\"WebSite\",\"@id\":\"https:\/\/wp.edico.fi\/#website\",\"url\":\"https:\/\/wp.edico.fi\/\",\"name\":\"EDICO\",\"description\":\"Turvallinen paikkasi\",\"publisher\":{\"@id\":\"https:\/\/wp.edico.fi\/#organization\"},\"potentialAction\":[{\"@type\":\"SearchAction\",\"target\":{\"@type\":\"EntryPoint\",\"urlTemplate\":\"https:\/\/wp.edico.fi\/?s={search_term_string}\"},\"query-input\":{\"@type\":\"PropertyValueSpecification\",\"valueRequired\":true,\"valueName\":\"search_term_string\"}}],\"inLanguage\":\"en-US\"},{\"@type\":\"Organization\",\"@id\":\"https:\/\/wp.edico.fi\/#organization\",\"name\":\"EDICO\",\"url\":\"https:\/\/wp.edico.fi\/\",\"logo\":{\"@type\":\"ImageObject\",\"inLanguage\":\"en-US\",\"@id\":\"https:\/\/wp.edico.fi\/#\/schema\/logo\/image\/\",\"url\":\"https:\/\/wp.edico.fi\/wp-content\/uploads\/2023\/09\/edicologo.png\",\"contentUrl\":\"https:\/\/wp.edico.fi\/wp-content\/uploads\/2023\/09\/edicologo.png\",\"width\":383,\"height\":383,\"caption\":\"EDICO\"},\"image\":{\"@id\":\"https:\/\/wp.edico.fi\/#\/schema\/logo\/image\/\"}}]}<\/script>\n<!-- \/ Yoast SEO plugin. -->","yoast_head_json":{"title":"Edico CG - EDICO","robots":{"index":"index","follow":"follow","max-snippet":"max-snippet:-1","max-image-preview":"max-image-preview:large","max-video-preview":"max-video-preview:-1"},"canonical":"https:\/\/wp.edico.fi\/en\/edico-cg\/","og_locale":"en_US","og_type":"article","og_title":"Edico CG - EDICO","og_description":"Tuote on tulossa myyntiin my\u00f6hemmin ilmoitettavana ajankohtana! Edico CG lyhyesti Kirjaudu vanhaan: https:\/\/conf.edicto.fi Edico CG on tiedostonjakopalvelu, jota voi k\u00e4ytt\u00e4\u00e4 ryhm\u00e4n\u00e4 eli sill\u00e4 on yksi tilinomistaja ja lis\u00e4ksi sill\u00e4 voi olla useita rinnakkaisia tilin k\u00e4ytt\u00e4ji\u00e4. Luottamukselliset istuntokansiotTuotteelle voidaan avata nk. luottamuksellisia istuntokansioita, joihin tilinomistaja tai rinnakkainen k\u00e4ytt\u00e4j\u00e4 voi kutsua useita osanottajia. Jokaisessa luottamuksellisessa istuntokansiossa tilinomistaja [&hellip;]","og_url":"https:\/\/wp.edico.fi\/en\/edico-cg\/","og_site_name":"EDICO","article_modified_time":"2025-09-08T09:42:43+00:00","twitter_card":"summary_large_image","twitter_misc":{"Est. reading time":"5 minutes"},"schema":{"@context":"https:\/\/schema.org","@graph":[{"@type":"WebPage","@id":"https:\/\/wp.edico.fi\/edico-cg\/","url":"https:\/\/wp.edico.fi\/edico-cg\/","name":"Edico CG - EDICO","isPartOf":{"@id":"https:\/\/wp.edico.fi\/#website"},"datePublished":"2025-08-30T06:37:32+00:00","dateModified":"2025-09-08T09:42:43+00:00","breadcrumb":{"@id":"https:\/\/wp.edico.fi\/edico-cg\/#breadcrumb"},"inLanguage":"en-US","potentialAction":[{"@type":"ReadAction","target":["https:\/\/wp.edico.fi\/edico-cg\/"]}]},{"@type":"BreadcrumbList","@id":"https:\/\/wp.edico.fi\/edico-cg\/#breadcrumb","itemListElement":[{"@type":"ListItem","position":1,"name":"Etusivu","item":"https:\/\/wp.edico.fi\/"},{"@type":"ListItem","position":2,"name":"Edico CG"}]},{"@type":"WebSite","@id":"https:\/\/wp.edico.fi\/#website","url":"https:\/\/wp.edico.fi\/","name":"EDICO","description":"Turvallinen paikkasi","publisher":{"@id":"https:\/\/wp.edico.fi\/#organization"},"potentialAction":[{"@type":"SearchAction","target":{"@type":"EntryPoint","urlTemplate":"https:\/\/wp.edico.fi\/?s={search_term_string}"},"query-input":{"@type":"PropertyValueSpecification","valueRequired":true,"valueName":"search_term_string"}}],"inLanguage":"en-US"},{"@type":"Organization","@id":"https:\/\/wp.edico.fi\/#organization","name":"EDICO","url":"https:\/\/wp.edico.fi\/","logo":{"@type":"ImageObject","inLanguage":"en-US","@id":"https:\/\/wp.edico.fi\/#\/schema\/logo\/image\/","url":"https:\/\/wp.edico.fi\/wp-content\/uploads\/2023\/09\/edicologo.png","contentUrl":"https:\/\/wp.edico.fi\/wp-content\/uploads\/2023\/09\/edicologo.png","width":383,"height":383,"caption":"EDICO"},"image":{"@id":"https:\/\/wp.edico.fi\/#\/schema\/logo\/image\/"}}]}},"_links":{"self":[{"href":"https:\/\/wp.edico.fi\/en\/wp-json\/wp\/v2\/pages\/495","targetHints":{"allow":["GET"]}}],"collection":[{"href":"https:\/\/wp.edico.fi\/en\/wp-json\/wp\/v2\/pages"}],"about":[{"href":"https:\/\/wp.edico.fi\/en\/wp-json\/wp\/v2\/types\/page"}],"author":[{"embeddable":true,"href":"https:\/\/wp.edico.fi\/en\/wp-json\/wp\/v2\/users\/1"}],"replies":[{"embeddable":true,"href":"https:\/\/wp.edico.fi\/en\/wp-json\/wp\/v2\/comments?post=495"}],"version-history":[{"count":103,"href":"https:\/\/wp.edico.fi\/en\/wp-json\/wp\/v2\/pages\/495\/revisions"}],"predecessor-version":[{"id":4200,"href":"https:\/\/wp.edico.fi\/en\/wp-json\/wp\/v2\/pages\/495\/revisions\/4200"}],"wp:attachment":[{"href":"https:\/\/wp.edico.fi\/en\/wp-json\/wp\/v2\/media?parent=495"}],"curies":[{"name":"wp","href":"https:\/\/api.w.org\/{rel}","templated":true}]}}