{"id":3192,"date":"2024-06-11T09:49:17","date_gmt":"2024-06-11T06:49:17","guid":{"rendered":"https:\/\/wp.edico.fi\/?page_id=3192"},"modified":"2024-07-19T10:31:38","modified_gmt":"2024-07-19T07:31:38","slug":"edico-t-2","status":"publish","type":"page","link":"https:\/\/wp.edico.fi\/en\/edico-t-2\/","title":{"rendered":"Edico Lite"},"content":{"rendered":"<p class=\"animated fadeInDown\"><strong>Edico Lite Breif<\/strong><\/p>\n\n\n\n<p class=\"animated fadeInDown\">Edico S is a personal file sharing service. You use session folders to share files through this service. You can invite participants to multiple session folders. You can conduct video meetings with multiple participants, using chat messaging, file sharing, and presentation features simultaneously during video conferences. Your messages are retained after meetings, and each participant can access the folder at any time after receiving the invitation.<\/p>\n\n\n\n<p class=\"animated fadeInDown\"><strong>General<\/strong><\/p>\n\n\n\n<p class=\"animated fadeInDown\">The Edico Lite service includes a single web folder where you can test the functionalities of the Edico S service for two days. These features are compatible with various devices and mobile devices.<\/p>\n\n\n\n<details class=\"wp-block-details animated fadeIn is-layout-flow wp-block-details-is-layout-flow\"><summary><strong>Folder Creator and Invited Participants<\/strong><\/summary>\n<p>As the owner, you can log in and open a session folder on the internet server. For a simultaneous session, you can invite up to two participants.<\/p>\n<\/details>\n\n\n\n<details class=\"wp-block-details animated fadeIn is-layout-flow wp-block-details-is-layout-flow\"><summary><strong>Participants in the folder - sharing files<\/strong><\/summary>\n<p>The person who opens the session folder can upload files that they want the invited participants to see. Additionally, the invited participants can upload their own files to the folder that the opener has invited them to, and they can choose which files they want all authorized individuals in the session folder to see.<\/p>\n<\/details>\n\n\n\n<details class=\"wp-block-details animated fadeIn is-layout-flow wp-block-details-is-layout-flow\"><summary><strong>Invited participants -<\/strong>&nbsp;<strong>Visits to the session folder<\/strong><\/summary>\n<p>Anyone with access rights to the session folder can visit it at any time and from any location with internet access. While there can be many invited participants, a maximum of ten (10) people can be logged into the session folder simultaneously.<\/p>\n<\/details>\n\n\n\n<details class=\"wp-block-details animated fadeIn is-layout-flow wp-block-details-is-layout-flow\"><summary><strong>Simultaneous meeting in the session folder and number of participants<\/strong><\/summary>\n<p>The folder opener or an invited participant can arrange with a third party who has access to the session folder to hold a simultaneous meeting in the session folder. During this meeting, all or some of the individuals authorized to access the folder will log in at the agreed time. The number of participants in simultaneous meetings is limited to a maximum of three (3).<\/p>\n<\/details>\n\n\n\n<details class=\"wp-block-details animated fadeIn is-layout-flow wp-block-details-is-layout-flow\"><summary><strong>Opening a video call \/ audio call in the session folder<\/strong><\/summary>\n<p>For video conferencing in Edico session folders, the host or participant can initiate a video call where both video and audio can be used interactively among all meeting participants. The individual initiating the video call needs to use either Google or Facebook credentials. After initiation, other participants can join the video conference directly within the session without needing credentials. Audio-only communication is also possible via phone if there are any disruptions in the video connection. File presentations can also be effectively managed in this manner.<\/p>\n<\/details>\n\n\n\n<details class=\"wp-block-details animated fadeIn is-layout-flow wp-block-details-is-layout-flow\"><summary><strong>Chat window for text messages<\/strong><\/summary>\n<p>The session folder has a chat window for interactive text messages. The text conversation accumulated in the window can be saved to the file list as a memo, for example. It can also be modified interactively between and by each of the participants.<\/p>\n<\/details>\n\n\n\n<div class=\"wp-block-buttons is-layout-flex wp-block-buttons-is-layout-flex\">\n<div class=\"wp-block-button has-custom-font-size animated pulse o-anim-offset-o-anim-offset-0px has-medium-font-size\"><a class=\"wp-block-button__link has-contrast-color has-text-color has-background wp-element-button\" href=\"https:\/\/lite.edico.pro\/lite\/register?lang=fi\" style=\"border-radius:20px;background-color:#ff5153\" target=\"_blank\" rel=\"noreferrer noopener\">Create an Edico Lite Folder!<\/a><\/div>\n<\/div>","protected":false},"excerpt":{"rendered":"<p>Edico Lite lyhyesti Edico Lite on henkil\u00f6kohtainen tiedostonjakopalvelu kokeiluun. K\u00e4yt\u00e4t istuntokansiota jakaessasi tiedostoja t\u00e4m\u00e4n palvelun kautta. Voit kutsua osallistujia istuntokansioon. Voit pit\u00e4\u00e4 videokokouksia, joissa on samanaikaisesti enint\u00e4\u00e4n kolme osallistujaa. Voitte k\u00e4ytt\u00e4\u00e4 chat-viestint\u00e4\u00e4, tiedostojen jako- ja esitystoimintoa videoneuvottelun aikana. Viestisi eiv\u00e4t h\u00e4vi\u00e4 tapaamistenne j\u00e4lkeen ja jokainen osallistuja kutsun saatuaan voi k\u00e4yd\u00e4 kansiossa kahden vuorokauden aikana sen [&hellip;]<\/p>\n","protected":false},"author":1,"featured_media":0,"parent":0,"menu_order":0,"comment_status":"closed","ping_status":"closed","template":"","meta":{"footnotes":""},"class_list":["post-3192","page","type-page","status-publish","hentry"],"yoast_head":"<!-- This site is optimized with the Yoast SEO plugin v27.1.1 - https:\/\/yoast.com\/product\/yoast-seo-wordpress\/ -->\n<title>Edico Lite - EDICO<\/title>\n<meta name=\"robots\" content=\"index, follow, max-snippet:-1, max-image-preview:large, max-video-preview:-1\" \/>\n<link rel=\"canonical\" href=\"https:\/\/wp.edico.fi\/en\/edico-t-2\/\" \/>\n<meta property=\"og:locale\" content=\"en_US\" \/>\n<meta property=\"og:type\" content=\"article\" \/>\n<meta property=\"og:title\" content=\"Edico Lite - EDICO\" \/>\n<meta property=\"og:description\" content=\"Edico Lite lyhyesti Edico Lite on henkil\u00f6kohtainen tiedostonjakopalvelu kokeiluun. K\u00e4yt\u00e4t istuntokansiota jakaessasi tiedostoja t\u00e4m\u00e4n palvelun kautta. Voit kutsua osallistujia istuntokansioon. Voit pit\u00e4\u00e4 videokokouksia, joissa on samanaikaisesti enint\u00e4\u00e4n kolme osallistujaa. Voitte k\u00e4ytt\u00e4\u00e4 chat-viestint\u00e4\u00e4, tiedostojen jako- ja esitystoimintoa videoneuvottelun aikana. Viestisi eiv\u00e4t h\u00e4vi\u00e4 tapaamistenne j\u00e4lkeen ja jokainen osallistuja kutsun saatuaan voi k\u00e4yd\u00e4 kansiossa kahden vuorokauden aikana sen [&hellip;]\" \/>\n<meta property=\"og:url\" content=\"https:\/\/wp.edico.fi\/en\/edico-t-2\/\" \/>\n<meta property=\"og:site_name\" content=\"EDICO\" \/>\n<meta property=\"article:modified_time\" content=\"2024-07-19T07:31:38+00:00\" \/>\n<meta name=\"twitter:card\" content=\"summary_large_image\" \/>\n<meta name=\"twitter:label1\" content=\"Est. reading time\" \/>\n\t<meta name=\"twitter:data1\" content=\"2 minutes\" \/>\n<script type=\"application\/ld+json\" class=\"yoast-schema-graph\">{\"@context\":\"https:\/\/schema.org\",\"@graph\":[{\"@type\":\"WebPage\",\"@id\":\"https:\/\/wp.edico.fi\/edico-t-2\/\",\"url\":\"https:\/\/wp.edico.fi\/edico-t-2\/\",\"name\":\"Edico Lite - EDICO\",\"isPartOf\":{\"@id\":\"https:\/\/wp.edico.fi\/#website\"},\"datePublished\":\"2024-06-11T06:49:17+00:00\",\"dateModified\":\"2024-07-19T07:31:38+00:00\",\"breadcrumb\":{\"@id\":\"https:\/\/wp.edico.fi\/edico-t-2\/#breadcrumb\"},\"inLanguage\":\"en-US\",\"potentialAction\":[{\"@type\":\"ReadAction\",\"target\":[\"https:\/\/wp.edico.fi\/edico-t-2\/\"]}]},{\"@type\":\"BreadcrumbList\",\"@id\":\"https:\/\/wp.edico.fi\/edico-t-2\/#breadcrumb\",\"itemListElement\":[{\"@type\":\"ListItem\",\"position\":1,\"name\":\"Etusivu\",\"item\":\"https:\/\/wp.edico.fi\/\"},{\"@type\":\"ListItem\",\"position\":2,\"name\":\"Edico Lite\"}]},{\"@type\":\"WebSite\",\"@id\":\"https:\/\/wp.edico.fi\/#website\",\"url\":\"https:\/\/wp.edico.fi\/\",\"name\":\"EDICO\",\"description\":\"Turvallinen paikkasi\",\"publisher\":{\"@id\":\"https:\/\/wp.edico.fi\/#organization\"},\"potentialAction\":[{\"@type\":\"SearchAction\",\"target\":{\"@type\":\"EntryPoint\",\"urlTemplate\":\"https:\/\/wp.edico.fi\/?s={search_term_string}\"},\"query-input\":{\"@type\":\"PropertyValueSpecification\",\"valueRequired\":true,\"valueName\":\"search_term_string\"}}],\"inLanguage\":\"en-US\"},{\"@type\":\"Organization\",\"@id\":\"https:\/\/wp.edico.fi\/#organization\",\"name\":\"EDICO\",\"url\":\"https:\/\/wp.edico.fi\/\",\"logo\":{\"@type\":\"ImageObject\",\"inLanguage\":\"en-US\",\"@id\":\"https:\/\/wp.edico.fi\/#\/schema\/logo\/image\/\",\"url\":\"https:\/\/wp.edico.fi\/wp-content\/uploads\/2023\/09\/edicologo.png\",\"contentUrl\":\"https:\/\/wp.edico.fi\/wp-content\/uploads\/2023\/09\/edicologo.png\",\"width\":383,\"height\":383,\"caption\":\"EDICO\"},\"image\":{\"@id\":\"https:\/\/wp.edico.fi\/#\/schema\/logo\/image\/\"}}]}<\/script>\n<!-- \/ Yoast SEO plugin. -->","yoast_head_json":{"title":"Edico Lite - EDICO","robots":{"index":"index","follow":"follow","max-snippet":"max-snippet:-1","max-image-preview":"max-image-preview:large","max-video-preview":"max-video-preview:-1"},"canonical":"https:\/\/wp.edico.fi\/en\/edico-t-2\/","og_locale":"en_US","og_type":"article","og_title":"Edico Lite - EDICO","og_description":"Edico Lite lyhyesti Edico Lite on henkil\u00f6kohtainen tiedostonjakopalvelu kokeiluun. K\u00e4yt\u00e4t istuntokansiota jakaessasi tiedostoja t\u00e4m\u00e4n palvelun kautta. Voit kutsua osallistujia istuntokansioon. Voit pit\u00e4\u00e4 videokokouksia, joissa on samanaikaisesti enint\u00e4\u00e4n kolme osallistujaa. Voitte k\u00e4ytt\u00e4\u00e4 chat-viestint\u00e4\u00e4, tiedostojen jako- ja esitystoimintoa videoneuvottelun aikana. Viestisi eiv\u00e4t h\u00e4vi\u00e4 tapaamistenne j\u00e4lkeen ja jokainen osallistuja kutsun saatuaan voi k\u00e4yd\u00e4 kansiossa kahden vuorokauden aikana sen [&hellip;]","og_url":"https:\/\/wp.edico.fi\/en\/edico-t-2\/","og_site_name":"EDICO","article_modified_time":"2024-07-19T07:31:38+00:00","twitter_card":"summary_large_image","twitter_misc":{"Est. reading time":"2 minutes"},"schema":{"@context":"https:\/\/schema.org","@graph":[{"@type":"WebPage","@id":"https:\/\/wp.edico.fi\/edico-t-2\/","url":"https:\/\/wp.edico.fi\/edico-t-2\/","name":"Edico Lite - EDICO","isPartOf":{"@id":"https:\/\/wp.edico.fi\/#website"},"datePublished":"2024-06-11T06:49:17+00:00","dateModified":"2024-07-19T07:31:38+00:00","breadcrumb":{"@id":"https:\/\/wp.edico.fi\/edico-t-2\/#breadcrumb"},"inLanguage":"en-US","potentialAction":[{"@type":"ReadAction","target":["https:\/\/wp.edico.fi\/edico-t-2\/"]}]},{"@type":"BreadcrumbList","@id":"https:\/\/wp.edico.fi\/edico-t-2\/#breadcrumb","itemListElement":[{"@type":"ListItem","position":1,"name":"Etusivu","item":"https:\/\/wp.edico.fi\/"},{"@type":"ListItem","position":2,"name":"Edico Lite"}]},{"@type":"WebSite","@id":"https:\/\/wp.edico.fi\/#website","url":"https:\/\/wp.edico.fi\/","name":"EDICO","description":"Turvallinen paikkasi","publisher":{"@id":"https:\/\/wp.edico.fi\/#organization"},"potentialAction":[{"@type":"SearchAction","target":{"@type":"EntryPoint","urlTemplate":"https:\/\/wp.edico.fi\/?s={search_term_string}"},"query-input":{"@type":"PropertyValueSpecification","valueRequired":true,"valueName":"search_term_string"}}],"inLanguage":"en-US"},{"@type":"Organization","@id":"https:\/\/wp.edico.fi\/#organization","name":"EDICO","url":"https:\/\/wp.edico.fi\/","logo":{"@type":"ImageObject","inLanguage":"en-US","@id":"https:\/\/wp.edico.fi\/#\/schema\/logo\/image\/","url":"https:\/\/wp.edico.fi\/wp-content\/uploads\/2023\/09\/edicologo.png","contentUrl":"https:\/\/wp.edico.fi\/wp-content\/uploads\/2023\/09\/edicologo.png","width":383,"height":383,"caption":"EDICO"},"image":{"@id":"https:\/\/wp.edico.fi\/#\/schema\/logo\/image\/"}}]}},"_links":{"self":[{"href":"https:\/\/wp.edico.fi\/en\/wp-json\/wp\/v2\/pages\/3192","targetHints":{"allow":["GET"]}}],"collection":[{"href":"https:\/\/wp.edico.fi\/en\/wp-json\/wp\/v2\/pages"}],"about":[{"href":"https:\/\/wp.edico.fi\/en\/wp-json\/wp\/v2\/types\/page"}],"author":[{"embeddable":true,"href":"https:\/\/wp.edico.fi\/en\/wp-json\/wp\/v2\/users\/1"}],"replies":[{"embeddable":true,"href":"https:\/\/wp.edico.fi\/en\/wp-json\/wp\/v2\/comments?post=3192"}],"version-history":[{"count":5,"href":"https:\/\/wp.edico.fi\/en\/wp-json\/wp\/v2\/pages\/3192\/revisions"}],"predecessor-version":[{"id":3701,"href":"https:\/\/wp.edico.fi\/en\/wp-json\/wp\/v2\/pages\/3192\/revisions\/3701"}],"wp:attachment":[{"href":"https:\/\/wp.edico.fi\/en\/wp-json\/wp\/v2\/media?parent=3192"}],"curies":[{"name":"wp","href":"https:\/\/api.w.org\/{rel}","templated":true}]}}