{"id":263,"date":"2023-08-30T11:30:17","date_gmt":"2023-08-30T08:30:17","guid":{"rendered":"http:\/\/localhost\/wordpress-6.3\/wordpress\/?page_id=263"},"modified":"2024-09-11T12:24:30","modified_gmt":"2024-09-11T09:24:30","slug":"edico-t","status":"publish","type":"page","link":"https:\/\/wp.edico.fi\/en\/edico-t\/","title":{"rendered":"Edico Lite \u2013 guide"},"content":{"rendered":"<p class=\"animated fadeInDown has-medium-font-size\">The Edico Lite service includes one online folder where you can test the functions of <a href=\"https:\/\/wp.edico.fi\/en\/edico-s\/\" data-type=\"link\" data-id=\"https:\/\/wp.edico.fi\/su\/edico-s\/\">the Edico S service<\/a> for two days. They work on browsers and also on mobile devices. You can hold sessions multiple times and invite different people to them. You can log in to the Edico Lite free service as a folder owner in two ways, with an email address or Facebook credentials:<\/p>\n\n\n\n<p class=\"animated fadeIn\">When signing in with an email address:<\/p>\n\n\n\n<ul class=\"wp-block-list animated fadeIn\">\n<li>your username will be the e-mail address you provided.<\/li>\n\n\n\n<li class=\"animated fadeIn\">The password suggested by Edico or set by you will also become the session folder sub-password.<br>This password works every time you log into the Edico Lite folder again.<\/li>\n<\/ul>\n\n\n\n<p class=\"animated fadeIn\">When logging in with Facebook credentials (email address, password):<\/p>\n\n\n\n<ul class=\"wp-block-list animated fadeIn\">\n<li>re-login also takes place with Facebook credentials.<\/li>\n\n\n\n<li>Edico suggests a random string as folder password, Link to Edico Lite login page.<\/li>\n<\/ul>\n\n\n\n<div class=\"wp-block-buttons is-layout-flex wp-block-buttons-is-layout-flex\">\n<div class=\"wp-block-button has-custom-font-size animated pulse o-anim-offset-o-anim-offset-0px has-medium-font-size\"><a class=\"wp-block-button__link has-contrast-color has-text-color has-background wp-element-button\" href=\"https:\/\/lite.edico.pro\/lite\/register?lang=fi\" style=\"border-radius:20px;background-color:#ff5153\" target=\"_blank\" rel=\"noreferrer noopener\">Create an Edico Lite Folder!<\/a><\/div>\n<\/div>\n\n\n\n<p class=\"animated fadeIn\">The following shows the changes and differences with respect to the use of the Edico S session folder. The folder is at your disposal for 48 hours.<\/p>\n\n\n\n<ul class=\"wp-block-list animated fadeIn\">\n<li>you can change or delete the folder password if you want.<\/li>\n\n\n\n<li>you can also change the e-mail address visible to others if you don't want it to be the same as the username.<\/li>\n<\/ul>","protected":false},"excerpt":{"rendered":"<p>Edico Lite -palvelu k\u00e4sitt\u00e4\u00e4 yhden istuntokansion, jossa voit testata Edico S-palvelun istuntokansion toimintoja kahden vuorokauden ajan. Ne toimivat eri tietolaittella ja my\u00f6s mobile-laitteilla. Voit pit\u00e4\u00e4 istuntoja useita kertoja ja kutsua eri henkil\u00f6it\u00e4 niihin. Voit kirjautua Edico Lite -ilmaispalveluun kansion omistajaksi kahdella tavalla, s\u00e4hk\u00f6postiosoitteella tai Facebook-tunnuksilla: Kun kirjaudutaan s\u00e4hk\u00f6postiosoitteella: Kun kirjaudutaan Facebook-tunnuksilla (s\u00e4hk\u00f6postiosoite, salasana): Seuraavassa on [&hellip;]<\/p>\n","protected":false},"author":1,"featured_media":0,"parent":0,"menu_order":3,"comment_status":"closed","ping_status":"closed","template":"","meta":{"footnotes":""},"class_list":["post-263","page","type-page","status-publish","hentry"],"yoast_head":"<!-- This site is optimized with the Yoast SEO plugin v27.1.1 - https:\/\/yoast.com\/product\/yoast-seo-wordpress\/ -->\n<title>Edico Lite - opaste - EDICO<\/title>\n<meta name=\"robots\" content=\"index, follow, max-snippet:-1, max-image-preview:large, max-video-preview:-1\" \/>\n<link rel=\"canonical\" href=\"https:\/\/wp.edico.fi\/en\/edico-t\/\" \/>\n<meta property=\"og:locale\" content=\"en_US\" \/>\n<meta property=\"og:type\" content=\"article\" \/>\n<meta property=\"og:title\" content=\"Edico Lite - opaste - EDICO\" \/>\n<meta property=\"og:description\" content=\"Edico Lite -palvelu k\u00e4sitt\u00e4\u00e4 yhden istuntokansion, jossa voit testata Edico S-palvelun istuntokansion toimintoja kahden vuorokauden ajan. Ne toimivat eri tietolaittella ja my\u00f6s mobile-laitteilla. Voit pit\u00e4\u00e4 istuntoja useita kertoja ja kutsua eri henkil\u00f6it\u00e4 niihin. Voit kirjautua Edico Lite -ilmaispalveluun kansion omistajaksi kahdella tavalla, s\u00e4hk\u00f6postiosoitteella tai Facebook-tunnuksilla: Kun kirjaudutaan s\u00e4hk\u00f6postiosoitteella: Kun kirjaudutaan Facebook-tunnuksilla (s\u00e4hk\u00f6postiosoite, salasana): Seuraavassa on [&hellip;]\" \/>\n<meta property=\"og:url\" content=\"https:\/\/wp.edico.fi\/en\/edico-t\/\" \/>\n<meta property=\"og:site_name\" content=\"EDICO\" \/>\n<meta property=\"article:modified_time\" content=\"2024-09-11T09:24:30+00:00\" \/>\n<meta name=\"twitter:card\" content=\"summary_large_image\" \/>\n<meta name=\"twitter:label1\" content=\"Est. reading time\" \/>\n\t<meta name=\"twitter:data1\" content=\"1 minute\" \/>\n<script type=\"application\/ld+json\" class=\"yoast-schema-graph\">{\"@context\":\"https:\/\/schema.org\",\"@graph\":[{\"@type\":\"WebPage\",\"@id\":\"https:\/\/wp.edico.fi\/edico-t\/\",\"url\":\"https:\/\/wp.edico.fi\/edico-t\/\",\"name\":\"Edico Lite - opaste - EDICO\",\"isPartOf\":{\"@id\":\"https:\/\/wp.edico.fi\/#website\"},\"datePublished\":\"2023-08-30T08:30:17+00:00\",\"dateModified\":\"2024-09-11T09:24:30+00:00\",\"breadcrumb\":{\"@id\":\"https:\/\/wp.edico.fi\/edico-t\/#breadcrumb\"},\"inLanguage\":\"en-US\",\"potentialAction\":[{\"@type\":\"ReadAction\",\"target\":[\"https:\/\/wp.edico.fi\/edico-t\/\"]}]},{\"@type\":\"BreadcrumbList\",\"@id\":\"https:\/\/wp.edico.fi\/edico-t\/#breadcrumb\",\"itemListElement\":[{\"@type\":\"ListItem\",\"position\":1,\"name\":\"Etusivu\",\"item\":\"https:\/\/wp.edico.fi\/\"},{\"@type\":\"ListItem\",\"position\":2,\"name\":\"Edico Lite &#8211; opaste\"}]},{\"@type\":\"WebSite\",\"@id\":\"https:\/\/wp.edico.fi\/#website\",\"url\":\"https:\/\/wp.edico.fi\/\",\"name\":\"EDICO\",\"description\":\"Turvallinen paikkasi\",\"publisher\":{\"@id\":\"https:\/\/wp.edico.fi\/#organization\"},\"potentialAction\":[{\"@type\":\"SearchAction\",\"target\":{\"@type\":\"EntryPoint\",\"urlTemplate\":\"https:\/\/wp.edico.fi\/?s={search_term_string}\"},\"query-input\":{\"@type\":\"PropertyValueSpecification\",\"valueRequired\":true,\"valueName\":\"search_term_string\"}}],\"inLanguage\":\"en-US\"},{\"@type\":\"Organization\",\"@id\":\"https:\/\/wp.edico.fi\/#organization\",\"name\":\"EDICO\",\"url\":\"https:\/\/wp.edico.fi\/\",\"logo\":{\"@type\":\"ImageObject\",\"inLanguage\":\"en-US\",\"@id\":\"https:\/\/wp.edico.fi\/#\/schema\/logo\/image\/\",\"url\":\"https:\/\/wp.edico.fi\/wp-content\/uploads\/2023\/09\/edicologo.png\",\"contentUrl\":\"https:\/\/wp.edico.fi\/wp-content\/uploads\/2023\/09\/edicologo.png\",\"width\":383,\"height\":383,\"caption\":\"EDICO\"},\"image\":{\"@id\":\"https:\/\/wp.edico.fi\/#\/schema\/logo\/image\/\"}}]}<\/script>\n<!-- \/ Yoast SEO plugin. -->","yoast_head_json":{"title":"Edico Lite - opaste - EDICO","robots":{"index":"index","follow":"follow","max-snippet":"max-snippet:-1","max-image-preview":"max-image-preview:large","max-video-preview":"max-video-preview:-1"},"canonical":"https:\/\/wp.edico.fi\/en\/edico-t\/","og_locale":"en_US","og_type":"article","og_title":"Edico Lite - opaste - EDICO","og_description":"Edico Lite -palvelu k\u00e4sitt\u00e4\u00e4 yhden istuntokansion, jossa voit testata Edico S-palvelun istuntokansion toimintoja kahden vuorokauden ajan. Ne toimivat eri tietolaittella ja my\u00f6s mobile-laitteilla. Voit pit\u00e4\u00e4 istuntoja useita kertoja ja kutsua eri henkil\u00f6it\u00e4 niihin. Voit kirjautua Edico Lite -ilmaispalveluun kansion omistajaksi kahdella tavalla, s\u00e4hk\u00f6postiosoitteella tai Facebook-tunnuksilla: Kun kirjaudutaan s\u00e4hk\u00f6postiosoitteella: Kun kirjaudutaan Facebook-tunnuksilla (s\u00e4hk\u00f6postiosoite, salasana): Seuraavassa on [&hellip;]","og_url":"https:\/\/wp.edico.fi\/en\/edico-t\/","og_site_name":"EDICO","article_modified_time":"2024-09-11T09:24:30+00:00","twitter_card":"summary_large_image","twitter_misc":{"Est. reading time":"1 minute"},"schema":{"@context":"https:\/\/schema.org","@graph":[{"@type":"WebPage","@id":"https:\/\/wp.edico.fi\/edico-t\/","url":"https:\/\/wp.edico.fi\/edico-t\/","name":"Edico Lite - opaste - EDICO","isPartOf":{"@id":"https:\/\/wp.edico.fi\/#website"},"datePublished":"2023-08-30T08:30:17+00:00","dateModified":"2024-09-11T09:24:30+00:00","breadcrumb":{"@id":"https:\/\/wp.edico.fi\/edico-t\/#breadcrumb"},"inLanguage":"en-US","potentialAction":[{"@type":"ReadAction","target":["https:\/\/wp.edico.fi\/edico-t\/"]}]},{"@type":"BreadcrumbList","@id":"https:\/\/wp.edico.fi\/edico-t\/#breadcrumb","itemListElement":[{"@type":"ListItem","position":1,"name":"Etusivu","item":"https:\/\/wp.edico.fi\/"},{"@type":"ListItem","position":2,"name":"Edico Lite &#8211; opaste"}]},{"@type":"WebSite","@id":"https:\/\/wp.edico.fi\/#website","url":"https:\/\/wp.edico.fi\/","name":"EDICO","description":"Turvallinen paikkasi","publisher":{"@id":"https:\/\/wp.edico.fi\/#organization"},"potentialAction":[{"@type":"SearchAction","target":{"@type":"EntryPoint","urlTemplate":"https:\/\/wp.edico.fi\/?s={search_term_string}"},"query-input":{"@type":"PropertyValueSpecification","valueRequired":true,"valueName":"search_term_string"}}],"inLanguage":"en-US"},{"@type":"Organization","@id":"https:\/\/wp.edico.fi\/#organization","name":"EDICO","url":"https:\/\/wp.edico.fi\/","logo":{"@type":"ImageObject","inLanguage":"en-US","@id":"https:\/\/wp.edico.fi\/#\/schema\/logo\/image\/","url":"https:\/\/wp.edico.fi\/wp-content\/uploads\/2023\/09\/edicologo.png","contentUrl":"https:\/\/wp.edico.fi\/wp-content\/uploads\/2023\/09\/edicologo.png","width":383,"height":383,"caption":"EDICO"},"image":{"@id":"https:\/\/wp.edico.fi\/#\/schema\/logo\/image\/"}}]}},"_links":{"self":[{"href":"https:\/\/wp.edico.fi\/en\/wp-json\/wp\/v2\/pages\/263","targetHints":{"allow":["GET"]}}],"collection":[{"href":"https:\/\/wp.edico.fi\/en\/wp-json\/wp\/v2\/pages"}],"about":[{"href":"https:\/\/wp.edico.fi\/en\/wp-json\/wp\/v2\/types\/page"}],"author":[{"embeddable":true,"href":"https:\/\/wp.edico.fi\/en\/wp-json\/wp\/v2\/users\/1"}],"replies":[{"embeddable":true,"href":"https:\/\/wp.edico.fi\/en\/wp-json\/wp\/v2\/comments?post=263"}],"version-history":[{"count":100,"href":"https:\/\/wp.edico.fi\/en\/wp-json\/wp\/v2\/pages\/263\/revisions"}],"predecessor-version":[{"id":3860,"href":"https:\/\/wp.edico.fi\/en\/wp-json\/wp\/v2\/pages\/263\/revisions\/3860"}],"wp:attachment":[{"href":"https:\/\/wp.edico.fi\/en\/wp-json\/wp\/v2\/media?parent=263"}],"curies":[{"name":"wp","href":"https:\/\/api.w.org\/{rel}","templated":true}]}}