{"id":2194,"date":"2024-02-13T12:32:49","date_gmt":"2024-02-13T10:32:49","guid":{"rendered":"http:\/\/localhost\/wordpress-6.3\/wordpress\/?page_id=2194"},"modified":"2024-05-24T10:41:10","modified_gmt":"2024-05-24T07:41:10","slug":"miksi-edico-palvelu","status":"publish","type":"page","link":"https:\/\/wp.edico.fi\/en\/miksi-edico-palvelu\/","title":{"rendered":"Why Edico service?"},"content":{"rendered":"<p class=\"animated fadeInUp has-medium-font-size\"><strong>Safety<\/strong> <br>The information I want to exchange with the people invited to the session folder will only be known to the group.<br>The information is not lost in the space of the internet or to various state intelligence services. You can replace e-mail traffic with a telephone connection and the Edico service. Then you avoid interception of e-mail messages.<\/p>\n\n\n\n<p class=\"animated fadeInUp has-medium-font-size\"><strong>Economy and flexibility<\/strong><br>Edico - the economy and flexibility of the service is based on the fact that you no longer have to travel to attend meetings. They can be considered remote, for example, so that all participants are in different parts of the world. The saved travel costs and travel time mean that the use of Edico is significantly on the plus side. It is also of great financial importance that the files uploaded to the Edico session are always available to the participants. This means that people living on the other side of the world can access files at times that suit them. Through the Chat function, people who are awake at different times can also chat with each other. The absence of phone costs when I use the Edico service's video conference function to chat with other participants in the session folder saves more per month than the costs of the Edico service. It's worth remembering that Edico also works with a smartphone, so you can use Edico - connection even when you're on the go.<\/p>\n\n\n\n<p class=\"animated fadeInUp has-medium-font-size\"><strong>Ease<\/strong><br><em><strong>Experiment<\/strong><br><\/em>Edico Lite offers a good and easy way to familiarize yourself with the operation of one session folder. This session folder works like the session folder of the product Edico S and already gives a good idea of how the account owner should download files from his own data device to the session folder, how he should invite participants to the session folder, how these invited participants can see the contents of the files and, if they wish, download them to their own data devices. If the account holder and the invited participants want to be in the session folder at the same time, then there is an opportunity to view the information together and discuss it via video connection and at the same time see each other. <br><em><strong>Direct order<\/strong><br><\/em>It is also possible to directly order the Edico S product for, for example, one month, when you will have time to familiarize yourself with the product's account and learn how to open several session folders for different groups of invited participants. Edico S \u2013 the operation of the product becomes completely familiar at the same time.&nbsp;&nbsp;&nbsp;&nbsp;&nbsp;&nbsp;&nbsp;&nbsp;&nbsp;&nbsp;&nbsp;&nbsp;&nbsp;&nbsp;&nbsp;&nbsp;&nbsp;&nbsp;&nbsp;&nbsp;&nbsp;&nbsp;&nbsp;&nbsp;&nbsp;&nbsp;&nbsp;&nbsp;&nbsp;&nbsp;&nbsp;&nbsp;&nbsp;&nbsp;&nbsp;&nbsp;&nbsp;&nbsp;&nbsp;&nbsp;&nbsp;&nbsp;&nbsp;&nbsp;&nbsp;&nbsp;&nbsp;&nbsp;&nbsp;&nbsp;&nbsp;&nbsp;&nbsp;&nbsp;&nbsp;&nbsp;&nbsp;&nbsp;&nbsp;&nbsp;&nbsp;&nbsp;&nbsp;&nbsp;&nbsp;&nbsp;&nbsp;&nbsp;&nbsp;&nbsp;&nbsp;&nbsp;&nbsp;&nbsp;&nbsp;&nbsp;&nbsp;&nbsp;&nbsp;&nbsp;&nbsp;&nbsp;&nbsp;&nbsp;&nbsp;&nbsp;&nbsp;&nbsp;&nbsp;&nbsp;&nbsp;&nbsp;&nbsp;&nbsp;&nbsp;&nbsp;&nbsp;&nbsp;&nbsp;&nbsp;<br><em><strong>Instructions for use<\/strong><br><\/em>If you are an experienced user of a computer and various services, you will be able to familiarize yourself with the use of the various products of the Edico service quite independently. If you feel that you need guidance, I can find different levels of guidance on the www pages and in the appendices of the pages.<\/p>\n\n\n\n<p class=\"animated fadeInUp has-medium-font-size\"><strong>Practicality<\/strong><br>Since I can connect to the Edico service with many data devices (desktop computer, mobile computer, tablet, smartphone), I can very practically create connections almost always.<\/p>\n\n\n\n<p class=\"animated fadeInUp has-medium-font-size\"><strong>Individuality<\/strong><br>Tilinomistajana sinulla on mahdollisuus kaikissa Edico -tuotteissa ottaa istuntokansioita ainoastaan omaan k\u00e4ytt\u00f6\u00f6si. Silloin et kutsu ket\u00e4\u00e4n muuta sellaiseen istuntokansioon etk\u00e4 kerro istuntokansion salasanaa kenellek\u00e4\u00e4n muulle ihmiselle.<\/p>\n\n\n\n<p class=\"animated fadeInUp has-medium-font-size\"><strong>Versatility<\/strong><br>Edico products have many possible uses. Only imagination sets limits for use.<br><strong><em>Usage example:<\/em><\/strong> a personnel service company that acquires human resources for a client company can put job applicants' \"application papers\" in the Edico - session folder for viewing and inform the client company via text message to go and look at the applications in the session folder.<\/p>\n\n\n\n<p class=\"animated fadeInUp has-medium-font-size\"><strong>User groups<br><\/strong>The use of the Edico service is useful and safe for almost all possible user groups and their people in different parts of the world who know or are ready to learn the basic use of a computer. <br>User groups can be roughly sorted<\/p>\n\n\n\n<ul class=\"animated fadeInUp wp-block-list\">\n<li>private people<\/li>\n\n\n\n<li>freely formed different groups of people<\/li>\n\n\n\n<li>companies and their people<\/li>\n\n\n\n<li>parts of companies and their people<\/li>\n\n\n\n<li>all kinds of organizations and their people<\/li>\n\n\n\n<li>parts of organizations and their people<\/li>\n<\/ul>\n\n\n\n<p class=\"animated fadeInUp\"><em>Users can therefore be anyone who has access to the internet.<\/em><\/p>\n\n\n\n<p class=\"animated fadeInUp has-medium-font-size\"><strong>Participation in climate protection<\/strong><br>The remote operation enabled by the Edico service already automatically affects the fact that the Edico service can be considered a climate protection product. Edico's impact on the reduction of travel leads to the common goal that the earth would remain viable for future generations.<\/p>","protected":false},"excerpt":{"rendered":"<p>Turvallisuus Tiedot, joita haluan vaihtaa istuntokansioon kutsuttujen ihmisten kanssa, pysyv\u00e4t vain ryhm\u00e4n tiedossa.Tiedot eiv\u00e4t katoa internetin avaruuteen eiv\u00e4tk\u00e4 erilaisille valtioiden tiedustelupalveluille. Voit korvata s\u00e4hk\u00f6postiliikenteen puhelinyhteydell\u00e4 ja Edico-palvelulla. Silloin v\u00e4lt\u00e4t s\u00e4hk\u00f6postiviestien sieppaukset. Taloudellisuus ja joustavuusEdico \u2013 palvelun taloudellisuus ja joustavuus perustuu siihen, ett\u00e4 en\u00e4\u00e4 ei tarvitse aina matkustaa tapaamaan ihmisi\u00e4. Tapaamiset voidaan hoitaa et\u00e4n\u00e4 vaikka kaikki [&hellip;]<\/p>\n","protected":false},"author":1,"featured_media":0,"parent":0,"menu_order":0,"comment_status":"closed","ping_status":"closed","template":"","meta":{"footnotes":""},"class_list":["post-2194","page","type-page","status-publish","hentry"],"yoast_head":"<!-- This site is optimized with the Yoast SEO plugin v27.1.1 - https:\/\/yoast.com\/product\/yoast-seo-wordpress\/ -->\n<title>Miksi Edico \u2013 palvelu? - EDICO<\/title>\n<meta name=\"robots\" content=\"index, follow, max-snippet:-1, max-image-preview:large, max-video-preview:-1\" \/>\n<link rel=\"canonical\" href=\"https:\/\/wp.edico.fi\/en\/miksi-edico-palvelu\/\" \/>\n<meta property=\"og:locale\" content=\"en_US\" \/>\n<meta property=\"og:type\" content=\"article\" \/>\n<meta property=\"og:title\" content=\"Miksi Edico \u2013 palvelu? - EDICO\" \/>\n<meta property=\"og:description\" content=\"Turvallisuus Tiedot, joita haluan vaihtaa istuntokansioon kutsuttujen ihmisten kanssa, pysyv\u00e4t vain ryhm\u00e4n tiedossa.Tiedot eiv\u00e4t katoa internetin avaruuteen eiv\u00e4tk\u00e4 erilaisille valtioiden tiedustelupalveluille. Voit korvata s\u00e4hk\u00f6postiliikenteen puhelinyhteydell\u00e4 ja Edico-palvelulla. Silloin v\u00e4lt\u00e4t s\u00e4hk\u00f6postiviestien sieppaukset. Taloudellisuus ja joustavuusEdico \u2013 palvelun taloudellisuus ja joustavuus perustuu siihen, ett\u00e4 en\u00e4\u00e4 ei tarvitse aina matkustaa tapaamaan ihmisi\u00e4. Tapaamiset voidaan hoitaa et\u00e4n\u00e4 vaikka kaikki [&hellip;]\" \/>\n<meta property=\"og:url\" content=\"https:\/\/wp.edico.fi\/en\/miksi-edico-palvelu\/\" \/>\n<meta property=\"og:site_name\" content=\"EDICO\" \/>\n<meta property=\"article:modified_time\" content=\"2024-05-24T07:41:10+00:00\" \/>\n<meta name=\"twitter:card\" content=\"summary_large_image\" \/>\n<meta name=\"twitter:label1\" content=\"Est. reading time\" \/>\n\t<meta name=\"twitter:data1\" content=\"3 minutes\" \/>\n<script type=\"application\/ld+json\" class=\"yoast-schema-graph\">{\"@context\":\"https:\/\/schema.org\",\"@graph\":[{\"@type\":\"WebPage\",\"@id\":\"https:\/\/wp.edico.fi\/miksi-edico-palvelu\/\",\"url\":\"https:\/\/wp.edico.fi\/miksi-edico-palvelu\/\",\"name\":\"Miksi Edico \u2013 palvelu? - EDICO\",\"isPartOf\":{\"@id\":\"https:\/\/wp.edico.fi\/#website\"},\"datePublished\":\"2024-02-13T10:32:49+00:00\",\"dateModified\":\"2024-05-24T07:41:10+00:00\",\"breadcrumb\":{\"@id\":\"https:\/\/wp.edico.fi\/miksi-edico-palvelu\/#breadcrumb\"},\"inLanguage\":\"en-US\",\"potentialAction\":[{\"@type\":\"ReadAction\",\"target\":[\"https:\/\/wp.edico.fi\/miksi-edico-palvelu\/\"]}]},{\"@type\":\"BreadcrumbList\",\"@id\":\"https:\/\/wp.edico.fi\/miksi-edico-palvelu\/#breadcrumb\",\"itemListElement\":[{\"@type\":\"ListItem\",\"position\":1,\"name\":\"Etusivu\",\"item\":\"https:\/\/wp.edico.fi\/\"},{\"@type\":\"ListItem\",\"position\":2,\"name\":\"Miksi Edico \u2013 palvelu?\"}]},{\"@type\":\"WebSite\",\"@id\":\"https:\/\/wp.edico.fi\/#website\",\"url\":\"https:\/\/wp.edico.fi\/\",\"name\":\"EDICO\",\"description\":\"Turvallinen paikkasi\",\"publisher\":{\"@id\":\"https:\/\/wp.edico.fi\/#organization\"},\"potentialAction\":[{\"@type\":\"SearchAction\",\"target\":{\"@type\":\"EntryPoint\",\"urlTemplate\":\"https:\/\/wp.edico.fi\/?s={search_term_string}\"},\"query-input\":{\"@type\":\"PropertyValueSpecification\",\"valueRequired\":true,\"valueName\":\"search_term_string\"}}],\"inLanguage\":\"en-US\"},{\"@type\":\"Organization\",\"@id\":\"https:\/\/wp.edico.fi\/#organization\",\"name\":\"EDICO\",\"url\":\"https:\/\/wp.edico.fi\/\",\"logo\":{\"@type\":\"ImageObject\",\"inLanguage\":\"en-US\",\"@id\":\"https:\/\/wp.edico.fi\/#\/schema\/logo\/image\/\",\"url\":\"https:\/\/wp.edico.fi\/wp-content\/uploads\/2023\/09\/edicologo.png\",\"contentUrl\":\"https:\/\/wp.edico.fi\/wp-content\/uploads\/2023\/09\/edicologo.png\",\"width\":383,\"height\":383,\"caption\":\"EDICO\"},\"image\":{\"@id\":\"https:\/\/wp.edico.fi\/#\/schema\/logo\/image\/\"}}]}<\/script>\n<!-- \/ Yoast SEO plugin. -->","yoast_head_json":{"title":"Miksi Edico \u2013 palvelu? - EDICO","robots":{"index":"index","follow":"follow","max-snippet":"max-snippet:-1","max-image-preview":"max-image-preview:large","max-video-preview":"max-video-preview:-1"},"canonical":"https:\/\/wp.edico.fi\/en\/miksi-edico-palvelu\/","og_locale":"en_US","og_type":"article","og_title":"Miksi Edico \u2013 palvelu? - EDICO","og_description":"Turvallisuus Tiedot, joita haluan vaihtaa istuntokansioon kutsuttujen ihmisten kanssa, pysyv\u00e4t vain ryhm\u00e4n tiedossa.Tiedot eiv\u00e4t katoa internetin avaruuteen eiv\u00e4tk\u00e4 erilaisille valtioiden tiedustelupalveluille. Voit korvata s\u00e4hk\u00f6postiliikenteen puhelinyhteydell\u00e4 ja Edico-palvelulla. Silloin v\u00e4lt\u00e4t s\u00e4hk\u00f6postiviestien sieppaukset. Taloudellisuus ja joustavuusEdico \u2013 palvelun taloudellisuus ja joustavuus perustuu siihen, ett\u00e4 en\u00e4\u00e4 ei tarvitse aina matkustaa tapaamaan ihmisi\u00e4. Tapaamiset voidaan hoitaa et\u00e4n\u00e4 vaikka kaikki [&hellip;]","og_url":"https:\/\/wp.edico.fi\/en\/miksi-edico-palvelu\/","og_site_name":"EDICO","article_modified_time":"2024-05-24T07:41:10+00:00","twitter_card":"summary_large_image","twitter_misc":{"Est. reading time":"3 minutes"},"schema":{"@context":"https:\/\/schema.org","@graph":[{"@type":"WebPage","@id":"https:\/\/wp.edico.fi\/miksi-edico-palvelu\/","url":"https:\/\/wp.edico.fi\/miksi-edico-palvelu\/","name":"Miksi Edico \u2013 palvelu? - EDICO","isPartOf":{"@id":"https:\/\/wp.edico.fi\/#website"},"datePublished":"2024-02-13T10:32:49+00:00","dateModified":"2024-05-24T07:41:10+00:00","breadcrumb":{"@id":"https:\/\/wp.edico.fi\/miksi-edico-palvelu\/#breadcrumb"},"inLanguage":"en-US","potentialAction":[{"@type":"ReadAction","target":["https:\/\/wp.edico.fi\/miksi-edico-palvelu\/"]}]},{"@type":"BreadcrumbList","@id":"https:\/\/wp.edico.fi\/miksi-edico-palvelu\/#breadcrumb","itemListElement":[{"@type":"ListItem","position":1,"name":"Etusivu","item":"https:\/\/wp.edico.fi\/"},{"@type":"ListItem","position":2,"name":"Miksi Edico \u2013 palvelu?"}]},{"@type":"WebSite","@id":"https:\/\/wp.edico.fi\/#website","url":"https:\/\/wp.edico.fi\/","name":"EDICO","description":"Turvallinen paikkasi","publisher":{"@id":"https:\/\/wp.edico.fi\/#organization"},"potentialAction":[{"@type":"SearchAction","target":{"@type":"EntryPoint","urlTemplate":"https:\/\/wp.edico.fi\/?s={search_term_string}"},"query-input":{"@type":"PropertyValueSpecification","valueRequired":true,"valueName":"search_term_string"}}],"inLanguage":"en-US"},{"@type":"Organization","@id":"https:\/\/wp.edico.fi\/#organization","name":"EDICO","url":"https:\/\/wp.edico.fi\/","logo":{"@type":"ImageObject","inLanguage":"en-US","@id":"https:\/\/wp.edico.fi\/#\/schema\/logo\/image\/","url":"https:\/\/wp.edico.fi\/wp-content\/uploads\/2023\/09\/edicologo.png","contentUrl":"https:\/\/wp.edico.fi\/wp-content\/uploads\/2023\/09\/edicologo.png","width":383,"height":383,"caption":"EDICO"},"image":{"@id":"https:\/\/wp.edico.fi\/#\/schema\/logo\/image\/"}}]}},"_links":{"self":[{"href":"https:\/\/wp.edico.fi\/en\/wp-json\/wp\/v2\/pages\/2194","targetHints":{"allow":["GET"]}}],"collection":[{"href":"https:\/\/wp.edico.fi\/en\/wp-json\/wp\/v2\/pages"}],"about":[{"href":"https:\/\/wp.edico.fi\/en\/wp-json\/wp\/v2\/types\/page"}],"author":[{"embeddable":true,"href":"https:\/\/wp.edico.fi\/en\/wp-json\/wp\/v2\/users\/1"}],"replies":[{"embeddable":true,"href":"https:\/\/wp.edico.fi\/en\/wp-json\/wp\/v2\/comments?post=2194"}],"version-history":[{"count":19,"href":"https:\/\/wp.edico.fi\/en\/wp-json\/wp\/v2\/pages\/2194\/revisions"}],"predecessor-version":[{"id":2903,"href":"https:\/\/wp.edico.fi\/en\/wp-json\/wp\/v2\/pages\/2194\/revisions\/2903"}],"wp:attachment":[{"href":"https:\/\/wp.edico.fi\/en\/wp-json\/wp\/v2\/media?parent=2194"}],"curies":[{"name":"wp","href":"https:\/\/api.w.org\/{rel}","templated":true}]}}