{"id":1337,"date":"2023-11-13T11:20:31","date_gmt":"2023-11-13T09:20:31","guid":{"rendered":"http:\/\/localhost\/wordpress-6.3\/wordpress\/?page_id=1337"},"modified":"2025-08-30T09:54:23","modified_gmt":"2025-08-30T06:54:23","slug":"edico-g","status":"publish","type":"page","link":"https:\/\/wp.edico.fi\/en\/edico-g\/","title":{"rendered":"Tuote Edico G"},"content":{"rendered":"<p class=\"animated fadeInDown\">The product is going on sale at a later date!<\/p>\n\n\n\n<p class=\"animated fadeInDown\"><strong><strong>Edico G in brief<\/strong><\/strong><\/p>\n\n\n\n<p class=\"animated fadeInDown\">Edico G is a file-sharing service designed for group use, meaning the account can have multiple users but only one account owner. The group of users can share files through this service. Each user can invite participants to any session folder. Users can also conduct video meetings with multiple participants and communicate with each other using the chat function. It is possible to use both the chat and presentation features simultaneously during video conferences. You can upload files to your device at any time. Messages are retained after meetings, and each participant can access the folder at any time after receiving the invitation.<\/p>\n\n\n\n<p class=\"animated fadeInDown\"><strong>General<\/strong><\/p>\n\n\n\n<p class=\"animated fadeInDown\">The Edico G product features an account with one account owner and authorized account users. The account includes the basic functionalities of the Edico service, which are accessible on various devices and mobile devices.<\/p>\n\n\n\n<details class=\"wp-block-details animated fadeIn is-layout-flow wp-block-details-is-layout-flow\"><summary><strong><strong>Account Owner and Account Users<\/strong><\/strong><\/summary>\n<p>The account owner, who is also a user of the account, can share the same credentials with parallel account users, allowing each to access the account. Only the account owner can change the login password.&nbsp;<\/p>\n<\/details>\n\n\n\n<details class=\"wp-block-details animated fadeIn is-layout-flow wp-block-details-is-layout-flow\"><summary><strong><strong>Account users, invited participants - session folders<\/strong><\/strong><\/summary>\n<p>Account users can open any desired number of session folders with randomly assigned names on their internet server account. In each folder, users can invite selected participants by providing them with the folder password on the account's editing page. Account users can also visit each other's folders in mutually agreed-upon ways.<\/p>\n<\/details>\n\n\n\n<details class=\"wp-block-details animated fadeIn is-layout-flow wp-block-details-is-layout-flow\"><summary><strong><strong>Participants in the Session Folder \u2013 File Sharing<\/strong><\/strong><\/summary>\n<p>Each account user can upload files to every session folder that they want the invited participants to see. Invited participants can also upload their own files to the session folder where the account user has invited them, and these files are visible to all individuals accessing the session folder. Account users and invited participants can also copy these files to their own devices after they have been uploaded to the session folder.<\/p>\n<\/details>\n\n\n\n<details class=\"wp-block-details animated fadeIn is-layout-flow wp-block-details-is-layout-flow\"><summary><strong><strong>Invited participants -<\/strong>&nbsp;<strong>Visits to the session folder<\/strong><\/strong><\/summary>\n<p>Anyone with access rights to the session folder can visit it at any time and from any location with internet access. While there can be many invited participants, a maximum of ten (10) people can be logged into the session folder simultaneously.<\/p>\n<\/details>\n\n\n\n<details class=\"wp-block-details animated fadeIn is-layout-flow wp-block-details-is-layout-flow\"><summary><strong><strong>Simultaneous meeting in the session folder - number of participants<\/strong><\/strong><\/summary>\n<p>The account owner, a concurrent user, or an invited participant can arrange, if desired, a simultaneous meeting within the session folder with other authorized participants. During this meeting, all or some of the authorized participants will log into the session folder at the agreed time. The maximum number of people in simultaneous meetings is ten (10).<\/p>\n<\/details>\n\n\n\n<details class=\"wp-block-details animated fadeIn is-layout-flow wp-block-details-is-layout-flow\"><summary><strong><strong>Opening a video call \/ audio call in the session folder<\/strong><\/strong><\/summary>\n<p>For video conferencing in Edico session folders, the host or participant can initiate a video call where both video and audio can be used interactively among all meeting participants. The individual initiating the video call needs to use either Google or Facebook credentials. After initiation, other participants can join the video conference directly within the session without needing credentials. Audio-only communication is also possible via phone if there are any disruptions in the video connection. File presentations can also be effectively managed in this manner.<\/p>\n<\/details>\n\n\n\n<details class=\"wp-block-details animated fadeIn is-layout-flow wp-block-details-is-layout-flow\"><summary>&nbsp;<strong>Chat window for text messages<\/strong><\/summary>\n<p>The session folder has a chat window for interactive text messages. The text conversation accumulated in the window can be saved to the file list as a memo, for example. It can also be modified interactively between and by each of the participants.<\/p>\n<\/details>\n\n\n\n<details class=\"wp-block-details animated fadeIn is-layout-flow wp-block-details-is-layout-flow\"><summary><strong>Simultaneous meeting in the session folder and number of participants<\/strong><\/summary>\n<p>Anyone with access rights to the session folder can visit it at any time and from any location with internet access. While there can be many invited participants, a maximum of ten (10) people can be logged into the session folder simultaneously.<\/p>\n<\/details>\n\n\n\n<details class=\"wp-block-details animated fadeIn is-layout-flow wp-block-details-is-layout-flow\"><summary><strong><strong>Trial and starting pricing<\/strong><\/strong><\/summary>\n<p>You can trial the Edico G product session folder by opening a free (48-hour) Edico Lite session folder. The price for the Edico G product is xx \u20ac\/month or xx \u20ac\/year.&nbsp;&nbsp;&nbsp;&nbsp;&nbsp;&nbsp;&nbsp;&nbsp;&nbsp;&nbsp;&nbsp;&nbsp;&nbsp;&nbsp;&nbsp;&nbsp;&nbsp;&nbsp;&nbsp;&nbsp;&nbsp;&nbsp;&nbsp;<\/p>\n<\/details>\n\n\n\n<div class=\"wp-block-group is-nowrap is-layout-flex wp-container-core-group-is-layout-6c531013 wp-block-group-is-layout-flex\">\n<div class=\"wp-block-buttons is-layout-flex wp-block-buttons-is-layout-flex\">\n<div class=\"wp-block-button animated pulse o-anim-hover\"><a class=\"wp-block-button__link has-background wp-element-button\" href=\"mailto:(info@edicto.fi)\" style=\"border-radius:20px;background-color:#ff5153\"><strong>Reserve Edico G!<\/strong><\/a><\/div>\n<\/div>\n\n\n\n<div class=\"wp-block-buttons is-layout-flex wp-block-buttons-is-layout-flex\"><\/div>\n<\/div>","protected":false},"excerpt":{"rendered":"<p>Tuote on tulossa myyntiin my\u00f6hemmin ilmoitettavana ajankohtana! Edico G lyhyesti Edico G on tiedostonjakopalvelu, jota voit k\u00e4ytt\u00e4\u00e4 ryhm\u00e4n\u00e4 eli tilill\u00e4 voi olla useita k\u00e4ytt\u00e4ji\u00e4, mutta vain yksi tilinomistaja. K\u00e4ytt\u00e4j\u00e4t voivat jakaa tiedostojaan t\u00e4m\u00e4n palvelun kautta. Jokainen k\u00e4ytt\u00e4j\u00e4 voi kutsua osallistujia jokaiseen istuntokansioon. K\u00e4ytt\u00e4j\u00e4t voivat pit\u00e4\u00e4 videokokouksia, joissa on korkeintaan 10 osanottajaa. K\u00e4ytt\u00e4j\u00e4t voivat kirjoittaa toisilleen [&hellip;]<\/p>\n","protected":false},"author":1,"featured_media":0,"parent":0,"menu_order":5,"comment_status":"closed","ping_status":"closed","template":"","meta":{"footnotes":""},"class_list":["post-1337","page","type-page","status-publish","hentry"],"yoast_head":"<!-- This site is optimized with the Yoast SEO plugin v27.1.1 - https:\/\/yoast.com\/product\/yoast-seo-wordpress\/ -->\n<title>Tuote Edico G - EDICO<\/title>\n<meta name=\"robots\" content=\"index, follow, max-snippet:-1, max-image-preview:large, max-video-preview:-1\" \/>\n<link rel=\"canonical\" href=\"https:\/\/wp.edico.fi\/en\/edico-g\/\" \/>\n<meta property=\"og:locale\" content=\"en_US\" \/>\n<meta property=\"og:type\" content=\"article\" \/>\n<meta property=\"og:title\" content=\"Tuote Edico G - EDICO\" \/>\n<meta property=\"og:description\" content=\"Tuote on tulossa myyntiin my\u00f6hemmin ilmoitettavana ajankohtana! Edico G lyhyesti Edico G on tiedostonjakopalvelu, jota voit k\u00e4ytt\u00e4\u00e4 ryhm\u00e4n\u00e4 eli tilill\u00e4 voi olla useita k\u00e4ytt\u00e4ji\u00e4, mutta vain yksi tilinomistaja. K\u00e4ytt\u00e4j\u00e4t voivat jakaa tiedostojaan t\u00e4m\u00e4n palvelun kautta. Jokainen k\u00e4ytt\u00e4j\u00e4 voi kutsua osallistujia jokaiseen istuntokansioon. K\u00e4ytt\u00e4j\u00e4t voivat pit\u00e4\u00e4 videokokouksia, joissa on korkeintaan 10 osanottajaa. K\u00e4ytt\u00e4j\u00e4t voivat kirjoittaa toisilleen [&hellip;]\" \/>\n<meta property=\"og:url\" content=\"https:\/\/wp.edico.fi\/en\/edico-g\/\" \/>\n<meta property=\"og:site_name\" content=\"EDICO\" \/>\n<meta property=\"article:modified_time\" content=\"2025-08-30T06:54:23+00:00\" \/>\n<meta name=\"twitter:card\" content=\"summary_large_image\" \/>\n<meta name=\"twitter:label1\" content=\"Est. reading time\" \/>\n\t<meta name=\"twitter:data1\" content=\"3 minutes\" \/>\n<script type=\"application\/ld+json\" class=\"yoast-schema-graph\">{\"@context\":\"https:\/\/schema.org\",\"@graph\":[{\"@type\":\"WebPage\",\"@id\":\"https:\/\/wp.edico.fi\/edico-g\/\",\"url\":\"https:\/\/wp.edico.fi\/edico-g\/\",\"name\":\"Tuote Edico G - EDICO\",\"isPartOf\":{\"@id\":\"https:\/\/wp.edico.fi\/#website\"},\"datePublished\":\"2023-11-13T09:20:31+00:00\",\"dateModified\":\"2025-08-30T06:54:23+00:00\",\"breadcrumb\":{\"@id\":\"https:\/\/wp.edico.fi\/edico-g\/#breadcrumb\"},\"inLanguage\":\"en-US\",\"potentialAction\":[{\"@type\":\"ReadAction\",\"target\":[\"https:\/\/wp.edico.fi\/edico-g\/\"]}]},{\"@type\":\"BreadcrumbList\",\"@id\":\"https:\/\/wp.edico.fi\/edico-g\/#breadcrumb\",\"itemListElement\":[{\"@type\":\"ListItem\",\"position\":1,\"name\":\"Etusivu\",\"item\":\"https:\/\/wp.edico.fi\/\"},{\"@type\":\"ListItem\",\"position\":2,\"name\":\"Tuote Edico G\"}]},{\"@type\":\"WebSite\",\"@id\":\"https:\/\/wp.edico.fi\/#website\",\"url\":\"https:\/\/wp.edico.fi\/\",\"name\":\"EDICO\",\"description\":\"Turvallinen paikkasi\",\"publisher\":{\"@id\":\"https:\/\/wp.edico.fi\/#organization\"},\"potentialAction\":[{\"@type\":\"SearchAction\",\"target\":{\"@type\":\"EntryPoint\",\"urlTemplate\":\"https:\/\/wp.edico.fi\/?s={search_term_string}\"},\"query-input\":{\"@type\":\"PropertyValueSpecification\",\"valueRequired\":true,\"valueName\":\"search_term_string\"}}],\"inLanguage\":\"en-US\"},{\"@type\":\"Organization\",\"@id\":\"https:\/\/wp.edico.fi\/#organization\",\"name\":\"EDICO\",\"url\":\"https:\/\/wp.edico.fi\/\",\"logo\":{\"@type\":\"ImageObject\",\"inLanguage\":\"en-US\",\"@id\":\"https:\/\/wp.edico.fi\/#\/schema\/logo\/image\/\",\"url\":\"https:\/\/wp.edico.fi\/wp-content\/uploads\/2023\/09\/edicologo.png\",\"contentUrl\":\"https:\/\/wp.edico.fi\/wp-content\/uploads\/2023\/09\/edicologo.png\",\"width\":383,\"height\":383,\"caption\":\"EDICO\"},\"image\":{\"@id\":\"https:\/\/wp.edico.fi\/#\/schema\/logo\/image\/\"}}]}<\/script>\n<!-- \/ Yoast SEO plugin. -->","yoast_head_json":{"title":"Tuote Edico G - EDICO","robots":{"index":"index","follow":"follow","max-snippet":"max-snippet:-1","max-image-preview":"max-image-preview:large","max-video-preview":"max-video-preview:-1"},"canonical":"https:\/\/wp.edico.fi\/en\/edico-g\/","og_locale":"en_US","og_type":"article","og_title":"Tuote Edico G - EDICO","og_description":"Tuote on tulossa myyntiin my\u00f6hemmin ilmoitettavana ajankohtana! Edico G lyhyesti Edico G on tiedostonjakopalvelu, jota voit k\u00e4ytt\u00e4\u00e4 ryhm\u00e4n\u00e4 eli tilill\u00e4 voi olla useita k\u00e4ytt\u00e4ji\u00e4, mutta vain yksi tilinomistaja. K\u00e4ytt\u00e4j\u00e4t voivat jakaa tiedostojaan t\u00e4m\u00e4n palvelun kautta. Jokainen k\u00e4ytt\u00e4j\u00e4 voi kutsua osallistujia jokaiseen istuntokansioon. K\u00e4ytt\u00e4j\u00e4t voivat pit\u00e4\u00e4 videokokouksia, joissa on korkeintaan 10 osanottajaa. K\u00e4ytt\u00e4j\u00e4t voivat kirjoittaa toisilleen [&hellip;]","og_url":"https:\/\/wp.edico.fi\/en\/edico-g\/","og_site_name":"EDICO","article_modified_time":"2025-08-30T06:54:23+00:00","twitter_card":"summary_large_image","twitter_misc":{"Est. reading time":"3 minutes"},"schema":{"@context":"https:\/\/schema.org","@graph":[{"@type":"WebPage","@id":"https:\/\/wp.edico.fi\/edico-g\/","url":"https:\/\/wp.edico.fi\/edico-g\/","name":"Tuote Edico G - EDICO","isPartOf":{"@id":"https:\/\/wp.edico.fi\/#website"},"datePublished":"2023-11-13T09:20:31+00:00","dateModified":"2025-08-30T06:54:23+00:00","breadcrumb":{"@id":"https:\/\/wp.edico.fi\/edico-g\/#breadcrumb"},"inLanguage":"en-US","potentialAction":[{"@type":"ReadAction","target":["https:\/\/wp.edico.fi\/edico-g\/"]}]},{"@type":"BreadcrumbList","@id":"https:\/\/wp.edico.fi\/edico-g\/#breadcrumb","itemListElement":[{"@type":"ListItem","position":1,"name":"Etusivu","item":"https:\/\/wp.edico.fi\/"},{"@type":"ListItem","position":2,"name":"Tuote Edico G"}]},{"@type":"WebSite","@id":"https:\/\/wp.edico.fi\/#website","url":"https:\/\/wp.edico.fi\/","name":"EDICO","description":"Turvallinen paikkasi","publisher":{"@id":"https:\/\/wp.edico.fi\/#organization"},"potentialAction":[{"@type":"SearchAction","target":{"@type":"EntryPoint","urlTemplate":"https:\/\/wp.edico.fi\/?s={search_term_string}"},"query-input":{"@type":"PropertyValueSpecification","valueRequired":true,"valueName":"search_term_string"}}],"inLanguage":"en-US"},{"@type":"Organization","@id":"https:\/\/wp.edico.fi\/#organization","name":"EDICO","url":"https:\/\/wp.edico.fi\/","logo":{"@type":"ImageObject","inLanguage":"en-US","@id":"https:\/\/wp.edico.fi\/#\/schema\/logo\/image\/","url":"https:\/\/wp.edico.fi\/wp-content\/uploads\/2023\/09\/edicologo.png","contentUrl":"https:\/\/wp.edico.fi\/wp-content\/uploads\/2023\/09\/edicologo.png","width":383,"height":383,"caption":"EDICO"},"image":{"@id":"https:\/\/wp.edico.fi\/#\/schema\/logo\/image\/"}}]}},"_links":{"self":[{"href":"https:\/\/wp.edico.fi\/en\/wp-json\/wp\/v2\/pages\/1337","targetHints":{"allow":["GET"]}}],"collection":[{"href":"https:\/\/wp.edico.fi\/en\/wp-json\/wp\/v2\/pages"}],"about":[{"href":"https:\/\/wp.edico.fi\/en\/wp-json\/wp\/v2\/types\/page"}],"author":[{"embeddable":true,"href":"https:\/\/wp.edico.fi\/en\/wp-json\/wp\/v2\/users\/1"}],"replies":[{"embeddable":true,"href":"https:\/\/wp.edico.fi\/en\/wp-json\/wp\/v2\/comments?post=1337"}],"version-history":[{"count":58,"href":"https:\/\/wp.edico.fi\/en\/wp-json\/wp\/v2\/pages\/1337\/revisions"}],"predecessor-version":[{"id":4196,"href":"https:\/\/wp.edico.fi\/en\/wp-json\/wp\/v2\/pages\/1337\/revisions\/4196"}],"wp:attachment":[{"href":"https:\/\/wp.edico.fi\/en\/wp-json\/wp\/v2\/media?parent=1337"}],"curies":[{"name":"wp","href":"https:\/\/api.w.org\/{rel}","templated":true}]}}