{"id":1335,"date":"2023-11-13T11:20:18","date_gmt":"2023-11-13T09:20:18","guid":{"rendered":"http:\/\/localhost\/wordpress-6.3\/wordpress\/?page_id=1335"},"modified":"2025-08-30T09:55:54","modified_gmt":"2025-08-30T06:55:54","slug":"edico-c","status":"publish","type":"page","link":"https:\/\/wp.edico.fi\/en\/edico-c\/","title":{"rendered":"Tuote Edico C"},"content":{"rendered":"<p class=\"animated fadeInDown\">The product is going on sale.<\/p>\n\n\n\n<p class=\"animated fadeInDown\"><strong><strong>Edico C in brief<\/strong><\/strong><\/p>\n\n\n\n<p class=\"animated fadeInDown\">Edico C is a personal file-sharing service with a single account owner. The product allows the creation of only so-called confidential session folders, to which the account owner can invite multiple participants. In each session folder, the account owner can view all the files uploaded to the folder, but invited participants can only see their own files.<br>In each session folder, simultaneous video meetings can be held, during which all participants will hear the spoken content. If there is a need for confidential discussions within a subgroup, the subgroup can either move to another session folder to conduct the discussions or handle them via phone.<\/p>\n\n\n\n<p class=\"animated fadeInDown\">Files and messages remain in the session folders and can be reviewed later.<\/p>\n\n\n\n<p class=\"animated fadeInDown\"><strong>General<\/strong><\/p>\n\n\n\n<p class=\"animated fadeInDown\">The Edico C product has an account with a single account owner. The Edico service operates on various devices, including mobile devices.<\/p>\n\n\n\n<details class=\"wp-block-details animated fadeIn is-layout-flow wp-block-details-is-layout-flow\"><summary><strong><strong>Account owner, invited participants, and session folders<\/strong><\/strong><\/summary>\n<p>The account owner can create an unlimited number of randomly numbered confidential folders on their internet-based account. For each folder, the account owner can invite a selected number of participants. The account owner can view all files within each session folder, while invited participants can only see their own files. <\/p>\n<\/details>\n\n\n\n<details class=\"wp-block-details animated fadeIn is-layout-flow wp-block-details-is-layout-flow\"><summary><strong><strong>Participants in the folder - sharing files<\/strong><\/strong><\/summary>\n<p>In each folder, the account owner can upload individual files that he wants only the participant invited to that folder to see. Invited participants can also upload their own files to the folder to which the account owner has invited them and which files they and only the account owner can see. Both the account holder and invitees can use txt files to edit their text and communicate with each other, also on their mobile devices.<\/p>\n<\/details>\n\n\n\n<details class=\"wp-block-details animated fadeIn is-layout-flow wp-block-details-is-layout-flow\"><summary><strong><strong>Invited participants -<\/strong>&nbsp;<strong>Visits to the session folder, number of visitors<\/strong><\/strong><\/summary>\n<p>In the session folder, anyone with access rights can visit at any time from anywhere they have internet access on their device. While there can be many invitees, a maximum of ten (10) visitors can be logged into the session folder simultaneously.<\/p>\n<\/details>\n\n\n\n<details class=\"wp-block-details animated fadeIn is-layout-flow wp-block-details-is-layout-flow\"><summary><strong>Concurrent meeting in the session folder<\/strong><\/summary>\n<p>If desired, the account holder or an invited participant can agree to hold a simultaneous meeting in the session folder. For a video conference, the inviter or participant can open a video connection in the Edico session folder. It can use both image and sound or only sound interactively between the meeting participants. Anyone who opens a video connection has to use Google or Facebook credentials. After opening, another participant can join the video conference in the session directly without credentials. It is always possible to have a voice connection through a telephone connection, if the video connection happens to be interrupted. Viewing files is handled well this way as well.<\/p>\n<\/details>\n\n\n\n<details class=\"wp-block-details animated fadeIn is-layout-flow wp-block-details-is-layout-flow\"><summary><strong>Chat - a window for information<\/strong><\/summary>\n<p>In the session, there is a chat window for participants to send text messages to other participants. A participant can save a message in the folder as a .txt file, which can be edited and will be visible to everyone.<\/p>\n<\/details>\n\n\n\n<details class=\"wp-block-details animated fadeIn is-layout-flow wp-block-details-is-layout-flow\"><summary><strong>Preliminary price<\/strong><\/summary>\n<p>The preliminary price is XX \u20ac\/month.<\/p>\n<\/details>\n\n\n\n<div class=\"wp-block-group is-nowrap is-layout-flex wp-container-core-group-is-layout-6c531013 wp-block-group-is-layout-flex\">\n<div class=\"wp-block-buttons is-layout-flex wp-block-buttons-is-layout-flex\">\n<div class=\"wp-block-button animated pulse o-anim-hover\"><a class=\"wp-block-button__link has-background wp-element-button\" href=\"mailto:(info@edicto.fi)\" style=\"border-radius:20px;background-color:#ff5153\"><strong>Reserve Edico C!<\/strong><\/a><\/div>\n<\/div>\n\n\n\n<div class=\"wp-block-buttons is-layout-flex wp-block-buttons-is-layout-flex\"><\/div>\n<\/div>","protected":false},"excerpt":{"rendered":"<p>Tuote on tulossa myyntiin. Edico C lyhyesti Edico C on henkil\u00f6kohtainen tiedostonjakopalvelu eli sill\u00e4 on vain yksi tilinomistaja. Tuotteelle voi avata vain nk. luottamuksellisia istuntokansioita, joihin tilinomistaja voi kutsua useita osanottajia. Jokaisessa istuntokansiossa tilinomistaja n\u00e4kee kaikki kansioon ladatut tiedostot, mutta kutsutut osanottajat n\u00e4kev\u00e4t vain omat tiedostonsa.Jokaisessa istuntokansiossa voi pit\u00e4\u00e4 samanaikaisia videokokouksia, jolloin kuitenkin kaikki osanottajat [&hellip;]<\/p>\n","protected":false},"author":1,"featured_media":0,"parent":0,"menu_order":6,"comment_status":"closed","ping_status":"closed","template":"","meta":{"footnotes":""},"class_list":["post-1335","page","type-page","status-publish","hentry"],"yoast_head":"<!-- This site is optimized with the Yoast SEO plugin v27.1.1 - https:\/\/yoast.com\/product\/yoast-seo-wordpress\/ -->\n<title>Tuote Edico C - EDICO<\/title>\n<meta name=\"robots\" content=\"index, follow, max-snippet:-1, max-image-preview:large, max-video-preview:-1\" \/>\n<link rel=\"canonical\" href=\"https:\/\/wp.edico.fi\/en\/edico-c\/\" \/>\n<meta property=\"og:locale\" content=\"en_US\" \/>\n<meta property=\"og:type\" content=\"article\" \/>\n<meta property=\"og:title\" content=\"Tuote Edico C - EDICO\" \/>\n<meta property=\"og:description\" content=\"Tuote on tulossa myyntiin. Edico C lyhyesti Edico C on henkil\u00f6kohtainen tiedostonjakopalvelu eli sill\u00e4 on vain yksi tilinomistaja. Tuotteelle voi avata vain nk. luottamuksellisia istuntokansioita, joihin tilinomistaja voi kutsua useita osanottajia. Jokaisessa istuntokansiossa tilinomistaja n\u00e4kee kaikki kansioon ladatut tiedostot, mutta kutsutut osanottajat n\u00e4kev\u00e4t vain omat tiedostonsa.Jokaisessa istuntokansiossa voi pit\u00e4\u00e4 samanaikaisia videokokouksia, jolloin kuitenkin kaikki osanottajat [&hellip;]\" \/>\n<meta property=\"og:url\" content=\"https:\/\/wp.edico.fi\/en\/edico-c\/\" \/>\n<meta property=\"og:site_name\" content=\"EDICO\" \/>\n<meta property=\"article:modified_time\" content=\"2025-08-30T06:55:54+00:00\" \/>\n<meta name=\"twitter:card\" content=\"summary_large_image\" \/>\n<meta name=\"twitter:label1\" content=\"Est. reading time\" \/>\n\t<meta name=\"twitter:data1\" content=\"2 minutes\" \/>\n<script type=\"application\/ld+json\" class=\"yoast-schema-graph\">{\"@context\":\"https:\/\/schema.org\",\"@graph\":[{\"@type\":\"WebPage\",\"@id\":\"https:\/\/wp.edico.fi\/edico-c\/\",\"url\":\"https:\/\/wp.edico.fi\/edico-c\/\",\"name\":\"Tuote Edico C - EDICO\",\"isPartOf\":{\"@id\":\"https:\/\/wp.edico.fi\/#website\"},\"datePublished\":\"2023-11-13T09:20:18+00:00\",\"dateModified\":\"2025-08-30T06:55:54+00:00\",\"breadcrumb\":{\"@id\":\"https:\/\/wp.edico.fi\/edico-c\/#breadcrumb\"},\"inLanguage\":\"en-US\",\"potentialAction\":[{\"@type\":\"ReadAction\",\"target\":[\"https:\/\/wp.edico.fi\/edico-c\/\"]}]},{\"@type\":\"BreadcrumbList\",\"@id\":\"https:\/\/wp.edico.fi\/edico-c\/#breadcrumb\",\"itemListElement\":[{\"@type\":\"ListItem\",\"position\":1,\"name\":\"Etusivu\",\"item\":\"https:\/\/wp.edico.fi\/\"},{\"@type\":\"ListItem\",\"position\":2,\"name\":\"Tuote Edico C\"}]},{\"@type\":\"WebSite\",\"@id\":\"https:\/\/wp.edico.fi\/#website\",\"url\":\"https:\/\/wp.edico.fi\/\",\"name\":\"EDICO\",\"description\":\"Turvallinen paikkasi\",\"publisher\":{\"@id\":\"https:\/\/wp.edico.fi\/#organization\"},\"potentialAction\":[{\"@type\":\"SearchAction\",\"target\":{\"@type\":\"EntryPoint\",\"urlTemplate\":\"https:\/\/wp.edico.fi\/?s={search_term_string}\"},\"query-input\":{\"@type\":\"PropertyValueSpecification\",\"valueRequired\":true,\"valueName\":\"search_term_string\"}}],\"inLanguage\":\"en-US\"},{\"@type\":\"Organization\",\"@id\":\"https:\/\/wp.edico.fi\/#organization\",\"name\":\"EDICO\",\"url\":\"https:\/\/wp.edico.fi\/\",\"logo\":{\"@type\":\"ImageObject\",\"inLanguage\":\"en-US\",\"@id\":\"https:\/\/wp.edico.fi\/#\/schema\/logo\/image\/\",\"url\":\"https:\/\/wp.edico.fi\/wp-content\/uploads\/2023\/09\/edicologo.png\",\"contentUrl\":\"https:\/\/wp.edico.fi\/wp-content\/uploads\/2023\/09\/edicologo.png\",\"width\":383,\"height\":383,\"caption\":\"EDICO\"},\"image\":{\"@id\":\"https:\/\/wp.edico.fi\/#\/schema\/logo\/image\/\"}}]}<\/script>\n<!-- \/ Yoast SEO plugin. -->","yoast_head_json":{"title":"Tuote Edico C - EDICO","robots":{"index":"index","follow":"follow","max-snippet":"max-snippet:-1","max-image-preview":"max-image-preview:large","max-video-preview":"max-video-preview:-1"},"canonical":"https:\/\/wp.edico.fi\/en\/edico-c\/","og_locale":"en_US","og_type":"article","og_title":"Tuote Edico C - EDICO","og_description":"Tuote on tulossa myyntiin. Edico C lyhyesti Edico C on henkil\u00f6kohtainen tiedostonjakopalvelu eli sill\u00e4 on vain yksi tilinomistaja. Tuotteelle voi avata vain nk. luottamuksellisia istuntokansioita, joihin tilinomistaja voi kutsua useita osanottajia. Jokaisessa istuntokansiossa tilinomistaja n\u00e4kee kaikki kansioon ladatut tiedostot, mutta kutsutut osanottajat n\u00e4kev\u00e4t vain omat tiedostonsa.Jokaisessa istuntokansiossa voi pit\u00e4\u00e4 samanaikaisia videokokouksia, jolloin kuitenkin kaikki osanottajat [&hellip;]","og_url":"https:\/\/wp.edico.fi\/en\/edico-c\/","og_site_name":"EDICO","article_modified_time":"2025-08-30T06:55:54+00:00","twitter_card":"summary_large_image","twitter_misc":{"Est. reading time":"2 minutes"},"schema":{"@context":"https:\/\/schema.org","@graph":[{"@type":"WebPage","@id":"https:\/\/wp.edico.fi\/edico-c\/","url":"https:\/\/wp.edico.fi\/edico-c\/","name":"Tuote Edico C - EDICO","isPartOf":{"@id":"https:\/\/wp.edico.fi\/#website"},"datePublished":"2023-11-13T09:20:18+00:00","dateModified":"2025-08-30T06:55:54+00:00","breadcrumb":{"@id":"https:\/\/wp.edico.fi\/edico-c\/#breadcrumb"},"inLanguage":"en-US","potentialAction":[{"@type":"ReadAction","target":["https:\/\/wp.edico.fi\/edico-c\/"]}]},{"@type":"BreadcrumbList","@id":"https:\/\/wp.edico.fi\/edico-c\/#breadcrumb","itemListElement":[{"@type":"ListItem","position":1,"name":"Etusivu","item":"https:\/\/wp.edico.fi\/"},{"@type":"ListItem","position":2,"name":"Tuote Edico C"}]},{"@type":"WebSite","@id":"https:\/\/wp.edico.fi\/#website","url":"https:\/\/wp.edico.fi\/","name":"EDICO","description":"Turvallinen paikkasi","publisher":{"@id":"https:\/\/wp.edico.fi\/#organization"},"potentialAction":[{"@type":"SearchAction","target":{"@type":"EntryPoint","urlTemplate":"https:\/\/wp.edico.fi\/?s={search_term_string}"},"query-input":{"@type":"PropertyValueSpecification","valueRequired":true,"valueName":"search_term_string"}}],"inLanguage":"en-US"},{"@type":"Organization","@id":"https:\/\/wp.edico.fi\/#organization","name":"EDICO","url":"https:\/\/wp.edico.fi\/","logo":{"@type":"ImageObject","inLanguage":"en-US","@id":"https:\/\/wp.edico.fi\/#\/schema\/logo\/image\/","url":"https:\/\/wp.edico.fi\/wp-content\/uploads\/2023\/09\/edicologo.png","contentUrl":"https:\/\/wp.edico.fi\/wp-content\/uploads\/2023\/09\/edicologo.png","width":383,"height":383,"caption":"EDICO"},"image":{"@id":"https:\/\/wp.edico.fi\/#\/schema\/logo\/image\/"}}]}},"_links":{"self":[{"href":"https:\/\/wp.edico.fi\/en\/wp-json\/wp\/v2\/pages\/1335","targetHints":{"allow":["GET"]}}],"collection":[{"href":"https:\/\/wp.edico.fi\/en\/wp-json\/wp\/v2\/pages"}],"about":[{"href":"https:\/\/wp.edico.fi\/en\/wp-json\/wp\/v2\/types\/page"}],"author":[{"embeddable":true,"href":"https:\/\/wp.edico.fi\/en\/wp-json\/wp\/v2\/users\/1"}],"replies":[{"embeddable":true,"href":"https:\/\/wp.edico.fi\/en\/wp-json\/wp\/v2\/comments?post=1335"}],"version-history":[{"count":56,"href":"https:\/\/wp.edico.fi\/en\/wp-json\/wp\/v2\/pages\/1335\/revisions"}],"predecessor-version":[{"id":4197,"href":"https:\/\/wp.edico.fi\/en\/wp-json\/wp\/v2\/pages\/1335\/revisions\/4197"}],"wp:attachment":[{"href":"https:\/\/wp.edico.fi\/en\/wp-json\/wp\/v2\/media?parent=1335"}],"curies":[{"name":"wp","href":"https:\/\/api.w.org\/{rel}","templated":true}]}}